{"id":205,"date":"2020-10-22T16:31:59","date_gmt":"2020-10-22T14:31:59","guid":{"rendered":"https:\/\/cfr-psy.ruhr-uni-bochum.de\/?page_id=205"},"modified":"2021-01-15T17:13:23","modified_gmt":"2021-01-15T16:13:23","slug":"impressum","status":"publish","type":"page","link":"https:\/\/cfr-psy.ruhr-uni-bochum.de\/en\/impressum\/","title":{"rendered":"Impressum"},"content":{"rendered":"<div data-elementor-type=\"wp-page\" data-elementor-id=\"205\" class=\"elementor elementor-205\">\n\t\t\t\t\t\t<section class=\"elementor-section elementor-top-section elementor-element elementor-element-fb7dc88 elementor-section-boxed elementor-section-height-default elementor-section-height-default\" data-id=\"fb7dc88\" data-element_type=\"section\" data-e-type=\"section\">\n\t\t\t\t\t\t<div class=\"elementor-container elementor-column-gap-default\">\n\t\t\t\t\t<div class=\"elementor-column elementor-col-100 elementor-top-column elementor-element elementor-element-f1c7d28\" data-id=\"f1c7d28\" data-element_type=\"column\" data-e-type=\"column\">\n\t\t\t<div class=\"elementor-widget-wrap elementor-element-populated\">\n\t\t\t\t\t\t<div class=\"elementor-element elementor-element-c9ab5c3 elementor-widget elementor-widget-text-editor\" data-id=\"c9ab5c3\" data-element_type=\"widget\" data-e-type=\"widget\" data-widget_type=\"text-editor.default\">\n\t\t\t\t<div class=\"elementor-widget-container\">\n\t\t\t\t\t\t\t\t\t<h3><span style=\"color: #000000;\">Impressum<\/span><\/h3><p><span style=\"color: #000000;\"><strong>Anschrift:<\/strong><\/span><br \/><span style=\"color: #000000;\">Ruhr-Universit\u00e4t Bochum<\/span><br \/><span style=\"color: #000000;\">Universit\u00e4tsstra\u00dfe 150<\/span><br \/><span style=\"color: #000000;\">44801 Bochum<\/span><br \/><span style=\"color: #000000;\">Tel.: 0234 32-201<\/span><br \/><span style=\"color: #000000;\">Fax: 0234 32-14201<\/span><\/p><p><span style=\"color: #000000;\">Die Ruhr-Universit\u00e4t ist eine K\u00f6rperschaft des \u00d6ffentlichen Rechts. Sie wird durch ihren Rektor Herrn Prof. Dr. Axel Sch\u00f6lmerich\u00a0gesetzlich vertreten.<\/span><br \/><span style=\"color: #000000;\">Zust\u00e4ndige Aufsichtsbeh\u00f6rde ist das Ministerium f\u00fcr Kultur und Wissenschaft des Landes Nordrhein-Westfalen, V\u00f6lklinger Stra\u00dfe 49, 40221 D\u00fcsseldorf.<\/span><br \/><span style=\"color: #000000;\">Umsatzsteuer-Identifikationsnummer: DE 127 056 261<\/span><\/p><p><span style=\"color: #000000;\"><strong>Inhaltliche und technische Verantwortung:<\/strong><\/span><br \/><span style=\"color: #000000;\">Ruhr-Universit\u00e4t Bochum<\/span><br \/><span style=\"color: #000000;\">Fakult\u00e4t f\u00fcr Psychologie<\/span><br \/><span style=\"color: #000000;\">Child and Family Research<\/span><br \/><span style=\"color: #000000;\">Dr. Julian Busch<\/span><br \/><span style=\"color: #000000;\">Universit\u00e4tsstr. 150<\/span><br \/><span style=\"color: #000000;\">D-44801 Bochum<\/span><br \/><span style=\"color: #000000;\">Tel. 0234-32-22450<\/span><br \/><span style=\"color: #000000;\">E-Mail:\u00a0<a style=\"color: #000000;\" href=\"mailto:julian.busch@rub.de\">julian.busch@rub.de<\/a><\/span><\/p><p><span style=\"color: #000000;\"><strong>Rechtliche Hinweise:<\/strong><\/span><br \/><span style=\"color: #000000;\">Urheber aller Texte, des Layouts und, soweit nicht gesondert gekennzeichnet, der Fotos auf allen Internetseiten, die auf dieses Impressum verweisen, ist die Arbeitseinheit Child and Family Research. Die Inhalte sind urheberrechtlich gesch\u00fctzt. Die Ruhr-Universit\u00e4t Bochum \u00fcbernimmt keine Gew\u00e4hr f\u00fcr die Richtigkeit und Vollst\u00e4ndigkeit der Internetseiten, die auf dieses Impressum verweisen. Das gleiche gilt f\u00fcr die Inhalte verlinkter Seiten.<\/span><\/p>\t\t\t\t\t\t\t\t<\/div>\n\t\t\t\t<\/div>\n\t\t\t\t\t<\/div>\n\t\t<\/div>\n\t\t\t\t\t<\/div>\n\t\t<\/section>\n\t\t\t\t<\/div>","protected":false},"excerpt":{"rendered":"<p>Impressum Anschrift:Ruhr-Universit\u00e4t BochumUniversit\u00e4tsstra\u00dfe 15044801 BochumTel.: 0234 32-201Fax: 0234 32-14201 Die Ruhr-Universit\u00e4t ist eine K\u00f6rperschaft des \u00d6ffentlichen Rechts. Sie wird durch ihren Rektor Herrn Prof. Dr. Axel Sch\u00f6lmerich\u00a0gesetzlich vertreten.Zust\u00e4ndige Aufsichtsbeh\u00f6rde ist das Ministerium f\u00fcr Kultur und Wissenschaft des Landes Nordrhein-Westfalen, V\u00f6lklinger Stra\u00dfe 49, 40221 D\u00fcsseldorf.Umsatzsteuer-Identifikationsnummer: DE 127 056 261 Inhaltliche und technische Verantwortung:Ruhr-Universit\u00e4t BochumFakult\u00e4t f\u00fcr PsychologieChild&hellip;&nbsp;<a href=\"https:\/\/cfr-psy.ruhr-uni-bochum.de\/en\/impressum\/\" class=\"\" rel=\"bookmark\">Read More &raquo;<span class=\"screen-reader-text\">Impressum<\/span><\/a><\/p>","protected":false},"author":2,"featured_media":0,"parent":0,"menu_order":0,"comment_status":"closed","ping_status":"closed","template":"page-templates\/template-pagebuilder-full-width.php","meta":{"kia_subtitle":"","neve_meta_sidebar":"full-width","neve_meta_container":"","neve_meta_enable_content_width":"on","neve_meta_content_width":100,"neve_meta_title_alignment":"","neve_meta_author_avatar":"","neve_post_elements_order":"","neve_meta_disable_header":"","neve_meta_disable_footer":"","neve_meta_disable_title":"","footnotes":""},"class_list":["post-205","page","type-page","status-publish","hentry"],"yoast_head":"<!-- This site is optimized with the Yoast SEO plugin v27.3 - https:\/\/yoast.com\/product\/yoast-seo-wordpress\/ -->\n<title>Impressum - Child and Family Research<\/title>\n<meta name=\"robots\" content=\"index, follow, max-snippet:-1, max-image-preview:large, max-video-preview:-1\" \/>\n<link rel=\"canonical\" href=\"https:\/\/cfr-psy.ruhr-uni-bochum.de\/en\/impressum\/\" \/>\n<meta property=\"og:locale\" content=\"en_GB\" \/>\n<meta property=\"og:type\" content=\"article\" \/>\n<meta property=\"og:title\" content=\"Impressum - Child and Family Research\" \/>\n<meta property=\"og:description\" content=\"Impressum Anschrift:Ruhr-Universit\u00e4t BochumUniversit\u00e4tsstra\u00dfe 15044801 BochumTel.: 0234 32-201Fax: 0234 32-14201 Die Ruhr-Universit\u00e4t ist eine K\u00f6rperschaft des \u00d6ffentlichen Rechts. Sie wird durch ihren Rektor Herrn Prof. Dr. Axel Sch\u00f6lmerich\u00a0gesetzlich vertreten.Zust\u00e4ndige Aufsichtsbeh\u00f6rde ist das Ministerium f\u00fcr Kultur und Wissenschaft des Landes Nordrhein-Westfalen, V\u00f6lklinger Stra\u00dfe 49, 40221 D\u00fcsseldorf.Umsatzsteuer-Identifikationsnummer: DE 127 056 261 Inhaltliche und technische Verantwortung:Ruhr-Universit\u00e4t BochumFakult\u00e4t f\u00fcr PsychologieChild&hellip;&nbsp;Read More &raquo;Impressum\" \/>\n<meta property=\"og:url\" content=\"https:\/\/cfr-psy.ruhr-uni-bochum.de\/en\/impressum\/\" \/>\n<meta property=\"og:site_name\" content=\"Child and Family Research\" \/>\n<meta property=\"article:modified_time\" content=\"2021-01-15T16:13:23+00:00\" \/>\n<meta name=\"twitter:card\" content=\"summary_large_image\" \/>\n<meta name=\"twitter:label1\" content=\"Estimated reading time\" \/>\n\t<meta name=\"twitter:data1\" content=\"1 minute\" \/>\n<script type=\"application\/ld+json\" class=\"yoast-schema-graph\">{\"@context\":\"https:\\\/\\\/schema.org\",\"@graph\":[{\"@type\":\"WebPage\",\"@id\":\"https:\\\/\\\/cfr-psy.ruhr-uni-bochum.de\\\/impressum\\\/\",\"url\":\"https:\\\/\\\/cfr-psy.ruhr-uni-bochum.de\\\/impressum\\\/\",\"name\":\"Impressum - Child and Family Research\",\"isPartOf\":{\"@id\":\"https:\\\/\\\/cfr-psy.ruhr-uni-bochum.de\\\/#website\"},\"datePublished\":\"2020-10-22T14:31:59+00:00\",\"dateModified\":\"2021-01-15T16:13:23+00:00\",\"breadcrumb\":{\"@id\":\"https:\\\/\\\/cfr-psy.ruhr-uni-bochum.de\\\/impressum\\\/#breadcrumb\"},\"inLanguage\":\"en-GB\",\"potentialAction\":[{\"@type\":\"ReadAction\",\"target\":[\"https:\\\/\\\/cfr-psy.ruhr-uni-bochum.de\\\/impressum\\\/\"]}]},{\"@type\":\"BreadcrumbList\",\"@id\":\"https:\\\/\\\/cfr-psy.ruhr-uni-bochum.de\\\/impressum\\\/#breadcrumb\",\"itemListElement\":[{\"@type\":\"ListItem\",\"position\":1,\"name\":\"Startseite\",\"item\":\"https:\\\/\\\/cfr-psy.ruhr-uni-bochum.de\\\/\"},{\"@type\":\"ListItem\",\"position\":2,\"name\":\"Impressum\"}]},{\"@type\":\"WebSite\",\"@id\":\"https:\\\/\\\/cfr-psy.ruhr-uni-bochum.de\\\/#website\",\"url\":\"https:\\\/\\\/cfr-psy.ruhr-uni-bochum.de\\\/\",\"name\":\"Child and Family Research\",\"description\":\"Arbeitsgruppe an der Fakult\u00e4t f\u00fcr Psychologie\",\"publisher\":{\"@id\":\"https:\\\/\\\/cfr-psy.ruhr-uni-bochum.de\\\/#organization\"},\"potentialAction\":[{\"@type\":\"SearchAction\",\"target\":{\"@type\":\"EntryPoint\",\"urlTemplate\":\"https:\\\/\\\/cfr-psy.ruhr-uni-bochum.de\\\/?s={search_term_string}\"},\"query-input\":{\"@type\":\"PropertyValueSpecification\",\"valueRequired\":true,\"valueName\":\"search_term_string\"}}],\"inLanguage\":\"en-GB\"},{\"@type\":\"Organization\",\"@id\":\"https:\\\/\\\/cfr-psy.ruhr-uni-bochum.de\\\/#organization\",\"name\":\"Child and Family Research\",\"url\":\"https:\\\/\\\/cfr-psy.ruhr-uni-bochum.de\\\/\",\"logo\":{\"@type\":\"ImageObject\",\"inLanguage\":\"en-GB\",\"@id\":\"https:\\\/\\\/cfr-psy.ruhr-uni-bochum.de\\\/#\\\/schema\\\/logo\\\/image\\\/\",\"url\":\"https:\\\/\\\/cfr-psy.ruhr-uni-bochum.de\\\/wp-content\\\/uploads\\\/2020\\\/10\\\/cropped-LOGO_CFR__kurz_bunt.png\",\"contentUrl\":\"https:\\\/\\\/cfr-psy.ruhr-uni-bochum.de\\\/wp-content\\\/uploads\\\/2020\\\/10\\\/cropped-LOGO_CFR__kurz_bunt.png\",\"width\":640,\"height\":257,\"caption\":\"Child and Family Research\"},\"image\":{\"@id\":\"https:\\\/\\\/cfr-psy.ruhr-uni-bochum.de\\\/#\\\/schema\\\/logo\\\/image\\\/\"}}]}<\/script>\n<!-- \/ Yoast SEO plugin. -->","yoast_head_json":{"title":"Impressum - Child and Family Research","robots":{"index":"index","follow":"follow","max-snippet":"max-snippet:-1","max-image-preview":"max-image-preview:large","max-video-preview":"max-video-preview:-1"},"canonical":"https:\/\/cfr-psy.ruhr-uni-bochum.de\/en\/impressum\/","og_locale":"en_GB","og_type":"article","og_title":"Impressum - Child and Family Research","og_description":"Impressum Anschrift:Ruhr-Universit\u00e4t BochumUniversit\u00e4tsstra\u00dfe 15044801 BochumTel.: 0234 32-201Fax: 0234 32-14201 Die Ruhr-Universit\u00e4t ist eine K\u00f6rperschaft des \u00d6ffentlichen Rechts. Sie wird durch ihren Rektor Herrn Prof. Dr. Axel Sch\u00f6lmerich\u00a0gesetzlich vertreten.Zust\u00e4ndige Aufsichtsbeh\u00f6rde ist das Ministerium f\u00fcr Kultur und Wissenschaft des Landes Nordrhein-Westfalen, V\u00f6lklinger Stra\u00dfe 49, 40221 D\u00fcsseldorf.Umsatzsteuer-Identifikationsnummer: DE 127 056 261 Inhaltliche und technische Verantwortung:Ruhr-Universit\u00e4t BochumFakult\u00e4t f\u00fcr PsychologieChild&hellip;&nbsp;Read More &raquo;Impressum","og_url":"https:\/\/cfr-psy.ruhr-uni-bochum.de\/en\/impressum\/","og_site_name":"Child and Family Research","article_modified_time":"2021-01-15T16:13:23+00:00","twitter_card":"summary_large_image","twitter_misc":{"Estimated reading time":"1 minute"},"schema":{"@context":"https:\/\/schema.org","@graph":[{"@type":"WebPage","@id":"https:\/\/cfr-psy.ruhr-uni-bochum.de\/impressum\/","url":"https:\/\/cfr-psy.ruhr-uni-bochum.de\/impressum\/","name":"Impressum - Child and Family Research","isPartOf":{"@id":"https:\/\/cfr-psy.ruhr-uni-bochum.de\/#website"},"datePublished":"2020-10-22T14:31:59+00:00","dateModified":"2021-01-15T16:13:23+00:00","breadcrumb":{"@id":"https:\/\/cfr-psy.ruhr-uni-bochum.de\/impressum\/#breadcrumb"},"inLanguage":"en-GB","potentialAction":[{"@type":"ReadAction","target":["https:\/\/cfr-psy.ruhr-uni-bochum.de\/impressum\/"]}]},{"@type":"BreadcrumbList","@id":"https:\/\/cfr-psy.ruhr-uni-bochum.de\/impressum\/#breadcrumb","itemListElement":[{"@type":"ListItem","position":1,"name":"Startseite","item":"https:\/\/cfr-psy.ruhr-uni-bochum.de\/"},{"@type":"ListItem","position":2,"name":"Impressum"}]},{"@type":"WebSite","@id":"https:\/\/cfr-psy.ruhr-uni-bochum.de\/#website","url":"https:\/\/cfr-psy.ruhr-uni-bochum.de\/","name":"Child and Family Research","description":"Research group within the Faculty of Psychology","publisher":{"@id":"https:\/\/cfr-psy.ruhr-uni-bochum.de\/#organization"},"potentialAction":[{"@type":"SearchAction","target":{"@type":"EntryPoint","urlTemplate":"https:\/\/cfr-psy.ruhr-uni-bochum.de\/?s={search_term_string}"},"query-input":{"@type":"PropertyValueSpecification","valueRequired":true,"valueName":"search_term_string"}}],"inLanguage":"en-GB"},{"@type":"Organization","@id":"https:\/\/cfr-psy.ruhr-uni-bochum.de\/#organization","name":"Child and Family Research","url":"https:\/\/cfr-psy.ruhr-uni-bochum.de\/","logo":{"@type":"ImageObject","inLanguage":"en-GB","@id":"https:\/\/cfr-psy.ruhr-uni-bochum.de\/#\/schema\/logo\/image\/","url":"https:\/\/cfr-psy.ruhr-uni-bochum.de\/wp-content\/uploads\/2020\/10\/cropped-LOGO_CFR__kurz_bunt.png","contentUrl":"https:\/\/cfr-psy.ruhr-uni-bochum.de\/wp-content\/uploads\/2020\/10\/cropped-LOGO_CFR__kurz_bunt.png","width":640,"height":257,"caption":"Child and Family Research"},"image":{"@id":"https:\/\/cfr-psy.ruhr-uni-bochum.de\/#\/schema\/logo\/image\/"}}]}},"_links":{"self":[{"href":"https:\/\/cfr-psy.ruhr-uni-bochum.de\/en\/wp-json\/wp\/v2\/pages\/205","targetHints":{"allow":["GET"]}}],"collection":[{"href":"https:\/\/cfr-psy.ruhr-uni-bochum.de\/en\/wp-json\/wp\/v2\/pages"}],"about":[{"href":"https:\/\/cfr-psy.ruhr-uni-bochum.de\/en\/wp-json\/wp\/v2\/types\/page"}],"author":[{"embeddable":true,"href":"https:\/\/cfr-psy.ruhr-uni-bochum.de\/en\/wp-json\/wp\/v2\/users\/2"}],"replies":[{"embeddable":true,"href":"https:\/\/cfr-psy.ruhr-uni-bochum.de\/en\/wp-json\/wp\/v2\/comments?post=205"}],"version-history":[{"count":3,"href":"https:\/\/cfr-psy.ruhr-uni-bochum.de\/en\/wp-json\/wp\/v2\/pages\/205\/revisions"}],"predecessor-version":[{"id":621,"href":"https:\/\/cfr-psy.ruhr-uni-bochum.de\/en\/wp-json\/wp\/v2\/pages\/205\/revisions\/621"}],"wp:attachment":[{"href":"https:\/\/cfr-psy.ruhr-uni-bochum.de\/en\/wp-json\/wp\/v2\/media?parent=205"}],"curies":[{"name":"wp","href":"https:\/\/api.w.org\/{rel}","templated":true}]}}