{"id":211,"date":"2020-10-22T16:37:00","date_gmt":"2020-10-22T14:37:00","guid":{"rendered":"https:\/\/cfr-psy.ruhr-uni-bochum.de\/?page_id=211"},"modified":"2021-01-15T17:16:00","modified_gmt":"2021-01-15T16:16:00","slug":"datenschutz","status":"publish","type":"page","link":"https:\/\/cfr-psy.ruhr-uni-bochum.de\/en\/datenschutz\/","title":{"rendered":"Privacy"},"content":{"rendered":"<div data-elementor-type=\"wp-page\" data-elementor-id=\"211\" class=\"elementor elementor-211\">\n\t\t\t\t\t\t<section class=\"elementor-section elementor-top-section elementor-element elementor-element-f643b6c elementor-section-boxed elementor-section-height-default elementor-section-height-default\" data-id=\"f643b6c\" data-element_type=\"section\" data-e-type=\"section\">\n\t\t\t\t\t\t<div class=\"elementor-container elementor-column-gap-default\">\n\t\t\t\t\t<div class=\"elementor-column elementor-col-100 elementor-top-column elementor-element elementor-element-f755afc\" data-id=\"f755afc\" data-element_type=\"column\" data-e-type=\"column\">\n\t\t\t<div class=\"elementor-widget-wrap elementor-element-populated\">\n\t\t\t\t\t\t<div class=\"elementor-element elementor-element-57897e8 elementor-widget elementor-widget-text-editor\" data-id=\"57897e8\" data-element_type=\"widget\" data-e-type=\"widget\" data-widget_type=\"text-editor.default\">\n\t\t\t\t<div class=\"elementor-widget-container\">\n\t\t\t\t\t\t\t\t\t<h3><span style=\"color: #000000;\">Privacy<\/span><\/h3><p><span style=\"color: #000000;\"><strong>Datenschutzerkl\u00e4rung nach der DSGVO<\/strong><\/span><br \/><span style=\"color: #000000;\">Der Verantwortliche im Sinne der EU-Datenschutzgrundverordnung (DSGVO) und anderer nationaler Datenschutzgesetze der Mitgliedsstaaten sowie sonstiger datenschutzrechtlicher Bestimmungen ist:<\/span><\/p><p><span style=\"color: #000000;\">Ruhr-Universit\u00e4t Bochum<\/span><br \/><span style=\"color: #000000;\">Fakult\u00e4t f\u00fcr Psychologie<\/span><br \/><span style=\"color: #000000;\">Child and Family Research<\/span><br \/><span style=\"color: #000000;\">Dr. Julian Busch<\/span><br \/><span style=\"color: #000000;\">Universit\u00e4tsstr. 150<\/span><br \/><span style=\"color: #000000;\">D-44801 Bochum<\/span><br \/><span style=\"color: #000000;\">Tel. 0234-32-22450<\/span><br \/><span style=\"color: #000000;\">E-Mail:\u00a0<\/span><a href=\"mailto:julian.busch@rub.de\">julian.busch@rub.de<\/a><\/p><p><span style=\"color: #000000;\"><strong>Der Datenschutzbeauftragte des Verantwortlichen ist:<\/strong><\/span><br \/><span style=\"color: #000000;\">Dr. Kai-Uwe Loser<\/span><br \/><a href=\"mailto:dsb@rub.de\">dsb@rub.de<\/a><br \/><a href=\"https:\/\/dsb.ruhr-uni-bochum.de\/\">https:\/\/dsb.ruhr-uni-bochum.de<\/a><\/p><p><span style=\"color: #000000;\">Wir erheben und verwenden personenbezogene Daten unserer Nutzer\/innen grunds\u00e4tzlich nur, soweit dies zur Bereitstellung dieser Website erforderlich ist. Soweit die Verarbeitung von personenbezogenen Daten\u00a0f\u00fcr die Wahrnehmung unserer Aufgaben erforderlich ist, die im \u00f6ffentlichen Interesse liegt oder in Aus\u00fcbung \u00f6ffentlicher Gewalt erfolgt,\u00a0dient Art. 6 Abs. 1 lit. e DSGVO als Rechtsgrundlage. Soweit wir f\u00fcr Verarbeitungsvorg\u00e4nge personenbezogener Daten eine Einwilligung einholen, dient Art.\u00a06 Abs.\u00a01 lit.\u00a0a DSGVO als Rechtsgrundlage.<\/span><\/p><p><span style=\"color: #000000;\"><strong>Verarbeitete Daten<\/strong><\/span><br \/><span style=\"color: #000000;\">Bei der Nutzung dieser Website werden folgende Daten erhoben:<\/span><\/p><p><span style=\"color: #000000;\"><strong>Verbindungsdaten<\/strong><\/span><br \/><span style=\"color: #000000;\">Die Speicherung von Verbindungsdaten, insbesondere der IP-Adresse, durch das System ist notwendig, um eine Auslieferung der Webseite an den Rechner der Nutzer\/innen zu erm\u00f6glichen. Hierf\u00fcr muss die IP-Adresse der Nutzer\/innen f\u00fcr die Dauer der Sitzung gespeichert bleiben. Die Daten (Verbindungsdaten) werden ebenfalls in Logfiles gespeichert. Die Daten dienen uns zur Optimierung der Webseite und zur Sicherstellung der Sicherheit unserer informationstechnischen Systeme. Rechtsgrundlage f\u00fcr die vor\u00fcbergehende Speicherung der Daten ist Art.\u00a06 Abs.\u00a01 lit.\u00a0e \u00a0DSGVO. Die Daten werden gel\u00f6scht, sobald sie f\u00fcr die Erreichung des Zweckes ihrer Erhebung nicht mehr erforderlich sind. Im Falle der Erfassung der Daten zur Bereitstellung der Website ist dies der Fall, wenn die jeweilige Sitzung beendet ist. Die Daten in den Logfiles werden nach 7 Tagen gel\u00f6scht.<\/span><\/p><p><span style=\"color: #000000;\"><strong>Kontaktdaten<\/strong><\/span><br \/><span style=\"color: #000000;\">Eine Kontaktaufnahme ist \u00fcber die bereitgestellte E-Mail-Adresse m\u00f6glich und entsprechend werden die \u00fcbermittelten personenbezogenen Daten der Nutzer\/innen gespeichert. Rechtsgrundlage f\u00fcr die Verarbeitung der Daten ist \u00a0Art.\u00a06 Abs.\u00a01 lit.\u00a0a DSGVO. Es erfolgt in diesem Zusammenhang keine Weitergabe der Daten an Dritte. Die Daten werden ausschlie\u00dflich f\u00fcr die Verarbeitung der Konversation verwendet. Die Daten werden gel\u00f6scht, sobald sie f\u00fcr die Erreichung des Zweckes ihrer Erhebung nicht mehr erforderlich sind. Dies ist sp\u00e4testens nach einem Jahr der Fall.<\/span><\/p><p><span style=\"color: #000000;\"><strong>Rechte der betroffenen Person<\/strong><\/span><br \/><span style=\"color: #000000;\">Werden personenbezogene Daten von Ihnen verarbeitet, sind Sie Betroffene\/r i.S.d. DSGVO und es stehen Ihnen folgende Rechte gegen\u00fcber dem Verantwortlichen zu:<\/span><\/p><p><span style=\"color: #000000;\">Sie k\u00f6nnen von uns Auskunft zu den\u00a0personenbezogenen Daten, die Sie betreffen und die von dieser Webseite verarbeitet werden, verlangen. Gem\u00e4\u00df Art. 15 DSGVO k\u00f6nnen Sie eine Kopie dieser Daten verlangen.<\/span><br \/><span style=\"color: #000000;\">Sie haben au\u00dferdem das Recht auf Berichtigung (gem\u00e4\u00df Art. 16 DSGVO) oder L\u00f6schung der Sie betreffenden personenbezogenen Daten (gem\u00e4\u00df Art. 17 DSGVO), das Recht auf Einschr\u00e4nkung der Verarbeitung durch den Verantwortlichen (gem\u00e4\u00df Art. 18 DSGVO) oder ein Widerspruchsrecht gegen diese Verarbeitung (gem\u00e4\u00df Art. 21 DSGVO) und ein Recht auf Daten\u00fcbertragbarkeit (gem\u00e4\u00df Art. 20 DSGVO).<\/span><\/p><p><span style=\"color: #000000;\">Sofern die Rechtsgrundlage f\u00fcr die Verarbeitung der Daten das Vorliegen einer Einwilligung\u00a0 gem\u00e4\u00df Art.\u00a06 Abs.\u00a01 lit.\u00a0a DSGVO ist, haben Sie das Recht, Ihre datenschutzrechtliche Einwilligungserkl\u00e4rung jederzeit zu widerrufen. Durch den Widerruf der Einwilligung wird die Rechtm\u00e4\u00dfigkeit der aufgrund der Einwilligung bis zum Widerruf erfolgten Verarbeitung nicht ber\u00fchrt.<\/span><\/p><p><span style=\"color: #000000;\">Um Ihre Rechte geltend zu machen, schreiben Sie eine E-Mail an die Verantwortliche unter der o.g. Kontaktadresse.<\/span><\/p><p><span style=\"color: #000000;\">Des Weiteren haben Sie ein Beschwerderecht bei einer Aufsichtsbeh\u00f6rde (gem\u00e4\u00df Art. 77 DSGVO). F\u00fcr NRW:\u00a0<a style=\"color: #000000;\" href=\"https:\/\/www.ldi.nrw.de\/\">https:\/\/www.ldi.nrw.de\/<\/a><\/span><\/p>\t\t\t\t\t\t\t\t<\/div>\n\t\t\t\t<\/div>\n\t\t\t\t\t<\/div>\n\t\t<\/div>\n\t\t\t\t\t<\/div>\n\t\t<\/section>\n\t\t\t\t<\/div>","protected":false},"excerpt":{"rendered":"<p>Datenschutz Datenschutzerkl\u00e4rung nach der DSGVODer Verantwortliche im Sinne der EU-Datenschutzgrundverordnung (DSGVO) und anderer nationaler Datenschutzgesetze der Mitgliedsstaaten sowie sonstiger datenschutzrechtlicher Bestimmungen ist: Ruhr-Universit\u00e4t BochumFakult\u00e4t f\u00fcr PsychologieChild and Family ResearchDr. Julian BuschUniversit\u00e4tsstr. 150D-44801 BochumTel. 0234-32-22450E-Mail:\u00a0julian.busch@rub.de Der Datenschutzbeauftragte des Verantwortlichen ist:Dr. Kai-Uwe Loserdsb@rub.dehttps:\/\/dsb.ruhr-uni-bochum.de Wir erheben und verwenden personenbezogene Daten unserer Nutzer\/innen grunds\u00e4tzlich nur, soweit dies zur Bereitstellung&hellip;&nbsp;<a href=\"https:\/\/cfr-psy.ruhr-uni-bochum.de\/en\/datenschutz\/\" class=\"\" rel=\"bookmark\">Read More &raquo;<span class=\"screen-reader-text\">Privacy<\/span><\/a><\/p>","protected":false},"author":2,"featured_media":0,"parent":0,"menu_order":0,"comment_status":"closed","ping_status":"closed","template":"page-templates\/template-pagebuilder-full-width.php","meta":{"kia_subtitle":"","neve_meta_sidebar":"full-width","neve_meta_container":"","neve_meta_enable_content_width":"on","neve_meta_content_width":100,"neve_meta_title_alignment":"","neve_meta_author_avatar":"","neve_post_elements_order":"","neve_meta_disable_header":"","neve_meta_disable_footer":"","neve_meta_disable_title":"","footnotes":""},"class_list":["post-211","page","type-page","status-publish","hentry"],"yoast_head":"<!-- This site is optimized with the Yoast SEO plugin v27.3 - https:\/\/yoast.com\/product\/yoast-seo-wordpress\/ -->\n<title>Datenschutz - Child and Family Research<\/title>\n<meta name=\"robots\" content=\"index, follow, max-snippet:-1, max-image-preview:large, max-video-preview:-1\" \/>\n<link rel=\"canonical\" href=\"https:\/\/cfr-psy.ruhr-uni-bochum.de\/en\/datenschutz\/\" \/>\n<meta property=\"og:locale\" content=\"en_GB\" \/>\n<meta property=\"og:type\" content=\"article\" \/>\n<meta property=\"og:title\" content=\"Datenschutz - Child and Family Research\" \/>\n<meta property=\"og:description\" content=\"Datenschutz Datenschutzerkl\u00e4rung nach der DSGVODer Verantwortliche im Sinne der EU-Datenschutzgrundverordnung (DSGVO) und anderer nationaler Datenschutzgesetze der Mitgliedsstaaten sowie sonstiger datenschutzrechtlicher Bestimmungen ist: Ruhr-Universit\u00e4t BochumFakult\u00e4t f\u00fcr PsychologieChild and Family ResearchDr. Julian BuschUniversit\u00e4tsstr. 150D-44801 BochumTel. 0234-32-22450E-Mail:\u00a0julian.busch@rub.de Der Datenschutzbeauftragte des Verantwortlichen ist:Dr. Kai-Uwe Loserdsb@rub.dehttps:\/\/dsb.ruhr-uni-bochum.de Wir erheben und verwenden personenbezogene Daten unserer Nutzer\/innen grunds\u00e4tzlich nur, soweit dies zur Bereitstellung&hellip;&nbsp;Read More &raquo;Datenschutz\" \/>\n<meta property=\"og:url\" content=\"https:\/\/cfr-psy.ruhr-uni-bochum.de\/en\/datenschutz\/\" \/>\n<meta property=\"og:site_name\" content=\"Child and Family Research\" \/>\n<meta property=\"article:modified_time\" content=\"2021-01-15T16:16:00+00:00\" \/>\n<meta name=\"twitter:card\" content=\"summary_large_image\" \/>\n<meta name=\"twitter:label1\" content=\"Estimated reading time\" \/>\n\t<meta name=\"twitter:data1\" content=\"3 minutes\" \/>\n<script type=\"application\/ld+json\" class=\"yoast-schema-graph\">{\"@context\":\"https:\\\/\\\/schema.org\",\"@graph\":[{\"@type\":\"WebPage\",\"@id\":\"https:\\\/\\\/cfr-psy.ruhr-uni-bochum.de\\\/datenschutz\\\/\",\"url\":\"https:\\\/\\\/cfr-psy.ruhr-uni-bochum.de\\\/datenschutz\\\/\",\"name\":\"Datenschutz - Child and Family Research\",\"isPartOf\":{\"@id\":\"https:\\\/\\\/cfr-psy.ruhr-uni-bochum.de\\\/#website\"},\"datePublished\":\"2020-10-22T14:37:00+00:00\",\"dateModified\":\"2021-01-15T16:16:00+00:00\",\"breadcrumb\":{\"@id\":\"https:\\\/\\\/cfr-psy.ruhr-uni-bochum.de\\\/datenschutz\\\/#breadcrumb\"},\"inLanguage\":\"en-GB\",\"potentialAction\":[{\"@type\":\"ReadAction\",\"target\":[\"https:\\\/\\\/cfr-psy.ruhr-uni-bochum.de\\\/datenschutz\\\/\"]}]},{\"@type\":\"BreadcrumbList\",\"@id\":\"https:\\\/\\\/cfr-psy.ruhr-uni-bochum.de\\\/datenschutz\\\/#breadcrumb\",\"itemListElement\":[{\"@type\":\"ListItem\",\"position\":1,\"name\":\"Startseite\",\"item\":\"https:\\\/\\\/cfr-psy.ruhr-uni-bochum.de\\\/\"},{\"@type\":\"ListItem\",\"position\":2,\"name\":\"Datenschutz\"}]},{\"@type\":\"WebSite\",\"@id\":\"https:\\\/\\\/cfr-psy.ruhr-uni-bochum.de\\\/#website\",\"url\":\"https:\\\/\\\/cfr-psy.ruhr-uni-bochum.de\\\/\",\"name\":\"Child and Family Research\",\"description\":\"Arbeitsgruppe an der Fakult\u00e4t f\u00fcr Psychologie\",\"publisher\":{\"@id\":\"https:\\\/\\\/cfr-psy.ruhr-uni-bochum.de\\\/#organization\"},\"potentialAction\":[{\"@type\":\"SearchAction\",\"target\":{\"@type\":\"EntryPoint\",\"urlTemplate\":\"https:\\\/\\\/cfr-psy.ruhr-uni-bochum.de\\\/?s={search_term_string}\"},\"query-input\":{\"@type\":\"PropertyValueSpecification\",\"valueRequired\":true,\"valueName\":\"search_term_string\"}}],\"inLanguage\":\"en-GB\"},{\"@type\":\"Organization\",\"@id\":\"https:\\\/\\\/cfr-psy.ruhr-uni-bochum.de\\\/#organization\",\"name\":\"Child and Family Research\",\"url\":\"https:\\\/\\\/cfr-psy.ruhr-uni-bochum.de\\\/\",\"logo\":{\"@type\":\"ImageObject\",\"inLanguage\":\"en-GB\",\"@id\":\"https:\\\/\\\/cfr-psy.ruhr-uni-bochum.de\\\/#\\\/schema\\\/logo\\\/image\\\/\",\"url\":\"https:\\\/\\\/cfr-psy.ruhr-uni-bochum.de\\\/wp-content\\\/uploads\\\/2020\\\/10\\\/cropped-LOGO_CFR__kurz_bunt.png\",\"contentUrl\":\"https:\\\/\\\/cfr-psy.ruhr-uni-bochum.de\\\/wp-content\\\/uploads\\\/2020\\\/10\\\/cropped-LOGO_CFR__kurz_bunt.png\",\"width\":640,\"height\":257,\"caption\":\"Child and Family Research\"},\"image\":{\"@id\":\"https:\\\/\\\/cfr-psy.ruhr-uni-bochum.de\\\/#\\\/schema\\\/logo\\\/image\\\/\"}}]}<\/script>\n<!-- \/ Yoast SEO plugin. -->","yoast_head_json":{"title":"Datenschutz - Child and Family Research","robots":{"index":"index","follow":"follow","max-snippet":"max-snippet:-1","max-image-preview":"max-image-preview:large","max-video-preview":"max-video-preview:-1"},"canonical":"https:\/\/cfr-psy.ruhr-uni-bochum.de\/en\/datenschutz\/","og_locale":"en_GB","og_type":"article","og_title":"Datenschutz - Child and Family Research","og_description":"Datenschutz Datenschutzerkl\u00e4rung nach der DSGVODer Verantwortliche im Sinne der EU-Datenschutzgrundverordnung (DSGVO) und anderer nationaler Datenschutzgesetze der Mitgliedsstaaten sowie sonstiger datenschutzrechtlicher Bestimmungen ist: Ruhr-Universit\u00e4t BochumFakult\u00e4t f\u00fcr PsychologieChild and Family ResearchDr. Julian BuschUniversit\u00e4tsstr. 150D-44801 BochumTel. 0234-32-22450E-Mail:\u00a0julian.busch@rub.de Der Datenschutzbeauftragte des Verantwortlichen ist:Dr. Kai-Uwe Loserdsb@rub.dehttps:\/\/dsb.ruhr-uni-bochum.de Wir erheben und verwenden personenbezogene Daten unserer Nutzer\/innen grunds\u00e4tzlich nur, soweit dies zur Bereitstellung&hellip;&nbsp;Read More &raquo;Datenschutz","og_url":"https:\/\/cfr-psy.ruhr-uni-bochum.de\/en\/datenschutz\/","og_site_name":"Child and Family Research","article_modified_time":"2021-01-15T16:16:00+00:00","twitter_card":"summary_large_image","twitter_misc":{"Estimated reading time":"3 minutes"},"schema":{"@context":"https:\/\/schema.org","@graph":[{"@type":"WebPage","@id":"https:\/\/cfr-psy.ruhr-uni-bochum.de\/datenschutz\/","url":"https:\/\/cfr-psy.ruhr-uni-bochum.de\/datenschutz\/","name":"Datenschutz - Child and Family Research","isPartOf":{"@id":"https:\/\/cfr-psy.ruhr-uni-bochum.de\/#website"},"datePublished":"2020-10-22T14:37:00+00:00","dateModified":"2021-01-15T16:16:00+00:00","breadcrumb":{"@id":"https:\/\/cfr-psy.ruhr-uni-bochum.de\/datenschutz\/#breadcrumb"},"inLanguage":"en-GB","potentialAction":[{"@type":"ReadAction","target":["https:\/\/cfr-psy.ruhr-uni-bochum.de\/datenschutz\/"]}]},{"@type":"BreadcrumbList","@id":"https:\/\/cfr-psy.ruhr-uni-bochum.de\/datenschutz\/#breadcrumb","itemListElement":[{"@type":"ListItem","position":1,"name":"Startseite","item":"https:\/\/cfr-psy.ruhr-uni-bochum.de\/"},{"@type":"ListItem","position":2,"name":"Datenschutz"}]},{"@type":"WebSite","@id":"https:\/\/cfr-psy.ruhr-uni-bochum.de\/#website","url":"https:\/\/cfr-psy.ruhr-uni-bochum.de\/","name":"Child and Family Research","description":"Research group within the Faculty of Psychology","publisher":{"@id":"https:\/\/cfr-psy.ruhr-uni-bochum.de\/#organization"},"potentialAction":[{"@type":"SearchAction","target":{"@type":"EntryPoint","urlTemplate":"https:\/\/cfr-psy.ruhr-uni-bochum.de\/?s={search_term_string}"},"query-input":{"@type":"PropertyValueSpecification","valueRequired":true,"valueName":"search_term_string"}}],"inLanguage":"en-GB"},{"@type":"Organization","@id":"https:\/\/cfr-psy.ruhr-uni-bochum.de\/#organization","name":"Child and Family Research","url":"https:\/\/cfr-psy.ruhr-uni-bochum.de\/","logo":{"@type":"ImageObject","inLanguage":"en-GB","@id":"https:\/\/cfr-psy.ruhr-uni-bochum.de\/#\/schema\/logo\/image\/","url":"https:\/\/cfr-psy.ruhr-uni-bochum.de\/wp-content\/uploads\/2020\/10\/cropped-LOGO_CFR__kurz_bunt.png","contentUrl":"https:\/\/cfr-psy.ruhr-uni-bochum.de\/wp-content\/uploads\/2020\/10\/cropped-LOGO_CFR__kurz_bunt.png","width":640,"height":257,"caption":"Child and Family Research"},"image":{"@id":"https:\/\/cfr-psy.ruhr-uni-bochum.de\/#\/schema\/logo\/image\/"}}]}},"_links":{"self":[{"href":"https:\/\/cfr-psy.ruhr-uni-bochum.de\/en\/wp-json\/wp\/v2\/pages\/211","targetHints":{"allow":["GET"]}}],"collection":[{"href":"https:\/\/cfr-psy.ruhr-uni-bochum.de\/en\/wp-json\/wp\/v2\/pages"}],"about":[{"href":"https:\/\/cfr-psy.ruhr-uni-bochum.de\/en\/wp-json\/wp\/v2\/types\/page"}],"author":[{"embeddable":true,"href":"https:\/\/cfr-psy.ruhr-uni-bochum.de\/en\/wp-json\/wp\/v2\/users\/2"}],"replies":[{"embeddable":true,"href":"https:\/\/cfr-psy.ruhr-uni-bochum.de\/en\/wp-json\/wp\/v2\/comments?post=211"}],"version-history":[{"count":2,"href":"https:\/\/cfr-psy.ruhr-uni-bochum.de\/en\/wp-json\/wp\/v2\/pages\/211\/revisions"}],"predecessor-version":[{"id":622,"href":"https:\/\/cfr-psy.ruhr-uni-bochum.de\/en\/wp-json\/wp\/v2\/pages\/211\/revisions\/622"}],"wp:attachment":[{"href":"https:\/\/cfr-psy.ruhr-uni-bochum.de\/en\/wp-json\/wp\/v2\/media?parent=211"}],"curies":[{"name":"wp","href":"https:\/\/api.w.org\/{rel}","templated":true}]}}