{"id":265,"date":"2020-11-09T20:49:34","date_gmt":"2020-11-09T19:49:34","guid":{"rendered":"https:\/\/cfr-psy.ruhr-uni-bochum.de\/?page_id=265"},"modified":"2021-08-02T11:43:24","modified_gmt":"2021-08-02T09:43:24","slug":"entwicklung-gefluechteter-kinder-im-kita-alter","status":"publish","type":"page","link":"https:\/\/cfr-psy.ruhr-uni-bochum.de\/en\/entwicklung-gefluechteter-kinder-im-kita-alter\/","title":{"rendered":"Entwicklung gefl\u00fcchteter Kinder im Kita-Alter"},"content":{"rendered":"<div data-elementor-type=\"wp-page\" data-elementor-id=\"265\" class=\"elementor elementor-265\">\n\t\t\t\t\t\t<section class=\"elementor-section elementor-top-section elementor-element elementor-element-666e707 elementor-section-boxed elementor-section-height-default elementor-section-height-default\" data-id=\"666e707\" data-element_type=\"section\" data-e-type=\"section\">\n\t\t\t\t\t\t<div class=\"elementor-container elementor-column-gap-default\">\n\t\t\t\t\t<div class=\"elementor-column elementor-col-100 elementor-top-column elementor-element elementor-element-4e98557\" data-id=\"4e98557\" data-element_type=\"column\" data-e-type=\"column\">\n\t\t\t<div class=\"elementor-widget-wrap elementor-element-populated\">\n\t\t\t\t\t\t<div class=\"elementor-element elementor-element-9fb6c36 elementor-widget elementor-widget-image\" data-id=\"9fb6c36\" data-element_type=\"widget\" data-e-type=\"widget\" data-widget_type=\"image.default\">\n\t\t\t\t<div class=\"elementor-widget-container\">\n\t\t\t\t\t\t\t\t\t\t\t\t\t\t\t<img fetchpriority=\"high\" decoding=\"async\" width=\"1536\" height=\"476\" src=\"https:\/\/cfr-psy.ruhr-uni-bochum.de\/wp-content\/uploads\/2021\/06\/gefluechtete-Kinder-im-Kitaalter-1536x476.jpeg\" class=\"attachment-1536x1536 size-1536x1536 wp-image-1173\" alt=\"\" srcset=\"https:\/\/cfr-psy.ruhr-uni-bochum.de\/wp-content\/uploads\/2021\/06\/gefluechtete-Kinder-im-Kitaalter-1536x476.jpeg 1536w, https:\/\/cfr-psy.ruhr-uni-bochum.de\/wp-content\/uploads\/2021\/06\/gefluechtete-Kinder-im-Kitaalter-300x93.jpeg 300w, https:\/\/cfr-psy.ruhr-uni-bochum.de\/wp-content\/uploads\/2021\/06\/gefluechtete-Kinder-im-Kitaalter-1024x318.jpeg 1024w, https:\/\/cfr-psy.ruhr-uni-bochum.de\/wp-content\/uploads\/2021\/06\/gefluechtete-Kinder-im-Kitaalter-768x238.jpeg 768w, https:\/\/cfr-psy.ruhr-uni-bochum.de\/wp-content\/uploads\/2021\/06\/gefluechtete-Kinder-im-Kitaalter-2048x635.jpeg 2048w, https:\/\/cfr-psy.ruhr-uni-bochum.de\/wp-content\/uploads\/2021\/06\/gefluechtete-Kinder-im-Kitaalter-16x5.jpeg 16w\" sizes=\"(max-width: 1536px) 100vw, 1536px\" \/>\t\t\t\t\t\t\t\t\t\t\t\t\t\t\t<\/div>\n\t\t\t\t<\/div>\n\t\t\t\t\t<\/div>\n\t\t<\/div>\n\t\t\t\t\t<\/div>\n\t\t<\/section>\n\t\t\t\t<section class=\"elementor-section elementor-top-section elementor-element elementor-element-8a50580 elementor-section-boxed elementor-section-height-default elementor-section-height-default\" data-id=\"8a50580\" data-element_type=\"section\" data-e-type=\"section\">\n\t\t\t\t\t\t<div class=\"elementor-container elementor-column-gap-default\">\n\t\t\t\t\t<div class=\"elementor-column elementor-col-100 elementor-top-column elementor-element elementor-element-978fcf3\" data-id=\"978fcf3\" data-element_type=\"column\" data-e-type=\"column\">\n\t\t\t<div class=\"elementor-widget-wrap elementor-element-populated\">\n\t\t\t\t\t\t<div class=\"elementor-element elementor-element-adfb302 elementor-widget elementor-widget-heading\" data-id=\"adfb302\" data-element_type=\"widget\" data-e-type=\"widget\" data-widget_type=\"heading.default\">\n\t\t\t\t<div class=\"elementor-widget-container\">\n\t\t\t\t\t<h1 class=\"elementor-heading-title elementor-size-default\">Projekte zu gefl\u00fcchteten Kindern im Kita-Alter<\/h1>\t\t\t\t<\/div>\n\t\t\t\t<\/div>\n\t\t\t\t\t<\/div>\n\t\t<\/div>\n\t\t\t\t\t<\/div>\n\t\t<\/section>\n\t\t\t\t<section class=\"elementor-section elementor-top-section elementor-element elementor-element-a7dac88 elementor-section-boxed elementor-section-height-default elementor-section-height-default\" data-id=\"a7dac88\" data-element_type=\"section\" data-e-type=\"section\">\n\t\t\t\t\t\t<div class=\"elementor-container elementor-column-gap-default\">\n\t\t\t\t\t<div class=\"elementor-column elementor-col-100 elementor-top-column elementor-element elementor-element-5e0b0b5\" data-id=\"5e0b0b5\" data-element_type=\"column\" data-e-type=\"column\">\n\t\t\t<div class=\"elementor-widget-wrap elementor-element-populated\">\n\t\t\t\t\t\t<div class=\"elementor-element elementor-element-f3c4042 elementor-widget-divider--view-line elementor-widget elementor-widget-divider\" data-id=\"f3c4042\" data-element_type=\"widget\" data-e-type=\"widget\" data-widget_type=\"divider.default\">\n\t\t\t\t<div class=\"elementor-widget-container\">\n\t\t\t\t\t\t\t<div class=\"elementor-divider\">\n\t\t\t<span class=\"elementor-divider-separator\">\n\t\t\t\t\t\t<\/span>\n\t\t<\/div>\n\t\t\t\t\t\t<\/div>\n\t\t\t\t<\/div>\n\t\t\t\t<section class=\"elementor-section elementor-inner-section elementor-element elementor-element-83a318f elementor-section-boxed elementor-section-height-default elementor-section-height-default\" data-id=\"83a318f\" data-element_type=\"section\" data-e-type=\"section\">\n\t\t\t\t\t\t<div class=\"elementor-container elementor-column-gap-default\">\n\t\t\t\t\t<div class=\"elementor-column elementor-col-50 elementor-inner-column elementor-element elementor-element-1a3c97e\" data-id=\"1a3c97e\" data-element_type=\"column\" data-e-type=\"column\">\n\t\t\t<div class=\"elementor-widget-wrap elementor-element-populated\">\n\t\t\t\t\t\t<div class=\"elementor-element elementor-element-ea34b6a elementor-widget elementor-widget-image\" data-id=\"ea34b6a\" data-element_type=\"widget\" data-e-type=\"widget\" data-widget_type=\"image.default\">\n\t\t\t\t<div class=\"elementor-widget-container\">\n\t\t\t\t\t\t\t\t\t\t\t\t\t\t\t<img decoding=\"async\" width=\"812\" height=\"392\" src=\"https:\/\/cfr-psy.ruhr-uni-bochum.de\/wp-content\/uploads\/2020\/11\/WONKI.png\" class=\"attachment-large size-large wp-image-317\" alt=\"\" srcset=\"https:\/\/cfr-psy.ruhr-uni-bochum.de\/wp-content\/uploads\/2020\/11\/WONKI.png 812w, https:\/\/cfr-psy.ruhr-uni-bochum.de\/wp-content\/uploads\/2020\/11\/WONKI-300x145.png 300w, https:\/\/cfr-psy.ruhr-uni-bochum.de\/wp-content\/uploads\/2020\/11\/WONKI-768x371.png 768w\" sizes=\"(max-width: 812px) 100vw, 812px\" \/>\t\t\t\t\t\t\t\t\t\t\t\t\t\t\t<\/div>\n\t\t\t\t<\/div>\n\t\t\t\t\t<\/div>\n\t\t<\/div>\n\t\t\t\t<div class=\"elementor-column elementor-col-50 elementor-inner-column elementor-element elementor-element-0a0491e\" data-id=\"0a0491e\" data-element_type=\"column\" data-e-type=\"column\">\n\t\t\t<div class=\"elementor-widget-wrap elementor-element-populated\">\n\t\t\t\t\t\t<div class=\"elementor-element elementor-element-eb31c26 elementor-widget elementor-widget-text-editor\" data-id=\"eb31c26\" data-element_type=\"widget\" data-e-type=\"widget\" data-widget_type=\"text-editor.default\">\n\t\t\t\t<div class=\"elementor-widget-container\">\n\t\t\t\t\t\t\t\t\t<h4>Wohlbefinden neuzugewanderter Kinder in Kitas<\/h4><p><strong>Leitung:<\/strong> Dr. Julian Busch<\/p><p><strong>Laufzeit:<\/strong> Juli 2018 &#8211; Juli 2019<\/p><p>N\u00e4here Informationen <a href=\"https:\/\/cfr-psy.ruhr-uni-bochum.de\/en\/wonki\/\">hier<\/a>.<\/p>\t\t\t\t\t\t\t\t<\/div>\n\t\t\t\t<\/div>\n\t\t\t\t\t<\/div>\n\t\t<\/div>\n\t\t\t\t\t<\/div>\n\t\t<\/section>\n\t\t\t\t\t<\/div>\n\t\t<\/div>\n\t\t\t\t\t<\/div>\n\t\t<\/section>\n\t\t\t\t<section class=\"elementor-section elementor-top-section elementor-element elementor-element-3f53ad8 elementor-section-boxed elementor-section-height-default elementor-section-height-default\" data-id=\"3f53ad8\" data-element_type=\"section\" data-e-type=\"section\">\n\t\t\t\t\t\t<div class=\"elementor-container elementor-column-gap-default\">\n\t\t\t\t\t<div class=\"elementor-column elementor-col-100 elementor-top-column elementor-element elementor-element-7cbc744\" data-id=\"7cbc744\" data-element_type=\"column\" data-e-type=\"column\">\n\t\t\t<div class=\"elementor-widget-wrap elementor-element-populated\">\n\t\t\t\t\t\t<div class=\"elementor-element elementor-element-7577f10 elementor-widget-divider--view-line elementor-widget elementor-widget-divider\" data-id=\"7577f10\" data-element_type=\"widget\" data-e-type=\"widget\" data-widget_type=\"divider.default\">\n\t\t\t\t<div class=\"elementor-widget-container\">\n\t\t\t\t\t\t\t<div class=\"elementor-divider\">\n\t\t\t<span class=\"elementor-divider-separator\">\n\t\t\t\t\t\t<\/span>\n\t\t<\/div>\n\t\t\t\t\t\t<\/div>\n\t\t\t\t<\/div>\n\t\t\t\t\t<\/div>\n\t\t<\/div>\n\t\t\t\t\t<\/div>\n\t\t<\/section>\n\t\t\t\t<section class=\"elementor-section elementor-top-section elementor-element elementor-element-f7ae709 elementor-section-boxed elementor-section-height-default elementor-section-height-default\" data-id=\"f7ae709\" data-element_type=\"section\" data-e-type=\"section\">\n\t\t\t\t\t\t<div class=\"elementor-container elementor-column-gap-default\">\n\t\t\t\t\t<div class=\"elementor-column elementor-col-33 elementor-top-column elementor-element elementor-element-9d6c73d\" data-id=\"9d6c73d\" data-element_type=\"column\" data-e-type=\"column\">\n\t\t\t<div class=\"elementor-widget-wrap elementor-element-populated\">\n\t\t\t\t\t\t<div class=\"elementor-element elementor-element-491964d elementor-widget elementor-widget-image\" data-id=\"491964d\" data-element_type=\"widget\" data-e-type=\"widget\" data-widget_type=\"image.default\">\n\t\t\t\t<div class=\"elementor-widget-container\">\n\t\t\t\t\t\t\t\t\t\t\t\t\t\t\t<img decoding=\"async\" width=\"1024\" height=\"410\" src=\"https:\/\/cfr-psy.ruhr-uni-bochum.de\/wp-content\/uploads\/2020\/11\/Logo_Kulturen_ueberbruecken_4c-1024x410.jpg\" class=\"attachment-large size-large wp-image-309\" alt=\"\" srcset=\"https:\/\/cfr-psy.ruhr-uni-bochum.de\/wp-content\/uploads\/2020\/11\/Logo_Kulturen_ueberbruecken_4c-1024x410.jpg 1024w, https:\/\/cfr-psy.ruhr-uni-bochum.de\/wp-content\/uploads\/2020\/11\/Logo_Kulturen_ueberbruecken_4c-300x120.jpg 300w, https:\/\/cfr-psy.ruhr-uni-bochum.de\/wp-content\/uploads\/2020\/11\/Logo_Kulturen_ueberbruecken_4c-768x307.jpg 768w, https:\/\/cfr-psy.ruhr-uni-bochum.de\/wp-content\/uploads\/2020\/11\/Logo_Kulturen_ueberbruecken_4c-1536x615.jpg 1536w, https:\/\/cfr-psy.ruhr-uni-bochum.de\/wp-content\/uploads\/2020\/11\/Logo_Kulturen_ueberbruecken_4c-2048x819.jpg 2048w\" sizes=\"(max-width: 1024px) 100vw, 1024px\" \/>\t\t\t\t\t\t\t\t\t\t\t\t\t\t\t<\/div>\n\t\t\t\t<\/div>\n\t\t\t\t\t<\/div>\n\t\t<\/div>\n\t\t\t\t<div class=\"elementor-column elementor-col-66 elementor-top-column elementor-element elementor-element-708a011\" data-id=\"708a011\" data-element_type=\"column\" data-e-type=\"column\">\n\t\t\t<div class=\"elementor-widget-wrap elementor-element-populated\">\n\t\t\t\t\t\t<div class=\"elementor-element elementor-element-5ddba41 elementor-widget elementor-widget-text-editor\" data-id=\"5ddba41\" data-element_type=\"widget\" data-e-type=\"widget\" data-widget_type=\"text-editor.default\">\n\t\t\t\t<div class=\"elementor-widget-container\">\n\t\t\t\t\t\t\t\t\t<h4><span style=\"color: #000000;\">Kulturen \u00fcberbr\u00fccken (KUB I): <\/span><span style=\"color: #000000;\">Integration von Kindern mit Fluchterfahrungen in Kindertageseinrichtungen<\/span><\/h4><p><strong>Projektleitung:<\/strong>\u00a0Prof. Dr. Birgit Leyendecker<\/p><p><span style=\"color: #000000;\"><strong>Laufzeit:<\/strong> Dezember 2015 &#8211; M\u00e4rz 2019.<\/span><\/p><p><span style=\"color: #000000;\"><strong>F\u00f6rderung:<\/strong> Ministerium f\u00fcr Kinder, Familie, Fl\u00fcchtlinge und Integration (MKFFI) des Landes NRW.<\/span><\/p><p><span style=\"color: #000000;\">N\u00e4here Informationen<\/span> <a href=\"https:\/\/cfr-psy.ruhr-uni-bochum.de\/en\/kub-i\/\">hier.<\/a><\/p>\t\t\t\t\t\t\t\t<\/div>\n\t\t\t\t<\/div>\n\t\t\t\t\t<\/div>\n\t\t<\/div>\n\t\t\t\t\t<\/div>\n\t\t<\/section>\n\t\t\t\t<\/div>","protected":false},"excerpt":{"rendered":"<p>Projekte zu gefl\u00fcchteten Kindern im Kita-Alter Wohlbefinden neuzugewanderter Kinder in Kitas Leitung: Dr. Julian Busch Laufzeit: Juli 2018 &#8211; Juli 2019 N\u00e4here Informationen hier. Kulturen \u00fcberbr\u00fccken (KUB I): Integration von Kindern mit Fluchterfahrungen in Kindertageseinrichtungen Projektleitung:\u00a0Prof. Dr. Birgit Leyendecker Laufzeit: Dezember 2015 &#8211; M\u00e4rz 2019. F\u00f6rderung: Ministerium f\u00fcr Kinder, Familie, Fl\u00fcchtlinge und Integration (MKFFI) des&hellip;&nbsp;<a href=\"https:\/\/cfr-psy.ruhr-uni-bochum.de\/en\/entwicklung-gefluechteter-kinder-im-kita-alter\/\" class=\"\" rel=\"bookmark\">Read More &raquo;<span class=\"screen-reader-text\">Entwicklung gefl\u00fcchteter Kinder im Kita-Alter<\/span><\/a><\/p>","protected":false},"author":2,"featured_media":0,"parent":0,"menu_order":0,"comment_status":"closed","ping_status":"closed","template":"page-templates\/template-pagebuilder-full-width.php","meta":{"kia_subtitle":"","neve_meta_sidebar":"full-width","neve_meta_container":"","neve_meta_enable_content_width":"on","neve_meta_content_width":100,"neve_meta_title_alignment":"","neve_meta_author_avatar":"","neve_post_elements_order":"","neve_meta_disable_header":"","neve_meta_disable_footer":"","neve_meta_disable_title":"","footnotes":""},"class_list":["post-265","page","type-page","status-publish","hentry"],"yoast_head":"<!-- This site is optimized with the Yoast SEO plugin v27.3 - https:\/\/yoast.com\/product\/yoast-seo-wordpress\/ -->\n<title>Entwicklung gefl\u00fcchteter Kinder im Kita-Alter - Child and Family Research<\/title>\n<meta name=\"robots\" content=\"index, follow, max-snippet:-1, max-image-preview:large, max-video-preview:-1\" \/>\n<link rel=\"canonical\" href=\"https:\/\/cfr-psy.ruhr-uni-bochum.de\/en\/entwicklung-gefluechteter-kinder-im-kita-alter\/\" \/>\n<meta property=\"og:locale\" content=\"en_GB\" \/>\n<meta property=\"og:type\" content=\"article\" \/>\n<meta property=\"og:title\" content=\"Entwicklung gefl\u00fcchteter Kinder im Kita-Alter - Child and Family Research\" \/>\n<meta property=\"og:description\" content=\"Projekte zu gefl\u00fcchteten Kindern im Kita-Alter Wohlbefinden neuzugewanderter Kinder in Kitas Leitung: Dr. Julian Busch Laufzeit: Juli 2018 &#8211; Juli 2019 N\u00e4here Informationen hier. Kulturen \u00fcberbr\u00fccken (KUB I): Integration von Kindern mit Fluchterfahrungen in Kindertageseinrichtungen Projektleitung:\u00a0Prof. Dr. Birgit Leyendecker Laufzeit: Dezember 2015 &#8211; M\u00e4rz 2019. F\u00f6rderung: Ministerium f\u00fcr Kinder, Familie, Fl\u00fcchtlinge und Integration (MKFFI) des&hellip;&nbsp;Read More &raquo;Entwicklung gefl\u00fcchteter Kinder im Kita-Alter\" \/>\n<meta property=\"og:url\" content=\"https:\/\/cfr-psy.ruhr-uni-bochum.de\/en\/entwicklung-gefluechteter-kinder-im-kita-alter\/\" \/>\n<meta property=\"og:site_name\" content=\"Child and Family Research\" \/>\n<meta property=\"article:modified_time\" content=\"2021-08-02T09:43:24+00:00\" \/>\n<meta property=\"og:image\" content=\"https:\/\/cfr-psy.ruhr-uni-bochum.de\/wp-content\/uploads\/2021\/06\/gefluechtete-Kinder-im-Kitaalter-1536x476.jpeg\" \/>\n<meta name=\"twitter:card\" content=\"summary_large_image\" \/>\n<meta name=\"twitter:label1\" content=\"Estimated reading time\" \/>\n\t<meta name=\"twitter:data1\" content=\"1 minute\" \/>\n<script type=\"application\/ld+json\" class=\"yoast-schema-graph\">{\"@context\":\"https:\\\/\\\/schema.org\",\"@graph\":[{\"@type\":\"WebPage\",\"@id\":\"https:\\\/\\\/cfr-psy.ruhr-uni-bochum.de\\\/entwicklung-gefluechteter-kinder-im-kita-alter\\\/\",\"url\":\"https:\\\/\\\/cfr-psy.ruhr-uni-bochum.de\\\/entwicklung-gefluechteter-kinder-im-kita-alter\\\/\",\"name\":\"Entwicklung gefl\u00fcchteter Kinder im Kita-Alter - Child and Family Research\",\"isPartOf\":{\"@id\":\"https:\\\/\\\/cfr-psy.ruhr-uni-bochum.de\\\/#website\"},\"primaryImageOfPage\":{\"@id\":\"https:\\\/\\\/cfr-psy.ruhr-uni-bochum.de\\\/entwicklung-gefluechteter-kinder-im-kita-alter\\\/#primaryimage\"},\"image\":{\"@id\":\"https:\\\/\\\/cfr-psy.ruhr-uni-bochum.de\\\/entwicklung-gefluechteter-kinder-im-kita-alter\\\/#primaryimage\"},\"thumbnailUrl\":\"https:\\\/\\\/cfr-psy.ruhr-uni-bochum.de\\\/wp-content\\\/uploads\\\/2021\\\/06\\\/gefluechtete-Kinder-im-Kitaalter-1536x476.jpeg\",\"datePublished\":\"2020-11-09T19:49:34+00:00\",\"dateModified\":\"2021-08-02T09:43:24+00:00\",\"breadcrumb\":{\"@id\":\"https:\\\/\\\/cfr-psy.ruhr-uni-bochum.de\\\/entwicklung-gefluechteter-kinder-im-kita-alter\\\/#breadcrumb\"},\"inLanguage\":\"en-GB\",\"potentialAction\":[{\"@type\":\"ReadAction\",\"target\":[\"https:\\\/\\\/cfr-psy.ruhr-uni-bochum.de\\\/entwicklung-gefluechteter-kinder-im-kita-alter\\\/\"]}]},{\"@type\":\"ImageObject\",\"inLanguage\":\"en-GB\",\"@id\":\"https:\\\/\\\/cfr-psy.ruhr-uni-bochum.de\\\/entwicklung-gefluechteter-kinder-im-kita-alter\\\/#primaryimage\",\"url\":\"https:\\\/\\\/cfr-psy.ruhr-uni-bochum.de\\\/wp-content\\\/uploads\\\/2021\\\/06\\\/gefluechtete-Kinder-im-Kitaalter-1536x476.jpeg\",\"contentUrl\":\"https:\\\/\\\/cfr-psy.ruhr-uni-bochum.de\\\/wp-content\\\/uploads\\\/2021\\\/06\\\/gefluechtete-Kinder-im-Kitaalter-1536x476.jpeg\"},{\"@type\":\"BreadcrumbList\",\"@id\":\"https:\\\/\\\/cfr-psy.ruhr-uni-bochum.de\\\/entwicklung-gefluechteter-kinder-im-kita-alter\\\/#breadcrumb\",\"itemListElement\":[{\"@type\":\"ListItem\",\"position\":1,\"name\":\"Startseite\",\"item\":\"https:\\\/\\\/cfr-psy.ruhr-uni-bochum.de\\\/\"},{\"@type\":\"ListItem\",\"position\":2,\"name\":\"Entwicklung gefl\u00fcchteter Kinder im Kita-Alter\"}]},{\"@type\":\"WebSite\",\"@id\":\"https:\\\/\\\/cfr-psy.ruhr-uni-bochum.de\\\/#website\",\"url\":\"https:\\\/\\\/cfr-psy.ruhr-uni-bochum.de\\\/\",\"name\":\"Child and Family Research\",\"description\":\"Arbeitsgruppe an der Fakult\u00e4t f\u00fcr Psychologie\",\"publisher\":{\"@id\":\"https:\\\/\\\/cfr-psy.ruhr-uni-bochum.de\\\/#organization\"},\"potentialAction\":[{\"@type\":\"SearchAction\",\"target\":{\"@type\":\"EntryPoint\",\"urlTemplate\":\"https:\\\/\\\/cfr-psy.ruhr-uni-bochum.de\\\/?s={search_term_string}\"},\"query-input\":{\"@type\":\"PropertyValueSpecification\",\"valueRequired\":true,\"valueName\":\"search_term_string\"}}],\"inLanguage\":\"en-GB\"},{\"@type\":\"Organization\",\"@id\":\"https:\\\/\\\/cfr-psy.ruhr-uni-bochum.de\\\/#organization\",\"name\":\"Child and Family Research\",\"url\":\"https:\\\/\\\/cfr-psy.ruhr-uni-bochum.de\\\/\",\"logo\":{\"@type\":\"ImageObject\",\"inLanguage\":\"en-GB\",\"@id\":\"https:\\\/\\\/cfr-psy.ruhr-uni-bochum.de\\\/#\\\/schema\\\/logo\\\/image\\\/\",\"url\":\"https:\\\/\\\/cfr-psy.ruhr-uni-bochum.de\\\/wp-content\\\/uploads\\\/2020\\\/10\\\/cropped-LOGO_CFR__kurz_bunt.png\",\"contentUrl\":\"https:\\\/\\\/cfr-psy.ruhr-uni-bochum.de\\\/wp-content\\\/uploads\\\/2020\\\/10\\\/cropped-LOGO_CFR__kurz_bunt.png\",\"width\":640,\"height\":257,\"caption\":\"Child and Family Research\"},\"image\":{\"@id\":\"https:\\\/\\\/cfr-psy.ruhr-uni-bochum.de\\\/#\\\/schema\\\/logo\\\/image\\\/\"}}]}<\/script>\n<!-- \/ Yoast SEO plugin. -->","yoast_head_json":{"title":"Entwicklung gefl\u00fcchteter Kinder im Kita-Alter - Child and Family Research","robots":{"index":"index","follow":"follow","max-snippet":"max-snippet:-1","max-image-preview":"max-image-preview:large","max-video-preview":"max-video-preview:-1"},"canonical":"https:\/\/cfr-psy.ruhr-uni-bochum.de\/en\/entwicklung-gefluechteter-kinder-im-kita-alter\/","og_locale":"en_GB","og_type":"article","og_title":"Entwicklung gefl\u00fcchteter Kinder im Kita-Alter - Child and Family Research","og_description":"Projekte zu gefl\u00fcchteten Kindern im Kita-Alter Wohlbefinden neuzugewanderter Kinder in Kitas Leitung: Dr. Julian Busch Laufzeit: Juli 2018 &#8211; Juli 2019 N\u00e4here Informationen hier. Kulturen \u00fcberbr\u00fccken (KUB I): Integration von Kindern mit Fluchterfahrungen in Kindertageseinrichtungen Projektleitung:\u00a0Prof. Dr. Birgit Leyendecker Laufzeit: Dezember 2015 &#8211; M\u00e4rz 2019. F\u00f6rderung: Ministerium f\u00fcr Kinder, Familie, Fl\u00fcchtlinge und Integration (MKFFI) des&hellip;&nbsp;Read More &raquo;Entwicklung gefl\u00fcchteter Kinder im Kita-Alter","og_url":"https:\/\/cfr-psy.ruhr-uni-bochum.de\/en\/entwicklung-gefluechteter-kinder-im-kita-alter\/","og_site_name":"Child and Family Research","article_modified_time":"2021-08-02T09:43:24+00:00","og_image":[{"url":"https:\/\/cfr-psy.ruhr-uni-bochum.de\/wp-content\/uploads\/2021\/06\/gefluechtete-Kinder-im-Kitaalter-1536x476.jpeg","type":"","width":"","height":""}],"twitter_card":"summary_large_image","twitter_misc":{"Estimated reading time":"1 minute"},"schema":{"@context":"https:\/\/schema.org","@graph":[{"@type":"WebPage","@id":"https:\/\/cfr-psy.ruhr-uni-bochum.de\/entwicklung-gefluechteter-kinder-im-kita-alter\/","url":"https:\/\/cfr-psy.ruhr-uni-bochum.de\/entwicklung-gefluechteter-kinder-im-kita-alter\/","name":"Entwicklung gefl\u00fcchteter Kinder im Kita-Alter - Child and Family Research","isPartOf":{"@id":"https:\/\/cfr-psy.ruhr-uni-bochum.de\/#website"},"primaryImageOfPage":{"@id":"https:\/\/cfr-psy.ruhr-uni-bochum.de\/entwicklung-gefluechteter-kinder-im-kita-alter\/#primaryimage"},"image":{"@id":"https:\/\/cfr-psy.ruhr-uni-bochum.de\/entwicklung-gefluechteter-kinder-im-kita-alter\/#primaryimage"},"thumbnailUrl":"https:\/\/cfr-psy.ruhr-uni-bochum.de\/wp-content\/uploads\/2021\/06\/gefluechtete-Kinder-im-Kitaalter-1536x476.jpeg","datePublished":"2020-11-09T19:49:34+00:00","dateModified":"2021-08-02T09:43:24+00:00","breadcrumb":{"@id":"https:\/\/cfr-psy.ruhr-uni-bochum.de\/entwicklung-gefluechteter-kinder-im-kita-alter\/#breadcrumb"},"inLanguage":"en-GB","potentialAction":[{"@type":"ReadAction","target":["https:\/\/cfr-psy.ruhr-uni-bochum.de\/entwicklung-gefluechteter-kinder-im-kita-alter\/"]}]},{"@type":"ImageObject","inLanguage":"en-GB","@id":"https:\/\/cfr-psy.ruhr-uni-bochum.de\/entwicklung-gefluechteter-kinder-im-kita-alter\/#primaryimage","url":"https:\/\/cfr-psy.ruhr-uni-bochum.de\/wp-content\/uploads\/2021\/06\/gefluechtete-Kinder-im-Kitaalter-1536x476.jpeg","contentUrl":"https:\/\/cfr-psy.ruhr-uni-bochum.de\/wp-content\/uploads\/2021\/06\/gefluechtete-Kinder-im-Kitaalter-1536x476.jpeg"},{"@type":"BreadcrumbList","@id":"https:\/\/cfr-psy.ruhr-uni-bochum.de\/entwicklung-gefluechteter-kinder-im-kita-alter\/#breadcrumb","itemListElement":[{"@type":"ListItem","position":1,"name":"Startseite","item":"https:\/\/cfr-psy.ruhr-uni-bochum.de\/"},{"@type":"ListItem","position":2,"name":"Entwicklung gefl\u00fcchteter Kinder im Kita-Alter"}]},{"@type":"WebSite","@id":"https:\/\/cfr-psy.ruhr-uni-bochum.de\/#website","url":"https:\/\/cfr-psy.ruhr-uni-bochum.de\/","name":"Child and Family Research","description":"Research group within the Faculty of Psychology","publisher":{"@id":"https:\/\/cfr-psy.ruhr-uni-bochum.de\/#organization"},"potentialAction":[{"@type":"SearchAction","target":{"@type":"EntryPoint","urlTemplate":"https:\/\/cfr-psy.ruhr-uni-bochum.de\/?s={search_term_string}"},"query-input":{"@type":"PropertyValueSpecification","valueRequired":true,"valueName":"search_term_string"}}],"inLanguage":"en-GB"},{"@type":"Organization","@id":"https:\/\/cfr-psy.ruhr-uni-bochum.de\/#organization","name":"Child and Family Research","url":"https:\/\/cfr-psy.ruhr-uni-bochum.de\/","logo":{"@type":"ImageObject","inLanguage":"en-GB","@id":"https:\/\/cfr-psy.ruhr-uni-bochum.de\/#\/schema\/logo\/image\/","url":"https:\/\/cfr-psy.ruhr-uni-bochum.de\/wp-content\/uploads\/2020\/10\/cropped-LOGO_CFR__kurz_bunt.png","contentUrl":"https:\/\/cfr-psy.ruhr-uni-bochum.de\/wp-content\/uploads\/2020\/10\/cropped-LOGO_CFR__kurz_bunt.png","width":640,"height":257,"caption":"Child and Family Research"},"image":{"@id":"https:\/\/cfr-psy.ruhr-uni-bochum.de\/#\/schema\/logo\/image\/"}}]}},"_links":{"self":[{"href":"https:\/\/cfr-psy.ruhr-uni-bochum.de\/en\/wp-json\/wp\/v2\/pages\/265","targetHints":{"allow":["GET"]}}],"collection":[{"href":"https:\/\/cfr-psy.ruhr-uni-bochum.de\/en\/wp-json\/wp\/v2\/pages"}],"about":[{"href":"https:\/\/cfr-psy.ruhr-uni-bochum.de\/en\/wp-json\/wp\/v2\/types\/page"}],"author":[{"embeddable":true,"href":"https:\/\/cfr-psy.ruhr-uni-bochum.de\/en\/wp-json\/wp\/v2\/users\/2"}],"replies":[{"embeddable":true,"href":"https:\/\/cfr-psy.ruhr-uni-bochum.de\/en\/wp-json\/wp\/v2\/comments?post=265"}],"version-history":[{"count":26,"href":"https:\/\/cfr-psy.ruhr-uni-bochum.de\/en\/wp-json\/wp\/v2\/pages\/265\/revisions"}],"predecessor-version":[{"id":1272,"href":"https:\/\/cfr-psy.ruhr-uni-bochum.de\/en\/wp-json\/wp\/v2\/pages\/265\/revisions\/1272"}],"wp:attachment":[{"href":"https:\/\/cfr-psy.ruhr-uni-bochum.de\/en\/wp-json\/wp\/v2\/media?parent=265"}],"curies":[{"name":"wp","href":"https:\/\/api.w.org\/{rel}","templated":true}]}}