{"id":269,"date":"2020-11-09T20:50:53","date_gmt":"2020-11-09T19:50:53","guid":{"rendered":"https:\/\/cfr-psy.ruhr-uni-bochum.de\/?page_id=269"},"modified":"2021-08-02T11:49:28","modified_gmt":"2021-08-02T09:49:28","slug":"lgbtiq","status":"publish","type":"page","link":"https:\/\/cfr-psy.ruhr-uni-bochum.de\/en\/lgbtiq\/","title":{"rendered":"LGBTIQ*"},"content":{"rendered":"<div data-elementor-type=\"wp-page\" data-elementor-id=\"269\" class=\"elementor elementor-269\">\n\t\t\t\t\t\t<section class=\"elementor-section elementor-top-section elementor-element elementor-element-9ab7f3e elementor-section-boxed elementor-section-height-default elementor-section-height-default\" data-id=\"9ab7f3e\" data-element_type=\"section\" data-e-type=\"section\">\n\t\t\t\t\t\t<div class=\"elementor-container elementor-column-gap-default\">\n\t\t\t\t\t<div class=\"elementor-column elementor-col-100 elementor-top-column elementor-element elementor-element-fb55812\" data-id=\"fb55812\" data-element_type=\"column\" data-e-type=\"column\">\n\t\t\t<div class=\"elementor-widget-wrap elementor-element-populated\">\n\t\t\t\t\t\t<div class=\"elementor-element elementor-element-9cc977f elementor-widget elementor-widget-image\" data-id=\"9cc977f\" data-element_type=\"widget\" data-e-type=\"widget\" data-widget_type=\"image.default\">\n\t\t\t\t<div class=\"elementor-widget-container\">\n\t\t\t\t\t\t\t\t\t\t\t\t\t\t\t<img fetchpriority=\"high\" decoding=\"async\" width=\"1536\" height=\"479\" src=\"https:\/\/cfr-psy.ruhr-uni-bochum.de\/wp-content\/uploads\/2021\/05\/LGBTQI-1536x479.jpeg\" class=\"attachment-1536x1536 size-1536x1536 wp-image-1163\" alt=\"\" srcset=\"https:\/\/cfr-psy.ruhr-uni-bochum.de\/wp-content\/uploads\/2021\/05\/LGBTQI-1536x479.jpeg 1536w, https:\/\/cfr-psy.ruhr-uni-bochum.de\/wp-content\/uploads\/2021\/05\/LGBTQI-300x93.jpeg 300w, https:\/\/cfr-psy.ruhr-uni-bochum.de\/wp-content\/uploads\/2021\/05\/LGBTQI-1024x319.jpeg 1024w, https:\/\/cfr-psy.ruhr-uni-bochum.de\/wp-content\/uploads\/2021\/05\/LGBTQI-768x239.jpeg 768w, https:\/\/cfr-psy.ruhr-uni-bochum.de\/wp-content\/uploads\/2021\/05\/LGBTQI-2048x638.jpeg 2048w, https:\/\/cfr-psy.ruhr-uni-bochum.de\/wp-content\/uploads\/2021\/05\/LGBTQI-16x5.jpeg 16w\" sizes=\"(max-width: 1536px) 100vw, 1536px\" \/>\t\t\t\t\t\t\t\t\t\t\t\t\t\t\t<\/div>\n\t\t\t\t<\/div>\n\t\t\t\t\t<\/div>\n\t\t<\/div>\n\t\t\t\t\t<\/div>\n\t\t<\/section>\n\t\t\t\t<section class=\"elementor-section elementor-top-section elementor-element elementor-element-3eec1f7 elementor-section-boxed elementor-section-height-default elementor-section-height-default\" data-id=\"3eec1f7\" data-element_type=\"section\" data-e-type=\"section\">\n\t\t\t\t\t\t<div class=\"elementor-container elementor-column-gap-default\">\n\t\t\t\t\t<div class=\"elementor-column elementor-col-100 elementor-top-column elementor-element elementor-element-7b890d5\" data-id=\"7b890d5\" data-element_type=\"column\" data-e-type=\"column\">\n\t\t\t<div class=\"elementor-widget-wrap elementor-element-populated\">\n\t\t\t\t\t\t<div class=\"elementor-element elementor-element-0050fff elementor-widget elementor-widget-heading\" data-id=\"0050fff\" data-element_type=\"widget\" data-e-type=\"widget\" data-widget_type=\"heading.default\">\n\t\t\t\t<div class=\"elementor-widget-container\">\n\t\t\t\t\t<h1 class=\"elementor-heading-title elementor-size-default\">Projekte zu LGBTIQ*<\/h1>\t\t\t\t<\/div>\n\t\t\t\t<\/div>\n\t\t\t\t\t<\/div>\n\t\t<\/div>\n\t\t\t\t\t<\/div>\n\t\t<\/section>\n\t\t\t\t<section class=\"elementor-section elementor-top-section elementor-element elementor-element-b090a99 elementor-section-boxed elementor-section-height-default elementor-section-height-default\" data-id=\"b090a99\" data-element_type=\"section\" data-e-type=\"section\">\n\t\t\t\t\t\t<div class=\"elementor-container elementor-column-gap-default\">\n\t\t\t\t\t<div class=\"elementor-column elementor-col-100 elementor-top-column elementor-element elementor-element-5e51270\" data-id=\"5e51270\" data-element_type=\"column\" data-e-type=\"column\">\n\t\t\t<div class=\"elementor-widget-wrap elementor-element-populated\">\n\t\t\t\t\t\t<div class=\"elementor-element elementor-element-d7b2ba1 elementor-widget-divider--view-line elementor-widget elementor-widget-divider\" data-id=\"d7b2ba1\" data-element_type=\"widget\" data-e-type=\"widget\" data-widget_type=\"divider.default\">\n\t\t\t\t<div class=\"elementor-widget-container\">\n\t\t\t\t\t\t\t<div class=\"elementor-divider\">\n\t\t\t<span class=\"elementor-divider-separator\">\n\t\t\t\t\t\t<\/span>\n\t\t<\/div>\n\t\t\t\t\t\t<\/div>\n\t\t\t\t<\/div>\n\t\t\t\t\t<\/div>\n\t\t<\/div>\n\t\t\t\t\t<\/div>\n\t\t<\/section>\n\t\t\t\t<section class=\"elementor-section elementor-top-section elementor-element elementor-element-2e89f12 elementor-section-boxed elementor-section-height-default elementor-section-height-default\" data-id=\"2e89f12\" data-element_type=\"section\" data-e-type=\"section\">\n\t\t\t\t\t\t<div class=\"elementor-container elementor-column-gap-default\">\n\t\t\t\t\t<div class=\"elementor-column elementor-col-33 elementor-top-column elementor-element elementor-element-1b7dee5\" data-id=\"1b7dee5\" data-element_type=\"column\" data-e-type=\"column\">\n\t\t\t<div class=\"elementor-widget-wrap elementor-element-populated\">\n\t\t\t\t\t\t<div class=\"elementor-element elementor-element-83c956c elementor-widget elementor-widget-image\" data-id=\"83c956c\" data-element_type=\"widget\" data-e-type=\"widget\" data-widget_type=\"image.default\">\n\t\t\t\t<div class=\"elementor-widget-container\">\n\t\t\t\t\t\t\t\t\t\t\t\t\t\t\t<img decoding=\"async\" width=\"1024\" height=\"1018\" src=\"https:\/\/cfr-psy.ruhr-uni-bochum.de\/wp-content\/uploads\/2020\/11\/CMYK_Logo_gross_GENDER-LGBTIQ_transparenterHintergrund-1024x1018.png\" class=\"attachment-large size-large wp-image-351\" alt=\"\" srcset=\"https:\/\/cfr-psy.ruhr-uni-bochum.de\/wp-content\/uploads\/2020\/11\/CMYK_Logo_gross_GENDER-LGBTIQ_transparenterHintergrund-1024x1018.png 1024w, https:\/\/cfr-psy.ruhr-uni-bochum.de\/wp-content\/uploads\/2020\/11\/CMYK_Logo_gross_GENDER-LGBTIQ_transparenterHintergrund-300x298.png 300w, https:\/\/cfr-psy.ruhr-uni-bochum.de\/wp-content\/uploads\/2020\/11\/CMYK_Logo_gross_GENDER-LGBTIQ_transparenterHintergrund-150x150.png 150w, https:\/\/cfr-psy.ruhr-uni-bochum.de\/wp-content\/uploads\/2020\/11\/CMYK_Logo_gross_GENDER-LGBTIQ_transparenterHintergrund-768x764.png 768w, https:\/\/cfr-psy.ruhr-uni-bochum.de\/wp-content\/uploads\/2020\/11\/CMYK_Logo_gross_GENDER-LGBTIQ_transparenterHintergrund-1536x1527.png 1536w, https:\/\/cfr-psy.ruhr-uni-bochum.de\/wp-content\/uploads\/2020\/11\/CMYK_Logo_gross_GENDER-LGBTIQ_transparenterHintergrund-2048x2037.png 2048w\" sizes=\"(max-width: 1024px) 100vw, 1024px\" \/>\t\t\t\t\t\t\t\t\t\t\t\t\t\t\t<\/div>\n\t\t\t\t<\/div>\n\t\t\t\t\t<\/div>\n\t\t<\/div>\n\t\t\t\t<div class=\"elementor-column elementor-col-66 elementor-top-column elementor-element elementor-element-63788bd\" data-id=\"63788bd\" data-element_type=\"column\" data-e-type=\"column\">\n\t\t\t<div class=\"elementor-widget-wrap elementor-element-populated\">\n\t\t\t\t\t\t<div class=\"elementor-element elementor-element-0872394 elementor-widget elementor-widget-text-editor\" data-id=\"0872394\" data-element_type=\"widget\" data-e-type=\"widget\" data-widget_type=\"text-editor.default\">\n\t\t\t\t<div class=\"elementor-widget-container\">\n\t\t\t\t\t\t\t\t\t<h4><span lang=\"EN-US\" style=\"color: #000000;\">Gender, Equality, Needs \u2013 Diversity Efforts at Ruhr University for LGBTIQ*-Students<\/span><\/h4><p><span style=\"color: #000000;\">Co-Leitung: Dr. Julian Busch &amp; Prof. Dr. Birgit Leyendecker<\/span><\/p><p><span style=\"color: #000000;\">Laufzeit: September 2018 \u2013 August 2020<\/span><br \/><span style=\"color: #000000;\">F\u00f6rderung: Lore Agnes Programm der Ruhr-Universit\u00e4t<\/span><\/p><p><span style=\"color: #000000;\">Weiterf\u00fchrende Informationen<\/span> <a href=\"https:\/\/cfr-psy.ruhr-uni-bochum.de\/en\/gender\/\">hier.<\/a><\/p>\t\t\t\t\t\t\t\t<\/div>\n\t\t\t\t<\/div>\n\t\t\t\t\t<\/div>\n\t\t<\/div>\n\t\t\t\t\t<\/div>\n\t\t<\/section>\n\t\t\t\t<section class=\"elementor-section elementor-top-section elementor-element elementor-element-ca3e55e elementor-section-boxed elementor-section-height-default elementor-section-height-default\" data-id=\"ca3e55e\" data-element_type=\"section\" data-e-type=\"section\">\n\t\t\t\t\t\t<div class=\"elementor-container elementor-column-gap-default\">\n\t\t\t\t\t<div class=\"elementor-column elementor-col-100 elementor-top-column elementor-element elementor-element-5e9ed1d\" data-id=\"5e9ed1d\" data-element_type=\"column\" data-e-type=\"column\">\n\t\t\t<div class=\"elementor-widget-wrap elementor-element-populated\">\n\t\t\t\t\t\t<div class=\"elementor-element elementor-element-881d5d0 elementor-widget-divider--view-line elementor-widget elementor-widget-divider\" data-id=\"881d5d0\" data-element_type=\"widget\" data-e-type=\"widget\" data-widget_type=\"divider.default\">\n\t\t\t\t<div class=\"elementor-widget-container\">\n\t\t\t\t\t\t\t<div class=\"elementor-divider\">\n\t\t\t<span class=\"elementor-divider-separator\">\n\t\t\t\t\t\t<\/span>\n\t\t<\/div>\n\t\t\t\t\t\t<\/div>\n\t\t\t\t<\/div>\n\t\t\t\t\t<\/div>\n\t\t<\/div>\n\t\t\t\t\t<\/div>\n\t\t<\/section>\n\t\t\t\t<section class=\"elementor-section elementor-top-section elementor-element elementor-element-caf541c elementor-section-boxed elementor-section-height-default elementor-section-height-default\" data-id=\"caf541c\" data-element_type=\"section\" data-e-type=\"section\">\n\t\t\t\t\t\t<div class=\"elementor-container elementor-column-gap-default\">\n\t\t\t\t\t<div class=\"elementor-column elementor-col-33 elementor-top-column elementor-element elementor-element-d933ecd\" data-id=\"d933ecd\" data-element_type=\"column\" data-e-type=\"column\">\n\t\t\t<div class=\"elementor-widget-wrap elementor-element-populated\">\n\t\t\t\t\t\t<div class=\"elementor-element elementor-element-c6b555e elementor-widget elementor-widget-image\" data-id=\"c6b555e\" data-element_type=\"widget\" data-e-type=\"widget\" data-widget_type=\"image.default\">\n\t\t\t\t<div class=\"elementor-widget-container\">\n\t\t\t\t\t\t\t\t\t\t\t\t\t\t\t<img decoding=\"async\" width=\"1024\" height=\"164\" src=\"https:\/\/cfr-psy.ruhr-uni-bochum.de\/wp-content\/uploads\/2020\/11\/CMYK_Logo_asyLSBTIQ_transparenterHintergrund-1024x164.png\" class=\"attachment-large size-large wp-image-357\" alt=\"\" srcset=\"https:\/\/cfr-psy.ruhr-uni-bochum.de\/wp-content\/uploads\/2020\/11\/CMYK_Logo_asyLSBTIQ_transparenterHintergrund-1024x164.png 1024w, https:\/\/cfr-psy.ruhr-uni-bochum.de\/wp-content\/uploads\/2020\/11\/CMYK_Logo_asyLSBTIQ_transparenterHintergrund-300x48.png 300w, https:\/\/cfr-psy.ruhr-uni-bochum.de\/wp-content\/uploads\/2020\/11\/CMYK_Logo_asyLSBTIQ_transparenterHintergrund-768x123.png 768w, https:\/\/cfr-psy.ruhr-uni-bochum.de\/wp-content\/uploads\/2020\/11\/CMYK_Logo_asyLSBTIQ_transparenterHintergrund-1536x246.png 1536w, https:\/\/cfr-psy.ruhr-uni-bochum.de\/wp-content\/uploads\/2020\/11\/CMYK_Logo_asyLSBTIQ_transparenterHintergrund-2048x328.png 2048w\" sizes=\"(max-width: 1024px) 100vw, 1024px\" \/>\t\t\t\t\t\t\t\t\t\t\t\t\t\t\t<\/div>\n\t\t\t\t<\/div>\n\t\t\t\t\t<\/div>\n\t\t<\/div>\n\t\t\t\t<div class=\"elementor-column elementor-col-66 elementor-top-column elementor-element elementor-element-7507cc4\" data-id=\"7507cc4\" data-element_type=\"column\" data-e-type=\"column\">\n\t\t\t<div class=\"elementor-widget-wrap elementor-element-populated\">\n\t\t\t\t\t\t<div class=\"elementor-element elementor-element-07a3a18 elementor-widget elementor-widget-text-editor\" data-id=\"07a3a18\" data-element_type=\"widget\" data-e-type=\"widget\" data-widget_type=\"text-editor.default\">\n\t\t\t\t<div class=\"elementor-widget-container\">\n\t\t\t\t\t\t\t\t\t<h4><span style=\"color: #000000;\">asyLSBTIQ*<\/span><\/h4><div><p><span style=\"color: #000000;\">Co-Leitung: Dr. Julian Busch &amp; Prof. Dr. Birgit Leyendecker<\/span><\/p><p><span style=\"color: #000000;\">Laufzeit: August 2018 \u2013 September 2019<\/span><br \/><span style=\"color: #000000;\">F\u00f6rderung: Ministerium f\u00fcr Kinder, Familie, Fl\u00fcchtlinge und Integration des Landes NRW (MKFFI)<\/span><\/p><p><span style=\"color: #000000;\">Weiterf\u00fchrende Informationen<\/span> <a href=\"https:\/\/cfr-psy.ruhr-uni-bochum.de\/en\/asylsbtiq\/\">hier<\/a>.<\/p><\/div>\t\t\t\t\t\t\t\t<\/div>\n\t\t\t\t<\/div>\n\t\t\t\t\t<\/div>\n\t\t<\/div>\n\t\t\t\t\t<\/div>\n\t\t<\/section>\n\t\t\t\t<section class=\"elementor-section elementor-top-section elementor-element elementor-element-d85aec9 elementor-section-boxed elementor-section-height-default elementor-section-height-default\" data-id=\"d85aec9\" data-element_type=\"section\" data-e-type=\"section\">\n\t\t\t\t\t\t<div class=\"elementor-container elementor-column-gap-default\">\n\t\t\t\t\t<div class=\"elementor-column elementor-col-100 elementor-top-column elementor-element elementor-element-e40604e\" data-id=\"e40604e\" data-element_type=\"column\" data-e-type=\"column\">\n\t\t\t<div class=\"elementor-widget-wrap elementor-element-populated\">\n\t\t\t\t\t\t<div class=\"elementor-element elementor-element-3dca1a0 elementor-widget elementor-widget-spacer\" data-id=\"3dca1a0\" data-element_type=\"widget\" data-e-type=\"widget\" data-widget_type=\"spacer.default\">\n\t\t\t\t<div class=\"elementor-widget-container\">\n\t\t\t\t\t\t\t<div class=\"elementor-spacer\">\n\t\t\t<div class=\"elementor-spacer-inner\"><\/div>\n\t\t<\/div>\n\t\t\t\t\t\t<\/div>\n\t\t\t\t<\/div>\n\t\t\t\t\t<\/div>\n\t\t<\/div>\n\t\t\t\t\t<\/div>\n\t\t<\/section>\n\t\t\t\t<\/div>","protected":false},"excerpt":{"rendered":"<p>Projekte zu LGBTIQ* Gender, Equality, Needs \u2013 Diversity Efforts at Ruhr University for LGBTIQ*-Students Co-Leitung: Dr. Julian Busch &amp; Prof. Dr. Birgit Leyendecker Laufzeit: September 2018 \u2013 August 2020F\u00f6rderung: Lore Agnes Programm der Ruhr-Universit\u00e4t Weiterf\u00fchrende Informationen hier. asyLSBTIQ* Co-Leitung: Dr. Julian Busch &amp; Prof. Dr. Birgit Leyendecker Laufzeit: August 2018 \u2013 September 2019F\u00f6rderung: Ministerium f\u00fcr&hellip;&nbsp;<a href=\"https:\/\/cfr-psy.ruhr-uni-bochum.de\/en\/lgbtiq\/\" class=\"\" rel=\"bookmark\">Read More &raquo;<span class=\"screen-reader-text\">LGBTIQ*<\/span><\/a><\/p>","protected":false},"author":2,"featured_media":0,"parent":0,"menu_order":0,"comment_status":"closed","ping_status":"closed","template":"page-templates\/template-pagebuilder-full-width.php","meta":{"kia_subtitle":"","neve_meta_sidebar":"full-width","neve_meta_container":"","neve_meta_enable_content_width":"on","neve_meta_content_width":100,"neve_meta_title_alignment":"","neve_meta_author_avatar":"","neve_post_elements_order":"","neve_meta_disable_header":"","neve_meta_disable_footer":"","neve_meta_disable_title":"","footnotes":""},"class_list":["post-269","page","type-page","status-publish","hentry"],"yoast_head":"<!-- This site is optimized with the Yoast SEO plugin v27.3 - https:\/\/yoast.com\/product\/yoast-seo-wordpress\/ -->\n<title>LGBTIQ* - Child and Family Research<\/title>\n<meta name=\"robots\" content=\"index, follow, max-snippet:-1, max-image-preview:large, max-video-preview:-1\" \/>\n<link rel=\"canonical\" href=\"https:\/\/cfr-psy.ruhr-uni-bochum.de\/en\/lgbtiq\/\" \/>\n<meta property=\"og:locale\" content=\"en_GB\" \/>\n<meta property=\"og:type\" content=\"article\" \/>\n<meta property=\"og:title\" content=\"LGBTIQ* - Child and Family Research\" \/>\n<meta property=\"og:description\" content=\"Projekte zu LGBTIQ* Gender, Equality, Needs \u2013 Diversity Efforts at Ruhr University for LGBTIQ*-Students Co-Leitung: Dr. Julian Busch &amp; Prof. Dr. Birgit Leyendecker Laufzeit: September 2018 \u2013 August 2020F\u00f6rderung: Lore Agnes Programm der Ruhr-Universit\u00e4t Weiterf\u00fchrende Informationen hier. asyLSBTIQ* Co-Leitung: Dr. Julian Busch &amp; Prof. Dr. Birgit Leyendecker Laufzeit: August 2018 \u2013 September 2019F\u00f6rderung: Ministerium f\u00fcr&hellip;&nbsp;Read More &raquo;LGBTIQ*\" \/>\n<meta property=\"og:url\" content=\"https:\/\/cfr-psy.ruhr-uni-bochum.de\/en\/lgbtiq\/\" \/>\n<meta property=\"og:site_name\" content=\"Child and Family Research\" \/>\n<meta property=\"article:modified_time\" content=\"2021-08-02T09:49:28+00:00\" \/>\n<meta property=\"og:image\" content=\"https:\/\/cfr-psy.ruhr-uni-bochum.de\/wp-content\/uploads\/2021\/05\/LGBTQI-1536x479.jpeg\" \/>\n<meta name=\"twitter:card\" content=\"summary_large_image\" \/>\n<meta name=\"twitter:label1\" content=\"Estimated reading time\" \/>\n\t<meta name=\"twitter:data1\" content=\"1 minute\" \/>\n<script type=\"application\/ld+json\" class=\"yoast-schema-graph\">{\"@context\":\"https:\\\/\\\/schema.org\",\"@graph\":[{\"@type\":\"WebPage\",\"@id\":\"https:\\\/\\\/cfr-psy.ruhr-uni-bochum.de\\\/lgbtiq\\\/\",\"url\":\"https:\\\/\\\/cfr-psy.ruhr-uni-bochum.de\\\/lgbtiq\\\/\",\"name\":\"LGBTIQ* - Child and Family Research\",\"isPartOf\":{\"@id\":\"https:\\\/\\\/cfr-psy.ruhr-uni-bochum.de\\\/#website\"},\"primaryImageOfPage\":{\"@id\":\"https:\\\/\\\/cfr-psy.ruhr-uni-bochum.de\\\/lgbtiq\\\/#primaryimage\"},\"image\":{\"@id\":\"https:\\\/\\\/cfr-psy.ruhr-uni-bochum.de\\\/lgbtiq\\\/#primaryimage\"},\"thumbnailUrl\":\"https:\\\/\\\/cfr-psy.ruhr-uni-bochum.de\\\/wp-content\\\/uploads\\\/2021\\\/05\\\/LGBTQI-1536x479.jpeg\",\"datePublished\":\"2020-11-09T19:50:53+00:00\",\"dateModified\":\"2021-08-02T09:49:28+00:00\",\"breadcrumb\":{\"@id\":\"https:\\\/\\\/cfr-psy.ruhr-uni-bochum.de\\\/lgbtiq\\\/#breadcrumb\"},\"inLanguage\":\"en-GB\",\"potentialAction\":[{\"@type\":\"ReadAction\",\"target\":[\"https:\\\/\\\/cfr-psy.ruhr-uni-bochum.de\\\/lgbtiq\\\/\"]}]},{\"@type\":\"ImageObject\",\"inLanguage\":\"en-GB\",\"@id\":\"https:\\\/\\\/cfr-psy.ruhr-uni-bochum.de\\\/lgbtiq\\\/#primaryimage\",\"url\":\"https:\\\/\\\/cfr-psy.ruhr-uni-bochum.de\\\/wp-content\\\/uploads\\\/2021\\\/05\\\/LGBTQI-1536x479.jpeg\",\"contentUrl\":\"https:\\\/\\\/cfr-psy.ruhr-uni-bochum.de\\\/wp-content\\\/uploads\\\/2021\\\/05\\\/LGBTQI-1536x479.jpeg\"},{\"@type\":\"BreadcrumbList\",\"@id\":\"https:\\\/\\\/cfr-psy.ruhr-uni-bochum.de\\\/lgbtiq\\\/#breadcrumb\",\"itemListElement\":[{\"@type\":\"ListItem\",\"position\":1,\"name\":\"Startseite\",\"item\":\"https:\\\/\\\/cfr-psy.ruhr-uni-bochum.de\\\/\"},{\"@type\":\"ListItem\",\"position\":2,\"name\":\"LGBTIQ*\"}]},{\"@type\":\"WebSite\",\"@id\":\"https:\\\/\\\/cfr-psy.ruhr-uni-bochum.de\\\/#website\",\"url\":\"https:\\\/\\\/cfr-psy.ruhr-uni-bochum.de\\\/\",\"name\":\"Child and Family Research\",\"description\":\"Arbeitsgruppe an der Fakult\u00e4t f\u00fcr Psychologie\",\"publisher\":{\"@id\":\"https:\\\/\\\/cfr-psy.ruhr-uni-bochum.de\\\/#organization\"},\"potentialAction\":[{\"@type\":\"SearchAction\",\"target\":{\"@type\":\"EntryPoint\",\"urlTemplate\":\"https:\\\/\\\/cfr-psy.ruhr-uni-bochum.de\\\/?s={search_term_string}\"},\"query-input\":{\"@type\":\"PropertyValueSpecification\",\"valueRequired\":true,\"valueName\":\"search_term_string\"}}],\"inLanguage\":\"en-GB\"},{\"@type\":\"Organization\",\"@id\":\"https:\\\/\\\/cfr-psy.ruhr-uni-bochum.de\\\/#organization\",\"name\":\"Child and Family Research\",\"url\":\"https:\\\/\\\/cfr-psy.ruhr-uni-bochum.de\\\/\",\"logo\":{\"@type\":\"ImageObject\",\"inLanguage\":\"en-GB\",\"@id\":\"https:\\\/\\\/cfr-psy.ruhr-uni-bochum.de\\\/#\\\/schema\\\/logo\\\/image\\\/\",\"url\":\"https:\\\/\\\/cfr-psy.ruhr-uni-bochum.de\\\/wp-content\\\/uploads\\\/2020\\\/10\\\/cropped-LOGO_CFR__kurz_bunt.png\",\"contentUrl\":\"https:\\\/\\\/cfr-psy.ruhr-uni-bochum.de\\\/wp-content\\\/uploads\\\/2020\\\/10\\\/cropped-LOGO_CFR__kurz_bunt.png\",\"width\":640,\"height\":257,\"caption\":\"Child and Family Research\"},\"image\":{\"@id\":\"https:\\\/\\\/cfr-psy.ruhr-uni-bochum.de\\\/#\\\/schema\\\/logo\\\/image\\\/\"}}]}<\/script>\n<!-- \/ Yoast SEO plugin. -->","yoast_head_json":{"title":"LGBTIQ* - Child and Family Research","robots":{"index":"index","follow":"follow","max-snippet":"max-snippet:-1","max-image-preview":"max-image-preview:large","max-video-preview":"max-video-preview:-1"},"canonical":"https:\/\/cfr-psy.ruhr-uni-bochum.de\/en\/lgbtiq\/","og_locale":"en_GB","og_type":"article","og_title":"LGBTIQ* - Child and Family Research","og_description":"Projekte zu LGBTIQ* Gender, Equality, Needs \u2013 Diversity Efforts at Ruhr University for LGBTIQ*-Students Co-Leitung: Dr. Julian Busch &amp; Prof. Dr. Birgit Leyendecker Laufzeit: September 2018 \u2013 August 2020F\u00f6rderung: Lore Agnes Programm der Ruhr-Universit\u00e4t Weiterf\u00fchrende Informationen hier. asyLSBTIQ* Co-Leitung: Dr. Julian Busch &amp; Prof. Dr. Birgit Leyendecker Laufzeit: August 2018 \u2013 September 2019F\u00f6rderung: Ministerium f\u00fcr&hellip;&nbsp;Read More &raquo;LGBTIQ*","og_url":"https:\/\/cfr-psy.ruhr-uni-bochum.de\/en\/lgbtiq\/","og_site_name":"Child and Family Research","article_modified_time":"2021-08-02T09:49:28+00:00","og_image":[{"url":"https:\/\/cfr-psy.ruhr-uni-bochum.de\/wp-content\/uploads\/2021\/05\/LGBTQI-1536x479.jpeg","type":"","width":"","height":""}],"twitter_card":"summary_large_image","twitter_misc":{"Estimated reading time":"1 minute"},"schema":{"@context":"https:\/\/schema.org","@graph":[{"@type":"WebPage","@id":"https:\/\/cfr-psy.ruhr-uni-bochum.de\/lgbtiq\/","url":"https:\/\/cfr-psy.ruhr-uni-bochum.de\/lgbtiq\/","name":"LGBTIQ* - Child and Family Research","isPartOf":{"@id":"https:\/\/cfr-psy.ruhr-uni-bochum.de\/#website"},"primaryImageOfPage":{"@id":"https:\/\/cfr-psy.ruhr-uni-bochum.de\/lgbtiq\/#primaryimage"},"image":{"@id":"https:\/\/cfr-psy.ruhr-uni-bochum.de\/lgbtiq\/#primaryimage"},"thumbnailUrl":"https:\/\/cfr-psy.ruhr-uni-bochum.de\/wp-content\/uploads\/2021\/05\/LGBTQI-1536x479.jpeg","datePublished":"2020-11-09T19:50:53+00:00","dateModified":"2021-08-02T09:49:28+00:00","breadcrumb":{"@id":"https:\/\/cfr-psy.ruhr-uni-bochum.de\/lgbtiq\/#breadcrumb"},"inLanguage":"en-GB","potentialAction":[{"@type":"ReadAction","target":["https:\/\/cfr-psy.ruhr-uni-bochum.de\/lgbtiq\/"]}]},{"@type":"ImageObject","inLanguage":"en-GB","@id":"https:\/\/cfr-psy.ruhr-uni-bochum.de\/lgbtiq\/#primaryimage","url":"https:\/\/cfr-psy.ruhr-uni-bochum.de\/wp-content\/uploads\/2021\/05\/LGBTQI-1536x479.jpeg","contentUrl":"https:\/\/cfr-psy.ruhr-uni-bochum.de\/wp-content\/uploads\/2021\/05\/LGBTQI-1536x479.jpeg"},{"@type":"BreadcrumbList","@id":"https:\/\/cfr-psy.ruhr-uni-bochum.de\/lgbtiq\/#breadcrumb","itemListElement":[{"@type":"ListItem","position":1,"name":"Startseite","item":"https:\/\/cfr-psy.ruhr-uni-bochum.de\/"},{"@type":"ListItem","position":2,"name":"LGBTIQ*"}]},{"@type":"WebSite","@id":"https:\/\/cfr-psy.ruhr-uni-bochum.de\/#website","url":"https:\/\/cfr-psy.ruhr-uni-bochum.de\/","name":"Child and Family Research","description":"Research group within the Faculty of Psychology","publisher":{"@id":"https:\/\/cfr-psy.ruhr-uni-bochum.de\/#organization"},"potentialAction":[{"@type":"SearchAction","target":{"@type":"EntryPoint","urlTemplate":"https:\/\/cfr-psy.ruhr-uni-bochum.de\/?s={search_term_string}"},"query-input":{"@type":"PropertyValueSpecification","valueRequired":true,"valueName":"search_term_string"}}],"inLanguage":"en-GB"},{"@type":"Organization","@id":"https:\/\/cfr-psy.ruhr-uni-bochum.de\/#organization","name":"Child and Family Research","url":"https:\/\/cfr-psy.ruhr-uni-bochum.de\/","logo":{"@type":"ImageObject","inLanguage":"en-GB","@id":"https:\/\/cfr-psy.ruhr-uni-bochum.de\/#\/schema\/logo\/image\/","url":"https:\/\/cfr-psy.ruhr-uni-bochum.de\/wp-content\/uploads\/2020\/10\/cropped-LOGO_CFR__kurz_bunt.png","contentUrl":"https:\/\/cfr-psy.ruhr-uni-bochum.de\/wp-content\/uploads\/2020\/10\/cropped-LOGO_CFR__kurz_bunt.png","width":640,"height":257,"caption":"Child and Family Research"},"image":{"@id":"https:\/\/cfr-psy.ruhr-uni-bochum.de\/#\/schema\/logo\/image\/"}}]}},"_links":{"self":[{"href":"https:\/\/cfr-psy.ruhr-uni-bochum.de\/en\/wp-json\/wp\/v2\/pages\/269","targetHints":{"allow":["GET"]}}],"collection":[{"href":"https:\/\/cfr-psy.ruhr-uni-bochum.de\/en\/wp-json\/wp\/v2\/pages"}],"about":[{"href":"https:\/\/cfr-psy.ruhr-uni-bochum.de\/en\/wp-json\/wp\/v2\/types\/page"}],"author":[{"embeddable":true,"href":"https:\/\/cfr-psy.ruhr-uni-bochum.de\/en\/wp-json\/wp\/v2\/users\/2"}],"replies":[{"embeddable":true,"href":"https:\/\/cfr-psy.ruhr-uni-bochum.de\/en\/wp-json\/wp\/v2\/comments?post=269"}],"version-history":[{"count":22,"href":"https:\/\/cfr-psy.ruhr-uni-bochum.de\/en\/wp-json\/wp\/v2\/pages\/269\/revisions"}],"predecessor-version":[{"id":1278,"href":"https:\/\/cfr-psy.ruhr-uni-bochum.de\/en\/wp-json\/wp\/v2\/pages\/269\/revisions\/1278"}],"wp:attachment":[{"href":"https:\/\/cfr-psy.ruhr-uni-bochum.de\/en\/wp-json\/wp\/v2\/media?parent=269"}],"curies":[{"name":"wp","href":"https:\/\/api.w.org\/{rel}","templated":true}]}}