{"id":294,"date":"2020-11-09T21:24:18","date_gmt":"2020-11-09T20:24:18","guid":{"rendered":"https:\/\/cfr-psy.ruhr-uni-bochum.de\/?page_id=294"},"modified":"2021-02-03T17:24:30","modified_gmt":"2021-02-03T16:24:30","slug":"mieka-s","status":"publish","type":"page","link":"https:\/\/cfr-psy.ruhr-uni-bochum.de\/en\/mieka-s\/","title":{"rendered":"MIEKA-S"},"content":{"rendered":"<div data-elementor-type=\"wp-page\" data-elementor-id=\"294\" class=\"elementor elementor-294\">\n\t\t\t\t\t\t<section class=\"elementor-section elementor-top-section elementor-element elementor-element-07cf823 elementor-section-boxed elementor-section-height-default elementor-section-height-default\" data-id=\"07cf823\" data-element_type=\"section\" data-e-type=\"section\">\n\t\t\t\t\t\t<div class=\"elementor-container elementor-column-gap-default\">\n\t\t\t\t\t<div class=\"elementor-column elementor-col-100 elementor-top-column elementor-element elementor-element-e17430c\" data-id=\"e17430c\" data-element_type=\"column\" data-e-type=\"column\">\n\t\t\t<div class=\"elementor-widget-wrap elementor-element-populated\">\n\t\t\t\t\t\t<div class=\"elementor-element elementor-element-5dcdefc elementor-widget elementor-widget-text-editor\" data-id=\"5dcdefc\" data-element_type=\"widget\" data-e-type=\"widget\" data-widget_type=\"text-editor.default\">\n\t\t\t\t<div class=\"elementor-widget-container\">\n\t\t\t\t\t\t\t\t\t<h1><img decoding=\"async\" class=\"size-medium wp-image-284 aligncenter\" src=\"https:\/\/cfr-psy.ruhr-uni-bochum.de\/wp-content\/uploads\/2020\/11\/MIEKA-300x154.png\" alt=\"\" width=\"300\" height=\"154\" srcset=\"https:\/\/cfr-psy.ruhr-uni-bochum.de\/wp-content\/uploads\/2020\/11\/MIEKA-300x154.png 300w, https:\/\/cfr-psy.ruhr-uni-bochum.de\/wp-content\/uploads\/2020\/11\/MIEKA.png 764w\" sizes=\"(max-width: 300px) 100vw, 300px\" \/><\/h1><p><span style=\"color: #000000;\">In Zusammenarbeit mit den Gesundheits\u00e4mtern der St\u00e4dte Bochum und Herne wurden von knapp 4000 Eltern, deren Kinder 2006 eingeschult wurden, Daten erhoben zu:<\/span><\/p><ul><li><span style=\"color: #000000;\">ihrer Lebenssituation (insbesondere <u>Migrationshintergrund und Bildung<\/u>),<\/span><\/li><li><span style=\"color: #000000;\">der Partizipation im Kindergarten (seit wann, Stunden pro Tag),<\/span><\/li><li><span style=\"color: #000000;\">ihren Erziehungseinstellungen (insbesondere im Hinblick auf Schule und Bildung) und<\/span><\/li><li><span style=\"color: #000000;\">ihren Erziehungspraktiken (Vorlesen, Spielen, <u>TV Konsum<\/u>, <u>extracurriculare Aktivit\u00e4ten<\/u>).<\/span><\/li><\/ul><p><span style=\"color: #000000;\">Dieser Fragebogen wird mit den Daten der Schuleingangsuntersuchungen verkn\u00fcpft. W\u00e4hrend der Fokus des L\u00e4ngsschnitts auf den t\u00fcrkischen Familien liegt, erlaubt die Befragung einer Einschulungskohorte die Einbeziehung von Eltern unterschiedlichster Herkunft. Damit l\u00e4sst sich \u00fcberpr\u00fcfen, inwieweit die Ergebnisse von MIEKA-RUB auf andere Gruppen von zugewanderten Familien \u00fcbertragen lassen.<\/span><\/p>\t\t\t\t\t\t\t\t<\/div>\n\t\t\t\t<\/div>\n\t\t\t\t\t<\/div>\n\t\t<\/div>\n\t\t\t\t\t<\/div>\n\t\t<\/section>\n\t\t\t\t<section class=\"elementor-section elementor-top-section elementor-element elementor-element-e1a6cf8 elementor-section-boxed elementor-section-height-default elementor-section-height-default\" data-id=\"e1a6cf8\" data-element_type=\"section\" data-e-type=\"section\">\n\t\t\t\t\t\t<div class=\"elementor-container elementor-column-gap-default\">\n\t\t\t\t\t<div class=\"elementor-column elementor-col-33 elementor-top-column elementor-element elementor-element-9c8196d\" data-id=\"9c8196d\" data-element_type=\"column\" data-e-type=\"column\">\n\t\t\t<div class=\"elementor-widget-wrap elementor-element-populated\">\n\t\t\t\t\t\t<div class=\"elementor-element elementor-element-31ab228 elementor-widget elementor-widget-image\" data-id=\"31ab228\" data-element_type=\"widget\" data-e-type=\"widget\" data-widget_type=\"image.default\">\n\t\t\t\t<div class=\"elementor-widget-container\">\n\t\t\t\t\t\t\t\t\t\t\t\t\t\t\t<img fetchpriority=\"high\" decoding=\"async\" width=\"500\" height=\"260\" src=\"https:\/\/cfr-psy.ruhr-uni-bochum.de\/wp-content\/uploads\/2020\/11\/MIEKA-S-GRAFIK1.jpg\" class=\"attachment-large size-large wp-image-297\" alt=\"\" srcset=\"https:\/\/cfr-psy.ruhr-uni-bochum.de\/wp-content\/uploads\/2020\/11\/MIEKA-S-GRAFIK1.jpg 500w, https:\/\/cfr-psy.ruhr-uni-bochum.de\/wp-content\/uploads\/2020\/11\/MIEKA-S-GRAFIK1-300x156.jpg 300w\" sizes=\"(max-width: 500px) 100vw, 500px\" \/>\t\t\t\t\t\t\t\t\t\t\t\t\t\t\t<\/div>\n\t\t\t\t<\/div>\n\t\t\t\t\t<\/div>\n\t\t<\/div>\n\t\t\t\t<div class=\"elementor-column elementor-col-33 elementor-top-column elementor-element elementor-element-7c4909e\" data-id=\"7c4909e\" data-element_type=\"column\" data-e-type=\"column\">\n\t\t\t<div class=\"elementor-widget-wrap elementor-element-populated\">\n\t\t\t\t\t\t<div class=\"elementor-element elementor-element-a02aa5b elementor-widget elementor-widget-image\" data-id=\"a02aa5b\" data-element_type=\"widget\" data-e-type=\"widget\" data-widget_type=\"image.default\">\n\t\t\t\t<div class=\"elementor-widget-container\">\n\t\t\t\t\t\t\t\t\t\t\t\t\t\t\t<img decoding=\"async\" width=\"400\" height=\"277\" src=\"https:\/\/cfr-psy.ruhr-uni-bochum.de\/wp-content\/uploads\/2020\/11\/MIEKA-S-GRAFIK2.jpg\" class=\"attachment-large size-large wp-image-299\" alt=\"\" srcset=\"https:\/\/cfr-psy.ruhr-uni-bochum.de\/wp-content\/uploads\/2020\/11\/MIEKA-S-GRAFIK2.jpg 400w, https:\/\/cfr-psy.ruhr-uni-bochum.de\/wp-content\/uploads\/2020\/11\/MIEKA-S-GRAFIK2-300x208.jpg 300w\" sizes=\"(max-width: 400px) 100vw, 400px\" \/>\t\t\t\t\t\t\t\t\t\t\t\t\t\t\t<\/div>\n\t\t\t\t<\/div>\n\t\t\t\t\t<\/div>\n\t\t<\/div>\n\t\t\t\t<div class=\"elementor-column elementor-col-33 elementor-top-column elementor-element elementor-element-5b7d885\" data-id=\"5b7d885\" data-element_type=\"column\" data-e-type=\"column\">\n\t\t\t<div class=\"elementor-widget-wrap elementor-element-populated\">\n\t\t\t\t\t\t<div class=\"elementor-element elementor-element-ae5bb32 elementor-widget elementor-widget-image\" data-id=\"ae5bb32\" data-element_type=\"widget\" data-e-type=\"widget\" data-widget_type=\"image.default\">\n\t\t\t\t<div class=\"elementor-widget-container\">\n\t\t\t\t\t\t\t\t\t\t\t\t\t\t\t<img loading=\"lazy\" decoding=\"async\" width=\"400\" height=\"304\" src=\"https:\/\/cfr-psy.ruhr-uni-bochum.de\/wp-content\/uploads\/2020\/11\/MIEKA-S-GRAFIK3.jpg\" class=\"attachment-large size-large wp-image-300\" alt=\"\" srcset=\"https:\/\/cfr-psy.ruhr-uni-bochum.de\/wp-content\/uploads\/2020\/11\/MIEKA-S-GRAFIK3.jpg 400w, https:\/\/cfr-psy.ruhr-uni-bochum.de\/wp-content\/uploads\/2020\/11\/MIEKA-S-GRAFIK3-300x228.jpg 300w\" sizes=\"(max-width: 400px) 100vw, 400px\" \/>\t\t\t\t\t\t\t\t\t\t\t\t\t\t\t<\/div>\n\t\t\t\t<\/div>\n\t\t\t\t\t<\/div>\n\t\t<\/div>\n\t\t\t\t\t<\/div>\n\t\t<\/section>\n\t\t\t\t<section class=\"elementor-section elementor-top-section elementor-element elementor-element-87b84a4 elementor-section-boxed elementor-section-height-default elementor-section-height-default\" data-id=\"87b84a4\" data-element_type=\"section\" data-e-type=\"section\">\n\t\t\t\t\t\t<div class=\"elementor-container elementor-column-gap-default\">\n\t\t\t\t\t<div class=\"elementor-column elementor-col-100 elementor-top-column elementor-element elementor-element-7049e4f\" data-id=\"7049e4f\" data-element_type=\"column\" data-e-type=\"column\">\n\t\t\t<div class=\"elementor-widget-wrap elementor-element-populated\">\n\t\t\t\t\t\t<div class=\"elementor-element elementor-element-e0e1529 elementor-widget elementor-widget-text-editor\" data-id=\"e0e1529\" data-element_type=\"widget\" data-e-type=\"widget\" data-widget_type=\"text-editor.default\">\n\t\t\t\t<div class=\"elementor-widget-container\">\n\t\t\t\t\t\t\t\t\t<h4><span style=\"color: #000000;\">Publikationen:<\/span><\/h4><p class=\"cvblock\"><span style=\"color: #000000;\">Leyendecker, B., Citlak, B., Schr\u00e4pler, K. &amp; Sch\u00f6lmerich, A.\u00a0 (2014). Bildungserwartungen beim \u00dcbergang in die Grundschule \u2013 Ein Vergleich von deutschen und zugewanderten Eltern. Zeitschrift f\u00fcr Familienforschung\/ Journal of Family Research, 26 (1), 70-93.<\/span><br \/><a href=\"http:\/\/www.zeitschrift-fuer-familienforschung.de\/pdf\/2014-1-leyendecker_citlak_schraepler_schoelmerich.pdf\">http:\/\/www.zeitschrift-fuer-familienforschung.de\/pdf\/2014-1-leyendecker_citlak_schraepler_schoelmerich.pdf<\/a><\/p>\t\t\t\t\t\t\t\t<\/div>\n\t\t\t\t<\/div>\n\t\t\t\t\t<\/div>\n\t\t<\/div>\n\t\t\t\t\t<\/div>\n\t\t<\/section>\n\t\t\t\t<\/div>","protected":false},"excerpt":{"rendered":"<p>In Zusammenarbeit mit den Gesundheits\u00e4mtern der St\u00e4dte Bochum und Herne wurden von knapp 4000 Eltern, deren Kinder 2006 eingeschult wurden, Daten erhoben zu: ihrer Lebenssituation (insbesondere Migrationshintergrund und Bildung), der Partizipation im Kindergarten (seit wann, Stunden pro Tag), ihren Erziehungseinstellungen (insbesondere im Hinblick auf Schule und Bildung) und ihren Erziehungspraktiken (Vorlesen, Spielen, TV Konsum, extracurriculare&hellip;&nbsp;<a href=\"https:\/\/cfr-psy.ruhr-uni-bochum.de\/en\/mieka-s\/\" class=\"\" rel=\"bookmark\">Read More &raquo;<span class=\"screen-reader-text\">MIEKA-S<\/span><\/a><\/p>","protected":false},"author":2,"featured_media":0,"parent":0,"menu_order":0,"comment_status":"closed","ping_status":"closed","template":"page-templates\/template-pagebuilder-full-width.php","meta":{"kia_subtitle":"","neve_meta_sidebar":"full-width","neve_meta_container":"","neve_meta_enable_content_width":"on","neve_meta_content_width":100,"neve_meta_title_alignment":"","neve_meta_author_avatar":"","neve_post_elements_order":"","neve_meta_disable_header":"","neve_meta_disable_footer":"","neve_meta_disable_title":"","footnotes":""},"class_list":["post-294","page","type-page","status-publish","hentry"],"yoast_head":"<!-- This site is optimized with the Yoast SEO plugin v27.3 - https:\/\/yoast.com\/product\/yoast-seo-wordpress\/ -->\n<title>MIEKA-S - Child and Family Research<\/title>\n<meta name=\"robots\" content=\"index, follow, max-snippet:-1, max-image-preview:large, max-video-preview:-1\" \/>\n<link rel=\"canonical\" href=\"https:\/\/cfr-psy.ruhr-uni-bochum.de\/en\/mieka-s\/\" \/>\n<meta property=\"og:locale\" content=\"en_GB\" \/>\n<meta property=\"og:type\" content=\"article\" \/>\n<meta property=\"og:title\" content=\"MIEKA-S - Child and Family Research\" \/>\n<meta property=\"og:description\" content=\"In Zusammenarbeit mit den Gesundheits\u00e4mtern der St\u00e4dte Bochum und Herne wurden von knapp 4000 Eltern, deren Kinder 2006 eingeschult wurden, Daten erhoben zu: ihrer Lebenssituation (insbesondere Migrationshintergrund und Bildung), der Partizipation im Kindergarten (seit wann, Stunden pro Tag), ihren Erziehungseinstellungen (insbesondere im Hinblick auf Schule und Bildung) und ihren Erziehungspraktiken (Vorlesen, Spielen, TV Konsum, extracurriculare&hellip;&nbsp;Read More &raquo;MIEKA-S\" \/>\n<meta property=\"og:url\" content=\"https:\/\/cfr-psy.ruhr-uni-bochum.de\/en\/mieka-s\/\" \/>\n<meta property=\"og:site_name\" content=\"Child and Family Research\" \/>\n<meta property=\"article:modified_time\" content=\"2021-02-03T16:24:30+00:00\" \/>\n<meta property=\"og:image\" content=\"https:\/\/cfr-psy.ruhr-uni-bochum.de\/wp-content\/uploads\/2020\/11\/MIEKA-300x154.png\" \/>\n<meta name=\"twitter:card\" content=\"summary_large_image\" \/>\n<meta name=\"twitter:label1\" content=\"Estimated reading time\" \/>\n\t<meta name=\"twitter:data1\" content=\"2 minutes\" \/>\n<script type=\"application\/ld+json\" class=\"yoast-schema-graph\">{\"@context\":\"https:\\\/\\\/schema.org\",\"@graph\":[{\"@type\":\"WebPage\",\"@id\":\"https:\\\/\\\/cfr-psy.ruhr-uni-bochum.de\\\/mieka-s\\\/\",\"url\":\"https:\\\/\\\/cfr-psy.ruhr-uni-bochum.de\\\/mieka-s\\\/\",\"name\":\"MIEKA-S - Child and Family Research\",\"isPartOf\":{\"@id\":\"https:\\\/\\\/cfr-psy.ruhr-uni-bochum.de\\\/#website\"},\"primaryImageOfPage\":{\"@id\":\"https:\\\/\\\/cfr-psy.ruhr-uni-bochum.de\\\/mieka-s\\\/#primaryimage\"},\"image\":{\"@id\":\"https:\\\/\\\/cfr-psy.ruhr-uni-bochum.de\\\/mieka-s\\\/#primaryimage\"},\"thumbnailUrl\":\"https:\\\/\\\/cfr-psy.ruhr-uni-bochum.de\\\/wp-content\\\/uploads\\\/2020\\\/11\\\/MIEKA-300x154.png\",\"datePublished\":\"2020-11-09T20:24:18+00:00\",\"dateModified\":\"2021-02-03T16:24:30+00:00\",\"breadcrumb\":{\"@id\":\"https:\\\/\\\/cfr-psy.ruhr-uni-bochum.de\\\/mieka-s\\\/#breadcrumb\"},\"inLanguage\":\"en-GB\",\"potentialAction\":[{\"@type\":\"ReadAction\",\"target\":[\"https:\\\/\\\/cfr-psy.ruhr-uni-bochum.de\\\/mieka-s\\\/\"]}]},{\"@type\":\"ImageObject\",\"inLanguage\":\"en-GB\",\"@id\":\"https:\\\/\\\/cfr-psy.ruhr-uni-bochum.de\\\/mieka-s\\\/#primaryimage\",\"url\":\"https:\\\/\\\/cfr-psy.ruhr-uni-bochum.de\\\/wp-content\\\/uploads\\\/2020\\\/11\\\/MIEKA-300x154.png\",\"contentUrl\":\"https:\\\/\\\/cfr-psy.ruhr-uni-bochum.de\\\/wp-content\\\/uploads\\\/2020\\\/11\\\/MIEKA-300x154.png\"},{\"@type\":\"BreadcrumbList\",\"@id\":\"https:\\\/\\\/cfr-psy.ruhr-uni-bochum.de\\\/mieka-s\\\/#breadcrumb\",\"itemListElement\":[{\"@type\":\"ListItem\",\"position\":1,\"name\":\"Startseite\",\"item\":\"https:\\\/\\\/cfr-psy.ruhr-uni-bochum.de\\\/\"},{\"@type\":\"ListItem\",\"position\":2,\"name\":\"MIEKA-S\"}]},{\"@type\":\"WebSite\",\"@id\":\"https:\\\/\\\/cfr-psy.ruhr-uni-bochum.de\\\/#website\",\"url\":\"https:\\\/\\\/cfr-psy.ruhr-uni-bochum.de\\\/\",\"name\":\"Child and Family Research\",\"description\":\"Arbeitsgruppe an der Fakult\u00e4t f\u00fcr Psychologie\",\"publisher\":{\"@id\":\"https:\\\/\\\/cfr-psy.ruhr-uni-bochum.de\\\/#organization\"},\"potentialAction\":[{\"@type\":\"SearchAction\",\"target\":{\"@type\":\"EntryPoint\",\"urlTemplate\":\"https:\\\/\\\/cfr-psy.ruhr-uni-bochum.de\\\/?s={search_term_string}\"},\"query-input\":{\"@type\":\"PropertyValueSpecification\",\"valueRequired\":true,\"valueName\":\"search_term_string\"}}],\"inLanguage\":\"en-GB\"},{\"@type\":\"Organization\",\"@id\":\"https:\\\/\\\/cfr-psy.ruhr-uni-bochum.de\\\/#organization\",\"name\":\"Child and Family Research\",\"url\":\"https:\\\/\\\/cfr-psy.ruhr-uni-bochum.de\\\/\",\"logo\":{\"@type\":\"ImageObject\",\"inLanguage\":\"en-GB\",\"@id\":\"https:\\\/\\\/cfr-psy.ruhr-uni-bochum.de\\\/#\\\/schema\\\/logo\\\/image\\\/\",\"url\":\"https:\\\/\\\/cfr-psy.ruhr-uni-bochum.de\\\/wp-content\\\/uploads\\\/2020\\\/10\\\/cropped-LOGO_CFR__kurz_bunt.png\",\"contentUrl\":\"https:\\\/\\\/cfr-psy.ruhr-uni-bochum.de\\\/wp-content\\\/uploads\\\/2020\\\/10\\\/cropped-LOGO_CFR__kurz_bunt.png\",\"width\":640,\"height\":257,\"caption\":\"Child and Family Research\"},\"image\":{\"@id\":\"https:\\\/\\\/cfr-psy.ruhr-uni-bochum.de\\\/#\\\/schema\\\/logo\\\/image\\\/\"}}]}<\/script>\n<!-- \/ Yoast SEO plugin. -->","yoast_head_json":{"title":"MIEKA-S - Child and Family Research","robots":{"index":"index","follow":"follow","max-snippet":"max-snippet:-1","max-image-preview":"max-image-preview:large","max-video-preview":"max-video-preview:-1"},"canonical":"https:\/\/cfr-psy.ruhr-uni-bochum.de\/en\/mieka-s\/","og_locale":"en_GB","og_type":"article","og_title":"MIEKA-S - Child and Family Research","og_description":"In Zusammenarbeit mit den Gesundheits\u00e4mtern der St\u00e4dte Bochum und Herne wurden von knapp 4000 Eltern, deren Kinder 2006 eingeschult wurden, Daten erhoben zu: ihrer Lebenssituation (insbesondere Migrationshintergrund und Bildung), der Partizipation im Kindergarten (seit wann, Stunden pro Tag), ihren Erziehungseinstellungen (insbesondere im Hinblick auf Schule und Bildung) und ihren Erziehungspraktiken (Vorlesen, Spielen, TV Konsum, extracurriculare&hellip;&nbsp;Read More &raquo;MIEKA-S","og_url":"https:\/\/cfr-psy.ruhr-uni-bochum.de\/en\/mieka-s\/","og_site_name":"Child and Family Research","article_modified_time":"2021-02-03T16:24:30+00:00","og_image":[{"url":"https:\/\/cfr-psy.ruhr-uni-bochum.de\/wp-content\/uploads\/2020\/11\/MIEKA-300x154.png","type":"","width":"","height":""}],"twitter_card":"summary_large_image","twitter_misc":{"Estimated reading time":"2 minutes"},"schema":{"@context":"https:\/\/schema.org","@graph":[{"@type":"WebPage","@id":"https:\/\/cfr-psy.ruhr-uni-bochum.de\/mieka-s\/","url":"https:\/\/cfr-psy.ruhr-uni-bochum.de\/mieka-s\/","name":"MIEKA-S - Child and Family Research","isPartOf":{"@id":"https:\/\/cfr-psy.ruhr-uni-bochum.de\/#website"},"primaryImageOfPage":{"@id":"https:\/\/cfr-psy.ruhr-uni-bochum.de\/mieka-s\/#primaryimage"},"image":{"@id":"https:\/\/cfr-psy.ruhr-uni-bochum.de\/mieka-s\/#primaryimage"},"thumbnailUrl":"https:\/\/cfr-psy.ruhr-uni-bochum.de\/wp-content\/uploads\/2020\/11\/MIEKA-300x154.png","datePublished":"2020-11-09T20:24:18+00:00","dateModified":"2021-02-03T16:24:30+00:00","breadcrumb":{"@id":"https:\/\/cfr-psy.ruhr-uni-bochum.de\/mieka-s\/#breadcrumb"},"inLanguage":"en-GB","potentialAction":[{"@type":"ReadAction","target":["https:\/\/cfr-psy.ruhr-uni-bochum.de\/mieka-s\/"]}]},{"@type":"ImageObject","inLanguage":"en-GB","@id":"https:\/\/cfr-psy.ruhr-uni-bochum.de\/mieka-s\/#primaryimage","url":"https:\/\/cfr-psy.ruhr-uni-bochum.de\/wp-content\/uploads\/2020\/11\/MIEKA-300x154.png","contentUrl":"https:\/\/cfr-psy.ruhr-uni-bochum.de\/wp-content\/uploads\/2020\/11\/MIEKA-300x154.png"},{"@type":"BreadcrumbList","@id":"https:\/\/cfr-psy.ruhr-uni-bochum.de\/mieka-s\/#breadcrumb","itemListElement":[{"@type":"ListItem","position":1,"name":"Startseite","item":"https:\/\/cfr-psy.ruhr-uni-bochum.de\/"},{"@type":"ListItem","position":2,"name":"MIEKA-S"}]},{"@type":"WebSite","@id":"https:\/\/cfr-psy.ruhr-uni-bochum.de\/#website","url":"https:\/\/cfr-psy.ruhr-uni-bochum.de\/","name":"Child and Family Research","description":"Research group within the Faculty of Psychology","publisher":{"@id":"https:\/\/cfr-psy.ruhr-uni-bochum.de\/#organization"},"potentialAction":[{"@type":"SearchAction","target":{"@type":"EntryPoint","urlTemplate":"https:\/\/cfr-psy.ruhr-uni-bochum.de\/?s={search_term_string}"},"query-input":{"@type":"PropertyValueSpecification","valueRequired":true,"valueName":"search_term_string"}}],"inLanguage":"en-GB"},{"@type":"Organization","@id":"https:\/\/cfr-psy.ruhr-uni-bochum.de\/#organization","name":"Child and Family Research","url":"https:\/\/cfr-psy.ruhr-uni-bochum.de\/","logo":{"@type":"ImageObject","inLanguage":"en-GB","@id":"https:\/\/cfr-psy.ruhr-uni-bochum.de\/#\/schema\/logo\/image\/","url":"https:\/\/cfr-psy.ruhr-uni-bochum.de\/wp-content\/uploads\/2020\/10\/cropped-LOGO_CFR__kurz_bunt.png","contentUrl":"https:\/\/cfr-psy.ruhr-uni-bochum.de\/wp-content\/uploads\/2020\/10\/cropped-LOGO_CFR__kurz_bunt.png","width":640,"height":257,"caption":"Child and Family Research"},"image":{"@id":"https:\/\/cfr-psy.ruhr-uni-bochum.de\/#\/schema\/logo\/image\/"}}]}},"_links":{"self":[{"href":"https:\/\/cfr-psy.ruhr-uni-bochum.de\/en\/wp-json\/wp\/v2\/pages\/294","targetHints":{"allow":["GET"]}}],"collection":[{"href":"https:\/\/cfr-psy.ruhr-uni-bochum.de\/en\/wp-json\/wp\/v2\/pages"}],"about":[{"href":"https:\/\/cfr-psy.ruhr-uni-bochum.de\/en\/wp-json\/wp\/v2\/types\/page"}],"author":[{"embeddable":true,"href":"https:\/\/cfr-psy.ruhr-uni-bochum.de\/en\/wp-json\/wp\/v2\/users\/2"}],"replies":[{"embeddable":true,"href":"https:\/\/cfr-psy.ruhr-uni-bochum.de\/en\/wp-json\/wp\/v2\/comments?post=294"}],"version-history":[{"count":9,"href":"https:\/\/cfr-psy.ruhr-uni-bochum.de\/en\/wp-json\/wp\/v2\/pages\/294\/revisions"}],"predecessor-version":[{"id":886,"href":"https:\/\/cfr-psy.ruhr-uni-bochum.de\/en\/wp-json\/wp\/v2\/pages\/294\/revisions\/886"}],"wp:attachment":[{"href":"https:\/\/cfr-psy.ruhr-uni-bochum.de\/en\/wp-json\/wp\/v2\/media?parent=294"}],"curies":[{"name":"wp","href":"https:\/\/api.w.org\/{rel}","templated":true}]}}