{"id":311,"date":"2020-11-09T22:51:35","date_gmt":"2020-11-09T21:51:35","guid":{"rendered":"https:\/\/cfr-psy.ruhr-uni-bochum.de\/?page_id=311"},"modified":"2021-02-03T17:31:17","modified_gmt":"2021-02-03T16:31:17","slug":"kub-i","status":"publish","type":"page","link":"https:\/\/cfr-psy.ruhr-uni-bochum.de\/en\/kub-i\/","title":{"rendered":"KUB I"},"content":{"rendered":"<div data-elementor-type=\"wp-page\" data-elementor-id=\"311\" class=\"elementor elementor-311\">\n\t\t\t\t\t\t<section class=\"elementor-section elementor-top-section elementor-element elementor-element-6ebab47 elementor-section-boxed elementor-section-height-default elementor-section-height-default\" data-id=\"6ebab47\" data-element_type=\"section\" data-e-type=\"section\">\n\t\t\t\t\t\t<div class=\"elementor-container elementor-column-gap-default\">\n\t\t\t\t\t<div class=\"elementor-column elementor-col-50 elementor-top-column elementor-element elementor-element-9b5fd7f\" data-id=\"9b5fd7f\" data-element_type=\"column\" data-e-type=\"column\">\n\t\t\t<div class=\"elementor-widget-wrap elementor-element-populated\">\n\t\t\t\t\t\t<div class=\"elementor-element elementor-element-863d577 elementor-widget elementor-widget-image\" data-id=\"863d577\" data-element_type=\"widget\" data-e-type=\"widget\" data-widget_type=\"image.default\">\n\t\t\t\t<div class=\"elementor-widget-container\">\n\t\t\t\t\t\t\t\t\t\t\t\t\t\t\t<img fetchpriority=\"high\" decoding=\"async\" width=\"1024\" height=\"410\" src=\"https:\/\/cfr-psy.ruhr-uni-bochum.de\/wp-content\/uploads\/2020\/11\/Logo_Kulturen_ueberbruecken_4c-1024x410.jpg\" class=\"attachment-large size-large wp-image-309\" alt=\"\" srcset=\"https:\/\/cfr-psy.ruhr-uni-bochum.de\/wp-content\/uploads\/2020\/11\/Logo_Kulturen_ueberbruecken_4c-1024x410.jpg 1024w, https:\/\/cfr-psy.ruhr-uni-bochum.de\/wp-content\/uploads\/2020\/11\/Logo_Kulturen_ueberbruecken_4c-300x120.jpg 300w, https:\/\/cfr-psy.ruhr-uni-bochum.de\/wp-content\/uploads\/2020\/11\/Logo_Kulturen_ueberbruecken_4c-768x307.jpg 768w, https:\/\/cfr-psy.ruhr-uni-bochum.de\/wp-content\/uploads\/2020\/11\/Logo_Kulturen_ueberbruecken_4c-1536x615.jpg 1536w, https:\/\/cfr-psy.ruhr-uni-bochum.de\/wp-content\/uploads\/2020\/11\/Logo_Kulturen_ueberbruecken_4c-2048x819.jpg 2048w\" sizes=\"(max-width: 1024px) 100vw, 1024px\" \/>\t\t\t\t\t\t\t\t\t\t\t\t\t\t\t<\/div>\n\t\t\t\t<\/div>\n\t\t\t\t\t<\/div>\n\t\t<\/div>\n\t\t\t\t<div class=\"elementor-column elementor-col-50 elementor-top-column elementor-element elementor-element-f15d429\" data-id=\"f15d429\" data-element_type=\"column\" data-e-type=\"column\">\n\t\t\t<div class=\"elementor-widget-wrap elementor-element-populated\">\n\t\t\t\t\t\t<div class=\"elementor-element elementor-element-f1749c7 elementor-widget elementor-widget-text-editor\" data-id=\"f1749c7\" data-element_type=\"widget\" data-e-type=\"widget\" data-widget_type=\"text-editor.default\">\n\t\t\t\t<div class=\"elementor-widget-container\">\n\t\t\t\t\t\t\t\t\t<h1><span style=\"color: #000000;\">Kulturen \u00fcberbr\u00fccken (KUB I): Integration von Kindern mit Fluchterfahrungen in Kindertageseinrichtungen<\/span><\/h1><h4><span style=\"color: #000000;\">Zielsetzung:<\/span><\/h4><p><span style=\"color: #000000;\">Allein im Jahr 2016 sind 105.000 Kinder unter 7 Jahren nach Deutschland eingewandert. Rund ein Viertel aller Neuzugewanderten leben in Nordrhein-Westfalen. Die Gr\u00f6\u00dfenordnung der Neuzuwanderung im Altersbereich innerhalb eines so begrenzten Zeitraums stellt eine besondere Herausforderung f\u00fcr die fr\u00fchkindliche Bildung und Betreuung dar. Deshalb f\u00f6rdert das Landesministerium f\u00fcr Kinder, Familie, Flucht und Integration seit Juli 2015 die erg\u00e4nzende Einrichtung von Betreuungsgruppen, die speziell auf die p\u00e4dagogische Arbeit mit neuzugewanderten Kindern mit Fluchterfahrungen im Kita- und Vorschulalter ausgerichtet sind. Diese Gruppen werden als\u00a0Br\u00fcckenprojektebezeichnet, da sie einen erfolgreichen \u00dcbergang der Kinder in das nordrhein-westf\u00e4lische Bildungssystem unterst\u00fctzen.<\/span><\/p><p><span style=\"color: #000000;\">Gemeinsam mit der Universit\u00e4t Paderborn (Prof. Dr. Tim Albers) unterst\u00fctzte und begleitete das Verbundprojekt \u201cKulturen \u00dcberbr\u00fccken\u201d seit Ende die Br\u00fcckenprojekte. Der Schwerpunkt des Bochumer Teams lag auf der Evaluation der Br\u00fcckenprojekte und der Erforschung des psychischen Wohlbefindens der Kinder und der Fachkr\u00e4fte.<\/span><\/p><h3><span style=\"color: #000000;\">Kinder mit Fluchterfahrung; Vor welchen Herausforderungen stehen Fachkr\u00e4fte in Br\u00fcckenprojekten?<\/span><\/h3><p><span style=\"color: #000000;\">Rund ein Viertel aller Fl\u00fcchtlinge sind in NRW untergekommen. Das Land hat schnell darauf reagiert und sogenannte Br\u00fcckenprojekte f\u00fcr junge Kinder, die noch nicht schulpflichtig sind, eingerichtet. Diese zeichnen sich durch eine hohe Flexibilit\u00e4t aus und k\u00f6nnen beispielsweise direkt an den Fl\u00fcchtlingsunterk\u00fcnften angesiedelt sein. Nur eine Fachkraft, die die Kinder betreut, muss eine p\u00e4dagogische Ausbildung haben, jedoch hat kaum jemand schon Vorerfahrungen mit der Betreuung von gefl\u00fcchteten Kindern. Mit dem Ziel herauszufinden, vor welchen Herausforderungen die Fachkr\u00e4fte und Betreuer*innen stehen, haben wir zun\u00e4chst 28 halbstandardisierte Interviews durchgef\u00fchrt und ausgewertet. Diese Auswertungen dienten der Auswahl der Fragen f\u00fcr einen Fragebogen, der von 96 weiteren Fachkr\u00e4ften aus Br\u00fcckenprojekten ausgef\u00fcllt wurde. Der Fragebogen ergab, dass Fachkr\u00e4fte Herausforderungen in vier Bereichen sehen:<\/span><\/p><ul><li><span style=\"color: #000000;\">Zwischenmenschliche Belastungen (Konflikte zwischen\/mit Kindern und teils mit Eltern; Verhaltensprobleme der Kinder; eigene Belastung durch Fluchterfahrungen der Kinder)<\/span><\/li><li><span style=\"color: #000000;\">Durchf\u00fchrbarkeit (wechselnde Teilnehmerzahl, unregelm\u00e4\u00dfiger Besuch, Anreise der Kinder)<\/span><\/li><li><span style=\"color: #000000;\">Kulturelle und kommunikative Barrieren<\/span><\/li><li><span style=\"color: #000000;\">Strukturelle Merkmale der Gruppen (Unterschiedliches Alter der Kinder, Finanzierung, Anzahl der Kinder, Ausstattung).<\/span><\/li><\/ul><h4 style=\"text-align: left;\"><span style=\"color: #000000;\"><br \/><strong>Referenzen:<\/strong><\/span><\/h4><ul><li><span style=\"color: #000000;\">Busch, J., Bihler, L-M., Lembcke, H., Buchm\u00fcller, T., Diers, K. &amp; Leyendecker, B. (2018). Challenges and solutions perceived by educators in an early childcare program for refugee children. Frontiers in Psychology, Section Educational Psychology.\u00a0<\/span><a href=\"https:\/\/www.frontiersin.org\/articles\/10.3389\/fpsyg.2018.01621\/full\">https:\/\/www.frontiersin.org\/articles\/10.3389\/fpsyg.2018.01621\/full<\/a>\u00a0<\/li><li style=\"text-align: left;\"><span style=\"color: #000000;\">Leyendecker, B. &amp; Busch, J. (2018). Zusammenarbeit zwischen zugewanderten Familien und Kita \u2013 Pla\u0308doyer fu\u0308r eine niedrigschwellige Bildungspartnerschaft. <em>Fru\u0308he Kindheit, 6<\/em>. Berlin: Deutsche Liga fu\u0308r das Kind. Verf\u00fcgbar unter <\/span><a href=\"http:\/\/nifbe.de\/component\/themensammlung?view=item&amp;id=830:zusammenarbeit-zwischen-zugewanderten-familien-und-kita&amp;catid=58\">http:\/\/nifbe.de\/component\/themensammlung?view=item&amp;id=830:zusammenarbeit-zwischen-zugewanderten-familien-und-kita&amp;catid=58<\/a><\/li><\/ul><h3>\u00a0<\/h3><h3><span style=\"color: #000000;\">Psychische Belastung von gefl\u00fcchteten und neuzugewanderten Kindern<\/span><\/h3><p><span style=\"color: #000000;\">In einem n\u00e4chsten Schritt haben wir die psychischen Belastungen gefl\u00fcchteter Kinder untersucht, die unterschiedliche Br\u00fcckenprojekte besuchten.<\/span><\/p><ul><li><span style=\"color: #000000;\">Die gefl\u00fcchteten Kinder waren nach Einsch\u00e4tzung der Fachkr\u00e4fte in den Br\u00fcckenprojekten deutlich h\u00f6her belastet als eine Vergleichsgruppe in den Bereichen aggressives Verhalten, Probleme mit Gleichaltrigen, und Aufmerksamkeitsprobleme.<\/span><\/li><\/ul><ul><li><span style=\"color: #000000;\">Weiterhin zeigen gefl\u00fcchtete Kinder aus Kriegsgebieten (z.B. Syrien, Afghanistan) \u00e4hnlich hohe psychische Belastungen wie gefl\u00fcchtete Kinder aus Nicht-Kriegsgebieten (z. B. Marokko, Serbien). Dies deutet darauf hin, dass nicht nur die Erfahrungen vor der Flucht, sondern auch die Lebensumst\u00e4nde nach dem Ankommen in Deutschland zu erh\u00f6hter psychischer Belastung beitragen.<\/span><\/li><\/ul><h4>\u00a0<\/h4><h4><span style=\"color: #000000;\">Referenzen:<\/span><\/h4><ul><li><span style=\"color: #000000;\">Buchm\u00fcller, T., Lembcke, H., Ialuna, F., Busch, J., &amp; Leyendecker, B. (2019). Mental health needs of refugee children in specialized early education and care programs in Germany. Journal of Immigrant and Minority Health.\u00a0<\/span><a href=\"https:\/\/doi.org\/10.1007\/s10903-019-00896-4\">https:\/\/doi.org\/10.1007\/s10903-019-00896-4<\/a>\u00a0<\/li><li><span style=\"color: #000000;\">Buchm\u00fcller, T., Lembcke, H., Busch, J., Kumsta, R., &amp; Leyendecker, B. (2018). Exploring mental health status and syndrome patterns among young refugee children in Germany. Frontiers in Psychiatry.\u00a0<\/span><br \/><a href=\"https:\/\/doi.org\/10.3389\/fpsyt.2018.00212\">https:\/\/doi.org\/10.3389\/fpsyt.2018.00212<\/a>\u00a0\u00a0<\/li><\/ul><h2>\u00a0<\/h2>\t\t\t\t\t\t\t\t<\/div>\n\t\t\t\t<\/div>\n\t\t\t\t\t<\/div>\n\t\t<\/div>\n\t\t\t\t\t<\/div>\n\t\t<\/section>\n\t\t\t\t<\/div>","protected":false},"excerpt":{"rendered":"<p>Kulturen \u00fcberbr\u00fccken (KUB I): Integration von Kindern mit Fluchterfahrungen in Kindertageseinrichtungen Zielsetzung: Allein im Jahr 2016 sind 105.000 Kinder unter 7 Jahren nach Deutschland eingewandert. Rund ein Viertel aller Neuzugewanderten leben in Nordrhein-Westfalen. Die Gr\u00f6\u00dfenordnung der Neuzuwanderung im Altersbereich innerhalb eines so begrenzten Zeitraums stellt eine besondere Herausforderung f\u00fcr die fr\u00fchkindliche Bildung und Betreuung dar.&hellip;&nbsp;<a href=\"https:\/\/cfr-psy.ruhr-uni-bochum.de\/en\/kub-i\/\" class=\"\" rel=\"bookmark\">Read More &raquo;<span class=\"screen-reader-text\">KUB I<\/span><\/a><\/p>","protected":false},"author":2,"featured_media":0,"parent":0,"menu_order":0,"comment_status":"closed","ping_status":"closed","template":"page-templates\/template-pagebuilder-full-width.php","meta":{"kia_subtitle":"","neve_meta_sidebar":"full-width","neve_meta_container":"","neve_meta_enable_content_width":"on","neve_meta_content_width":100,"neve_meta_title_alignment":"","neve_meta_author_avatar":"","neve_post_elements_order":"","neve_meta_disable_header":"","neve_meta_disable_footer":"","neve_meta_disable_title":"","footnotes":""},"class_list":["post-311","page","type-page","status-publish","hentry"],"yoast_head":"<!-- This site is optimized with the Yoast SEO plugin v27.3 - https:\/\/yoast.com\/product\/yoast-seo-wordpress\/ -->\n<title>KUB I - Child and Family Research<\/title>\n<meta name=\"robots\" content=\"index, follow, max-snippet:-1, max-image-preview:large, max-video-preview:-1\" \/>\n<link rel=\"canonical\" href=\"https:\/\/cfr-psy.ruhr-uni-bochum.de\/en\/kub-i\/\" \/>\n<meta property=\"og:locale\" content=\"en_GB\" \/>\n<meta property=\"og:type\" content=\"article\" \/>\n<meta property=\"og:title\" content=\"KUB I - Child and Family Research\" \/>\n<meta property=\"og:description\" content=\"Kulturen \u00fcberbr\u00fccken (KUB I): Integration von Kindern mit Fluchterfahrungen in Kindertageseinrichtungen Zielsetzung: Allein im Jahr 2016 sind 105.000 Kinder unter 7 Jahren nach Deutschland eingewandert. Rund ein Viertel aller Neuzugewanderten leben in Nordrhein-Westfalen. Die Gr\u00f6\u00dfenordnung der Neuzuwanderung im Altersbereich innerhalb eines so begrenzten Zeitraums stellt eine besondere Herausforderung f\u00fcr die fr\u00fchkindliche Bildung und Betreuung dar.&hellip;&nbsp;Read More &raquo;KUB I\" \/>\n<meta property=\"og:url\" content=\"https:\/\/cfr-psy.ruhr-uni-bochum.de\/en\/kub-i\/\" \/>\n<meta property=\"og:site_name\" content=\"Child and Family Research\" \/>\n<meta property=\"article:modified_time\" content=\"2021-02-03T16:31:17+00:00\" \/>\n<meta property=\"og:image\" content=\"https:\/\/cfr-psy.ruhr-uni-bochum.de\/wp-content\/uploads\/2020\/11\/Logo_Kulturen_ueberbruecken_4c-1024x410.jpg\" \/>\n<meta name=\"twitter:card\" content=\"summary_large_image\" \/>\n<meta name=\"twitter:label1\" content=\"Estimated reading time\" \/>\n\t<meta name=\"twitter:data1\" content=\"3 minutes\" \/>\n<script type=\"application\/ld+json\" class=\"yoast-schema-graph\">{\"@context\":\"https:\\\/\\\/schema.org\",\"@graph\":[{\"@type\":\"WebPage\",\"@id\":\"https:\\\/\\\/cfr-psy.ruhr-uni-bochum.de\\\/kub-i\\\/\",\"url\":\"https:\\\/\\\/cfr-psy.ruhr-uni-bochum.de\\\/kub-i\\\/\",\"name\":\"KUB I - Child and Family Research\",\"isPartOf\":{\"@id\":\"https:\\\/\\\/cfr-psy.ruhr-uni-bochum.de\\\/#website\"},\"primaryImageOfPage\":{\"@id\":\"https:\\\/\\\/cfr-psy.ruhr-uni-bochum.de\\\/kub-i\\\/#primaryimage\"},\"image\":{\"@id\":\"https:\\\/\\\/cfr-psy.ruhr-uni-bochum.de\\\/kub-i\\\/#primaryimage\"},\"thumbnailUrl\":\"https:\\\/\\\/cfr-psy.ruhr-uni-bochum.de\\\/wp-content\\\/uploads\\\/2020\\\/11\\\/Logo_Kulturen_ueberbruecken_4c-1024x410.jpg\",\"datePublished\":\"2020-11-09T21:51:35+00:00\",\"dateModified\":\"2021-02-03T16:31:17+00:00\",\"breadcrumb\":{\"@id\":\"https:\\\/\\\/cfr-psy.ruhr-uni-bochum.de\\\/kub-i\\\/#breadcrumb\"},\"inLanguage\":\"en-GB\",\"potentialAction\":[{\"@type\":\"ReadAction\",\"target\":[\"https:\\\/\\\/cfr-psy.ruhr-uni-bochum.de\\\/kub-i\\\/\"]}]},{\"@type\":\"ImageObject\",\"inLanguage\":\"en-GB\",\"@id\":\"https:\\\/\\\/cfr-psy.ruhr-uni-bochum.de\\\/kub-i\\\/#primaryimage\",\"url\":\"https:\\\/\\\/cfr-psy.ruhr-uni-bochum.de\\\/wp-content\\\/uploads\\\/2020\\\/11\\\/Logo_Kulturen_ueberbruecken_4c-1024x410.jpg\",\"contentUrl\":\"https:\\\/\\\/cfr-psy.ruhr-uni-bochum.de\\\/wp-content\\\/uploads\\\/2020\\\/11\\\/Logo_Kulturen_ueberbruecken_4c-1024x410.jpg\"},{\"@type\":\"BreadcrumbList\",\"@id\":\"https:\\\/\\\/cfr-psy.ruhr-uni-bochum.de\\\/kub-i\\\/#breadcrumb\",\"itemListElement\":[{\"@type\":\"ListItem\",\"position\":1,\"name\":\"Startseite\",\"item\":\"https:\\\/\\\/cfr-psy.ruhr-uni-bochum.de\\\/\"},{\"@type\":\"ListItem\",\"position\":2,\"name\":\"KUB I\"}]},{\"@type\":\"WebSite\",\"@id\":\"https:\\\/\\\/cfr-psy.ruhr-uni-bochum.de\\\/#website\",\"url\":\"https:\\\/\\\/cfr-psy.ruhr-uni-bochum.de\\\/\",\"name\":\"Child and Family Research\",\"description\":\"Arbeitsgruppe an der Fakult\u00e4t f\u00fcr Psychologie\",\"publisher\":{\"@id\":\"https:\\\/\\\/cfr-psy.ruhr-uni-bochum.de\\\/#organization\"},\"potentialAction\":[{\"@type\":\"SearchAction\",\"target\":{\"@type\":\"EntryPoint\",\"urlTemplate\":\"https:\\\/\\\/cfr-psy.ruhr-uni-bochum.de\\\/?s={search_term_string}\"},\"query-input\":{\"@type\":\"PropertyValueSpecification\",\"valueRequired\":true,\"valueName\":\"search_term_string\"}}],\"inLanguage\":\"en-GB\"},{\"@type\":\"Organization\",\"@id\":\"https:\\\/\\\/cfr-psy.ruhr-uni-bochum.de\\\/#organization\",\"name\":\"Child and Family Research\",\"url\":\"https:\\\/\\\/cfr-psy.ruhr-uni-bochum.de\\\/\",\"logo\":{\"@type\":\"ImageObject\",\"inLanguage\":\"en-GB\",\"@id\":\"https:\\\/\\\/cfr-psy.ruhr-uni-bochum.de\\\/#\\\/schema\\\/logo\\\/image\\\/\",\"url\":\"https:\\\/\\\/cfr-psy.ruhr-uni-bochum.de\\\/wp-content\\\/uploads\\\/2020\\\/10\\\/cropped-LOGO_CFR__kurz_bunt.png\",\"contentUrl\":\"https:\\\/\\\/cfr-psy.ruhr-uni-bochum.de\\\/wp-content\\\/uploads\\\/2020\\\/10\\\/cropped-LOGO_CFR__kurz_bunt.png\",\"width\":640,\"height\":257,\"caption\":\"Child and Family Research\"},\"image\":{\"@id\":\"https:\\\/\\\/cfr-psy.ruhr-uni-bochum.de\\\/#\\\/schema\\\/logo\\\/image\\\/\"}}]}<\/script>\n<!-- \/ Yoast SEO plugin. -->","yoast_head_json":{"title":"KUB I - Child and Family Research","robots":{"index":"index","follow":"follow","max-snippet":"max-snippet:-1","max-image-preview":"max-image-preview:large","max-video-preview":"max-video-preview:-1"},"canonical":"https:\/\/cfr-psy.ruhr-uni-bochum.de\/en\/kub-i\/","og_locale":"en_GB","og_type":"article","og_title":"KUB I - Child and Family Research","og_description":"Kulturen \u00fcberbr\u00fccken (KUB I): Integration von Kindern mit Fluchterfahrungen in Kindertageseinrichtungen Zielsetzung: Allein im Jahr 2016 sind 105.000 Kinder unter 7 Jahren nach Deutschland eingewandert. Rund ein Viertel aller Neuzugewanderten leben in Nordrhein-Westfalen. Die Gr\u00f6\u00dfenordnung der Neuzuwanderung im Altersbereich innerhalb eines so begrenzten Zeitraums stellt eine besondere Herausforderung f\u00fcr die fr\u00fchkindliche Bildung und Betreuung dar.&hellip;&nbsp;Read More &raquo;KUB I","og_url":"https:\/\/cfr-psy.ruhr-uni-bochum.de\/en\/kub-i\/","og_site_name":"Child and Family Research","article_modified_time":"2021-02-03T16:31:17+00:00","og_image":[{"url":"https:\/\/cfr-psy.ruhr-uni-bochum.de\/wp-content\/uploads\/2020\/11\/Logo_Kulturen_ueberbruecken_4c-1024x410.jpg","type":"","width":"","height":""}],"twitter_card":"summary_large_image","twitter_misc":{"Estimated reading time":"3 minutes"},"schema":{"@context":"https:\/\/schema.org","@graph":[{"@type":"WebPage","@id":"https:\/\/cfr-psy.ruhr-uni-bochum.de\/kub-i\/","url":"https:\/\/cfr-psy.ruhr-uni-bochum.de\/kub-i\/","name":"KUB I - Child and Family Research","isPartOf":{"@id":"https:\/\/cfr-psy.ruhr-uni-bochum.de\/#website"},"primaryImageOfPage":{"@id":"https:\/\/cfr-psy.ruhr-uni-bochum.de\/kub-i\/#primaryimage"},"image":{"@id":"https:\/\/cfr-psy.ruhr-uni-bochum.de\/kub-i\/#primaryimage"},"thumbnailUrl":"https:\/\/cfr-psy.ruhr-uni-bochum.de\/wp-content\/uploads\/2020\/11\/Logo_Kulturen_ueberbruecken_4c-1024x410.jpg","datePublished":"2020-11-09T21:51:35+00:00","dateModified":"2021-02-03T16:31:17+00:00","breadcrumb":{"@id":"https:\/\/cfr-psy.ruhr-uni-bochum.de\/kub-i\/#breadcrumb"},"inLanguage":"en-GB","potentialAction":[{"@type":"ReadAction","target":["https:\/\/cfr-psy.ruhr-uni-bochum.de\/kub-i\/"]}]},{"@type":"ImageObject","inLanguage":"en-GB","@id":"https:\/\/cfr-psy.ruhr-uni-bochum.de\/kub-i\/#primaryimage","url":"https:\/\/cfr-psy.ruhr-uni-bochum.de\/wp-content\/uploads\/2020\/11\/Logo_Kulturen_ueberbruecken_4c-1024x410.jpg","contentUrl":"https:\/\/cfr-psy.ruhr-uni-bochum.de\/wp-content\/uploads\/2020\/11\/Logo_Kulturen_ueberbruecken_4c-1024x410.jpg"},{"@type":"BreadcrumbList","@id":"https:\/\/cfr-psy.ruhr-uni-bochum.de\/kub-i\/#breadcrumb","itemListElement":[{"@type":"ListItem","position":1,"name":"Startseite","item":"https:\/\/cfr-psy.ruhr-uni-bochum.de\/"},{"@type":"ListItem","position":2,"name":"KUB I"}]},{"@type":"WebSite","@id":"https:\/\/cfr-psy.ruhr-uni-bochum.de\/#website","url":"https:\/\/cfr-psy.ruhr-uni-bochum.de\/","name":"Child and Family Research","description":"Research group within the Faculty of Psychology","publisher":{"@id":"https:\/\/cfr-psy.ruhr-uni-bochum.de\/#organization"},"potentialAction":[{"@type":"SearchAction","target":{"@type":"EntryPoint","urlTemplate":"https:\/\/cfr-psy.ruhr-uni-bochum.de\/?s={search_term_string}"},"query-input":{"@type":"PropertyValueSpecification","valueRequired":true,"valueName":"search_term_string"}}],"inLanguage":"en-GB"},{"@type":"Organization","@id":"https:\/\/cfr-psy.ruhr-uni-bochum.de\/#organization","name":"Child and Family Research","url":"https:\/\/cfr-psy.ruhr-uni-bochum.de\/","logo":{"@type":"ImageObject","inLanguage":"en-GB","@id":"https:\/\/cfr-psy.ruhr-uni-bochum.de\/#\/schema\/logo\/image\/","url":"https:\/\/cfr-psy.ruhr-uni-bochum.de\/wp-content\/uploads\/2020\/10\/cropped-LOGO_CFR__kurz_bunt.png","contentUrl":"https:\/\/cfr-psy.ruhr-uni-bochum.de\/wp-content\/uploads\/2020\/10\/cropped-LOGO_CFR__kurz_bunt.png","width":640,"height":257,"caption":"Child and Family Research"},"image":{"@id":"https:\/\/cfr-psy.ruhr-uni-bochum.de\/#\/schema\/logo\/image\/"}}]}},"_links":{"self":[{"href":"https:\/\/cfr-psy.ruhr-uni-bochum.de\/en\/wp-json\/wp\/v2\/pages\/311","targetHints":{"allow":["GET"]}}],"collection":[{"href":"https:\/\/cfr-psy.ruhr-uni-bochum.de\/en\/wp-json\/wp\/v2\/pages"}],"about":[{"href":"https:\/\/cfr-psy.ruhr-uni-bochum.de\/en\/wp-json\/wp\/v2\/types\/page"}],"author":[{"embeddable":true,"href":"https:\/\/cfr-psy.ruhr-uni-bochum.de\/en\/wp-json\/wp\/v2\/users\/2"}],"replies":[{"embeddable":true,"href":"https:\/\/cfr-psy.ruhr-uni-bochum.de\/en\/wp-json\/wp\/v2\/comments?post=311"}],"version-history":[{"count":11,"href":"https:\/\/cfr-psy.ruhr-uni-bochum.de\/en\/wp-json\/wp\/v2\/pages\/311\/revisions"}],"predecessor-version":[{"id":907,"href":"https:\/\/cfr-psy.ruhr-uni-bochum.de\/en\/wp-json\/wp\/v2\/pages\/311\/revisions\/907"}],"wp:attachment":[{"href":"https:\/\/cfr-psy.ruhr-uni-bochum.de\/en\/wp-json\/wp\/v2\/media?parent=311"}],"curies":[{"name":"wp","href":"https:\/\/api.w.org\/{rel}","templated":true}]}}