{"id":321,"date":"2020-11-09T23:04:59","date_gmt":"2020-11-09T22:04:59","guid":{"rendered":"https:\/\/cfr-psy.ruhr-uni-bochum.de\/?page_id=321"},"modified":"2021-08-24T19:22:55","modified_gmt":"2021-08-24T17:22:55","slug":"kub-ii","status":"publish","type":"page","link":"https:\/\/cfr-psy.ruhr-uni-bochum.de\/en\/kub-ii\/","title":{"rendered":"Kulturen \u00fcberbr\u00fccken II \u2013 der Sprung in die Schule"},"content":{"rendered":"<div data-elementor-type=\"wp-page\" data-elementor-id=\"321\" class=\"elementor elementor-321\">\n\t\t\t\t\t\t<section class=\"elementor-section elementor-top-section elementor-element elementor-element-545e253 elementor-section-boxed elementor-section-height-default elementor-section-height-default\" data-id=\"545e253\" data-element_type=\"section\" data-e-type=\"section\">\n\t\t\t\t\t\t<div class=\"elementor-container elementor-column-gap-default\">\n\t\t\t\t\t<div class=\"elementor-column elementor-col-50 elementor-top-column elementor-element elementor-element-ab49c30\" data-id=\"ab49c30\" data-element_type=\"column\" data-e-type=\"column\">\n\t\t\t<div class=\"elementor-widget-wrap elementor-element-populated\">\n\t\t\t\t\t\t<div class=\"elementor-element elementor-element-c780d6d elementor-widget elementor-widget-image\" data-id=\"c780d6d\" data-element_type=\"widget\" data-e-type=\"widget\" data-widget_type=\"image.default\">\n\t\t\t\t<div class=\"elementor-widget-container\">\n\t\t\t\t\t\t\t\t\t\t\t\t\t\t\t<img fetchpriority=\"high\" decoding=\"async\" width=\"1024\" height=\"410\" src=\"https:\/\/cfr-psy.ruhr-uni-bochum.de\/wp-content\/uploads\/2020\/11\/Logo_Kulturen_ueberbruecken_4c-1024x410.jpg\" class=\"attachment-large size-large wp-image-309\" alt=\"\" srcset=\"https:\/\/cfr-psy.ruhr-uni-bochum.de\/wp-content\/uploads\/2020\/11\/Logo_Kulturen_ueberbruecken_4c-1024x410.jpg 1024w, https:\/\/cfr-psy.ruhr-uni-bochum.de\/wp-content\/uploads\/2020\/11\/Logo_Kulturen_ueberbruecken_4c-300x120.jpg 300w, https:\/\/cfr-psy.ruhr-uni-bochum.de\/wp-content\/uploads\/2020\/11\/Logo_Kulturen_ueberbruecken_4c-768x307.jpg 768w, https:\/\/cfr-psy.ruhr-uni-bochum.de\/wp-content\/uploads\/2020\/11\/Logo_Kulturen_ueberbruecken_4c-1536x615.jpg 1536w, https:\/\/cfr-psy.ruhr-uni-bochum.de\/wp-content\/uploads\/2020\/11\/Logo_Kulturen_ueberbruecken_4c-2048x819.jpg 2048w\" sizes=\"(max-width: 1024px) 100vw, 1024px\" \/>\t\t\t\t\t\t\t\t\t\t\t\t\t\t\t<\/div>\n\t\t\t\t<\/div>\n\t\t\t\t\t<\/div>\n\t\t<\/div>\n\t\t\t\t<div class=\"elementor-column elementor-col-50 elementor-top-column elementor-element elementor-element-f909ccd\" data-id=\"f909ccd\" data-element_type=\"column\" data-e-type=\"column\">\n\t\t\t<div class=\"elementor-widget-wrap elementor-element-populated\">\n\t\t\t\t\t\t<div class=\"elementor-element elementor-element-3190ea3 elementor-widget elementor-widget-text-editor\" data-id=\"3190ea3\" data-element_type=\"widget\" data-e-type=\"widget\" data-widget_type=\"text-editor.default\">\n\t\t\t\t<div class=\"elementor-widget-container\">\n\t\t\t\t\t\t\t\t\t<h1><span style=\"color: #000000;\">Kulturen \u00fcberbr\u00fccken (KUB II) \u2013 der Sprung in die Schule<\/span><\/h1><p><span style=\"color: #000000;\">Viele Kinder aus neuzugewanderten Familien stehen kurz vor ihrem \u00dcbergang in die Grundschule. Hierzu geh\u00f6ren sowohl Familien, die in Deutschland einen Asylantrag stellen als auch Familien aus s\u00fcdosteurop\u00e4ischen L\u00e4ndern der Europ\u00e4ischen Union. Manche dieser Kinder haben noch nie eine Schule besucht, sodass f\u00fcr sie der \u00dcbergang in die Schule eine gro\u00dfe Herausforderung darstellt. Dies gilt sowohl f\u00fcr schulrelevante Kompetenzen wie z. B. (deutsche) Sprachkenntnisse, Fein- und Grobmotorik, visuell-r\u00e4umliche F\u00e4higkeiten als auch f\u00fcr interpersonale F\u00e4higkeiten, die das Leben und Lernen in einer Gruppe von Kindern erleichtern. In diesem Projekt haben wir Kinder kurz vor sowie nach dem \u00dcbergang in die Grundschule untersucht. Wir haben ihre Lehrer gebeten, \u00fcber die Kinder Auskunft zu geben und wir haben neuzugewanderte Eltern aus der Roma-Community zu ihren Bildungs- und Erziehungsvorstellungen befragt. Mit den Eltern wurden zun\u00e4chst Einzelinterviews, anschlie\u00dfend drei Fokusgruppen durchgef\u00fchrt.<\/span><\/p><h4><span style=\"color: #000000;\"><strong>Referenzen:<\/strong><\/span><\/h4><ul><li><span style=\"color: #000000;\">Busch, J., Cabrera, N., Ialuna, F., Buchm\u00fcller, T. &amp; Leyendecker, B. (<i>in press<\/i>\/ 2021).\u00a0<\/span><span lang=\"EN-US\"><span style=\"color: #000000;\">Links between refugee children&#8217;s pre-academic skills and socio-emotional distress with attendance of early childhood development programs. <i>Early Education and Development<\/i>.<\/span>\u00a0<\/span><span class=\"v1MsoHyperlink\"><span lang=\"EN-US\"><a href=\"https:\/\/doi.org\/10.1080\/10409289.2021.1970427\" target=\"_blank\" rel=\"noopener noreferrer\">https:\/\/doi.org\/10.1080\/10409289.2021.1970427<\/a><\/span><\/span><\/li><li><span style=\"color: #000000;\">Ialuna, F. &amp; Leyendecker, B. (2020). Aktuelle Herausforderungen durch gefl\u00fcchtete Familien und ethnische Minderheiten. In nifbe (Hrsg.). Zusammenarbeit mit vielf\u00e4ltigen Familien (S. 90-101). Freiburg: Herder<\/span><\/li><li><span style=\"color: #000000;\">Weitere Publikationen sind in Vorbereitung.<\/span><\/li><\/ul>\t\t\t\t\t\t\t\t<\/div>\n\t\t\t\t<\/div>\n\t\t\t\t\t<\/div>\n\t\t<\/div>\n\t\t\t\t\t<\/div>\n\t\t<\/section>\n\t\t\t\t<\/div>","protected":false},"excerpt":{"rendered":"<p>Kulturen \u00fcberbr\u00fccken (KUB II) \u2013 der Sprung in die Schule Viele Kinder aus neuzugewanderten Familien stehen kurz vor ihrem \u00dcbergang in die Grundschule. Hierzu geh\u00f6ren sowohl Familien, die in Deutschland einen Asylantrag stellen als auch Familien aus s\u00fcdosteurop\u00e4ischen L\u00e4ndern der Europ\u00e4ischen Union. Manche dieser Kinder haben noch nie eine Schule besucht, sodass f\u00fcr sie der&hellip;&nbsp;<a href=\"https:\/\/cfr-psy.ruhr-uni-bochum.de\/en\/kub-ii\/\" class=\"\" rel=\"bookmark\">Read More &raquo;<span class=\"screen-reader-text\">Kulturen \u00fcberbr\u00fccken II \u2013 der Sprung in die Schule<\/span><\/a><\/p>","protected":false},"author":2,"featured_media":0,"parent":0,"menu_order":0,"comment_status":"closed","ping_status":"closed","template":"page-templates\/template-pagebuilder-full-width.php","meta":{"kia_subtitle":"","neve_meta_sidebar":"full-width","neve_meta_container":"","neve_meta_enable_content_width":"on","neve_meta_content_width":100,"neve_meta_title_alignment":"","neve_meta_author_avatar":"","neve_post_elements_order":"","neve_meta_disable_header":"","neve_meta_disable_footer":"","neve_meta_disable_title":"","footnotes":""},"class_list":["post-321","page","type-page","status-publish","hentry"],"yoast_head":"<!-- This site is optimized with the Yoast SEO plugin v27.3 - https:\/\/yoast.com\/product\/yoast-seo-wordpress\/ -->\n<title>Kulturen \u00fcberbr\u00fccken II \u2013 der Sprung in die Schule - Child and Family Research<\/title>\n<meta name=\"robots\" content=\"index, follow, max-snippet:-1, max-image-preview:large, max-video-preview:-1\" \/>\n<link rel=\"canonical\" href=\"https:\/\/cfr-psy.ruhr-uni-bochum.de\/en\/kub-ii\/\" \/>\n<meta property=\"og:locale\" content=\"en_GB\" \/>\n<meta property=\"og:type\" content=\"article\" \/>\n<meta property=\"og:title\" content=\"Kulturen \u00fcberbr\u00fccken II \u2013 der Sprung in die Schule - Child and Family Research\" \/>\n<meta property=\"og:description\" content=\"Kulturen \u00fcberbr\u00fccken (KUB II) \u2013 der Sprung in die Schule Viele Kinder aus neuzugewanderten Familien stehen kurz vor ihrem \u00dcbergang in die Grundschule. Hierzu geh\u00f6ren sowohl Familien, die in Deutschland einen Asylantrag stellen als auch Familien aus s\u00fcdosteurop\u00e4ischen L\u00e4ndern der Europ\u00e4ischen Union. Manche dieser Kinder haben noch nie eine Schule besucht, sodass f\u00fcr sie der&hellip;&nbsp;Read More &raquo;Kulturen \u00fcberbr\u00fccken II \u2013 der Sprung in die Schule\" \/>\n<meta property=\"og:url\" content=\"https:\/\/cfr-psy.ruhr-uni-bochum.de\/en\/kub-ii\/\" \/>\n<meta property=\"og:site_name\" content=\"Child and Family Research\" \/>\n<meta property=\"article:modified_time\" content=\"2021-08-24T17:22:55+00:00\" \/>\n<meta property=\"og:image\" content=\"https:\/\/cfr-psy.ruhr-uni-bochum.de\/wp-content\/uploads\/2020\/11\/Logo_Kulturen_ueberbruecken_4c-1024x410.jpg\" \/>\n<meta name=\"twitter:card\" content=\"summary_large_image\" \/>\n<meta name=\"twitter:label1\" content=\"Estimated reading time\" \/>\n\t<meta name=\"twitter:data1\" content=\"2 minutes\" \/>\n<script type=\"application\/ld+json\" class=\"yoast-schema-graph\">{\"@context\":\"https:\\\/\\\/schema.org\",\"@graph\":[{\"@type\":\"WebPage\",\"@id\":\"https:\\\/\\\/cfr-psy.ruhr-uni-bochum.de\\\/kub-ii\\\/\",\"url\":\"https:\\\/\\\/cfr-psy.ruhr-uni-bochum.de\\\/kub-ii\\\/\",\"name\":\"Kulturen \u00fcberbr\u00fccken II \u2013 der Sprung in die Schule - Child and Family Research\",\"isPartOf\":{\"@id\":\"https:\\\/\\\/cfr-psy.ruhr-uni-bochum.de\\\/#website\"},\"primaryImageOfPage\":{\"@id\":\"https:\\\/\\\/cfr-psy.ruhr-uni-bochum.de\\\/kub-ii\\\/#primaryimage\"},\"image\":{\"@id\":\"https:\\\/\\\/cfr-psy.ruhr-uni-bochum.de\\\/kub-ii\\\/#primaryimage\"},\"thumbnailUrl\":\"https:\\\/\\\/cfr-psy.ruhr-uni-bochum.de\\\/wp-content\\\/uploads\\\/2020\\\/11\\\/Logo_Kulturen_ueberbruecken_4c-1024x410.jpg\",\"datePublished\":\"2020-11-09T22:04:59+00:00\",\"dateModified\":\"2021-08-24T17:22:55+00:00\",\"breadcrumb\":{\"@id\":\"https:\\\/\\\/cfr-psy.ruhr-uni-bochum.de\\\/kub-ii\\\/#breadcrumb\"},\"inLanguage\":\"en-GB\",\"potentialAction\":[{\"@type\":\"ReadAction\",\"target\":[\"https:\\\/\\\/cfr-psy.ruhr-uni-bochum.de\\\/kub-ii\\\/\"]}]},{\"@type\":\"ImageObject\",\"inLanguage\":\"en-GB\",\"@id\":\"https:\\\/\\\/cfr-psy.ruhr-uni-bochum.de\\\/kub-ii\\\/#primaryimage\",\"url\":\"https:\\\/\\\/cfr-psy.ruhr-uni-bochum.de\\\/wp-content\\\/uploads\\\/2020\\\/11\\\/Logo_Kulturen_ueberbruecken_4c-1024x410.jpg\",\"contentUrl\":\"https:\\\/\\\/cfr-psy.ruhr-uni-bochum.de\\\/wp-content\\\/uploads\\\/2020\\\/11\\\/Logo_Kulturen_ueberbruecken_4c-1024x410.jpg\"},{\"@type\":\"BreadcrumbList\",\"@id\":\"https:\\\/\\\/cfr-psy.ruhr-uni-bochum.de\\\/kub-ii\\\/#breadcrumb\",\"itemListElement\":[{\"@type\":\"ListItem\",\"position\":1,\"name\":\"Startseite\",\"item\":\"https:\\\/\\\/cfr-psy.ruhr-uni-bochum.de\\\/\"},{\"@type\":\"ListItem\",\"position\":2,\"name\":\"Kulturen \u00fcberbr\u00fccken II \u2013 der Sprung in die Schule\"}]},{\"@type\":\"WebSite\",\"@id\":\"https:\\\/\\\/cfr-psy.ruhr-uni-bochum.de\\\/#website\",\"url\":\"https:\\\/\\\/cfr-psy.ruhr-uni-bochum.de\\\/\",\"name\":\"Child and Family Research\",\"description\":\"Arbeitsgruppe an der Fakult\u00e4t f\u00fcr Psychologie\",\"publisher\":{\"@id\":\"https:\\\/\\\/cfr-psy.ruhr-uni-bochum.de\\\/#organization\"},\"potentialAction\":[{\"@type\":\"SearchAction\",\"target\":{\"@type\":\"EntryPoint\",\"urlTemplate\":\"https:\\\/\\\/cfr-psy.ruhr-uni-bochum.de\\\/?s={search_term_string}\"},\"query-input\":{\"@type\":\"PropertyValueSpecification\",\"valueRequired\":true,\"valueName\":\"search_term_string\"}}],\"inLanguage\":\"en-GB\"},{\"@type\":\"Organization\",\"@id\":\"https:\\\/\\\/cfr-psy.ruhr-uni-bochum.de\\\/#organization\",\"name\":\"Child and Family Research\",\"url\":\"https:\\\/\\\/cfr-psy.ruhr-uni-bochum.de\\\/\",\"logo\":{\"@type\":\"ImageObject\",\"inLanguage\":\"en-GB\",\"@id\":\"https:\\\/\\\/cfr-psy.ruhr-uni-bochum.de\\\/#\\\/schema\\\/logo\\\/image\\\/\",\"url\":\"https:\\\/\\\/cfr-psy.ruhr-uni-bochum.de\\\/wp-content\\\/uploads\\\/2020\\\/10\\\/cropped-LOGO_CFR__kurz_bunt.png\",\"contentUrl\":\"https:\\\/\\\/cfr-psy.ruhr-uni-bochum.de\\\/wp-content\\\/uploads\\\/2020\\\/10\\\/cropped-LOGO_CFR__kurz_bunt.png\",\"width\":640,\"height\":257,\"caption\":\"Child and Family Research\"},\"image\":{\"@id\":\"https:\\\/\\\/cfr-psy.ruhr-uni-bochum.de\\\/#\\\/schema\\\/logo\\\/image\\\/\"}}]}<\/script>\n<!-- \/ Yoast SEO plugin. -->","yoast_head_json":{"title":"Kulturen \u00fcberbr\u00fccken II \u2013 der Sprung in die Schule - Child and Family Research","robots":{"index":"index","follow":"follow","max-snippet":"max-snippet:-1","max-image-preview":"max-image-preview:large","max-video-preview":"max-video-preview:-1"},"canonical":"https:\/\/cfr-psy.ruhr-uni-bochum.de\/en\/kub-ii\/","og_locale":"en_GB","og_type":"article","og_title":"Kulturen \u00fcberbr\u00fccken II \u2013 der Sprung in die Schule - Child and Family Research","og_description":"Kulturen \u00fcberbr\u00fccken (KUB II) \u2013 der Sprung in die Schule Viele Kinder aus neuzugewanderten Familien stehen kurz vor ihrem \u00dcbergang in die Grundschule. Hierzu geh\u00f6ren sowohl Familien, die in Deutschland einen Asylantrag stellen als auch Familien aus s\u00fcdosteurop\u00e4ischen L\u00e4ndern der Europ\u00e4ischen Union. Manche dieser Kinder haben noch nie eine Schule besucht, sodass f\u00fcr sie der&hellip;&nbsp;Read More &raquo;Kulturen \u00fcberbr\u00fccken II \u2013 der Sprung in die Schule","og_url":"https:\/\/cfr-psy.ruhr-uni-bochum.de\/en\/kub-ii\/","og_site_name":"Child and Family Research","article_modified_time":"2021-08-24T17:22:55+00:00","og_image":[{"url":"https:\/\/cfr-psy.ruhr-uni-bochum.de\/wp-content\/uploads\/2020\/11\/Logo_Kulturen_ueberbruecken_4c-1024x410.jpg","type":"","width":"","height":""}],"twitter_card":"summary_large_image","twitter_misc":{"Estimated reading time":"2 minutes"},"schema":{"@context":"https:\/\/schema.org","@graph":[{"@type":"WebPage","@id":"https:\/\/cfr-psy.ruhr-uni-bochum.de\/kub-ii\/","url":"https:\/\/cfr-psy.ruhr-uni-bochum.de\/kub-ii\/","name":"Kulturen \u00fcberbr\u00fccken II \u2013 der Sprung in die Schule - Child and Family Research","isPartOf":{"@id":"https:\/\/cfr-psy.ruhr-uni-bochum.de\/#website"},"primaryImageOfPage":{"@id":"https:\/\/cfr-psy.ruhr-uni-bochum.de\/kub-ii\/#primaryimage"},"image":{"@id":"https:\/\/cfr-psy.ruhr-uni-bochum.de\/kub-ii\/#primaryimage"},"thumbnailUrl":"https:\/\/cfr-psy.ruhr-uni-bochum.de\/wp-content\/uploads\/2020\/11\/Logo_Kulturen_ueberbruecken_4c-1024x410.jpg","datePublished":"2020-11-09T22:04:59+00:00","dateModified":"2021-08-24T17:22:55+00:00","breadcrumb":{"@id":"https:\/\/cfr-psy.ruhr-uni-bochum.de\/kub-ii\/#breadcrumb"},"inLanguage":"en-GB","potentialAction":[{"@type":"ReadAction","target":["https:\/\/cfr-psy.ruhr-uni-bochum.de\/kub-ii\/"]}]},{"@type":"ImageObject","inLanguage":"en-GB","@id":"https:\/\/cfr-psy.ruhr-uni-bochum.de\/kub-ii\/#primaryimage","url":"https:\/\/cfr-psy.ruhr-uni-bochum.de\/wp-content\/uploads\/2020\/11\/Logo_Kulturen_ueberbruecken_4c-1024x410.jpg","contentUrl":"https:\/\/cfr-psy.ruhr-uni-bochum.de\/wp-content\/uploads\/2020\/11\/Logo_Kulturen_ueberbruecken_4c-1024x410.jpg"},{"@type":"BreadcrumbList","@id":"https:\/\/cfr-psy.ruhr-uni-bochum.de\/kub-ii\/#breadcrumb","itemListElement":[{"@type":"ListItem","position":1,"name":"Startseite","item":"https:\/\/cfr-psy.ruhr-uni-bochum.de\/"},{"@type":"ListItem","position":2,"name":"Kulturen \u00fcberbr\u00fccken II \u2013 der Sprung in die Schule"}]},{"@type":"WebSite","@id":"https:\/\/cfr-psy.ruhr-uni-bochum.de\/#website","url":"https:\/\/cfr-psy.ruhr-uni-bochum.de\/","name":"Child and Family Research","description":"Research group within the Faculty of Psychology","publisher":{"@id":"https:\/\/cfr-psy.ruhr-uni-bochum.de\/#organization"},"potentialAction":[{"@type":"SearchAction","target":{"@type":"EntryPoint","urlTemplate":"https:\/\/cfr-psy.ruhr-uni-bochum.de\/?s={search_term_string}"},"query-input":{"@type":"PropertyValueSpecification","valueRequired":true,"valueName":"search_term_string"}}],"inLanguage":"en-GB"},{"@type":"Organization","@id":"https:\/\/cfr-psy.ruhr-uni-bochum.de\/#organization","name":"Child and Family Research","url":"https:\/\/cfr-psy.ruhr-uni-bochum.de\/","logo":{"@type":"ImageObject","inLanguage":"en-GB","@id":"https:\/\/cfr-psy.ruhr-uni-bochum.de\/#\/schema\/logo\/image\/","url":"https:\/\/cfr-psy.ruhr-uni-bochum.de\/wp-content\/uploads\/2020\/10\/cropped-LOGO_CFR__kurz_bunt.png","contentUrl":"https:\/\/cfr-psy.ruhr-uni-bochum.de\/wp-content\/uploads\/2020\/10\/cropped-LOGO_CFR__kurz_bunt.png","width":640,"height":257,"caption":"Child and Family Research"},"image":{"@id":"https:\/\/cfr-psy.ruhr-uni-bochum.de\/#\/schema\/logo\/image\/"}}]}},"_links":{"self":[{"href":"https:\/\/cfr-psy.ruhr-uni-bochum.de\/en\/wp-json\/wp\/v2\/pages\/321","targetHints":{"allow":["GET"]}}],"collection":[{"href":"https:\/\/cfr-psy.ruhr-uni-bochum.de\/en\/wp-json\/wp\/v2\/pages"}],"about":[{"href":"https:\/\/cfr-psy.ruhr-uni-bochum.de\/en\/wp-json\/wp\/v2\/types\/page"}],"author":[{"embeddable":true,"href":"https:\/\/cfr-psy.ruhr-uni-bochum.de\/en\/wp-json\/wp\/v2\/users\/2"}],"replies":[{"embeddable":true,"href":"https:\/\/cfr-psy.ruhr-uni-bochum.de\/en\/wp-json\/wp\/v2\/comments?post=321"}],"version-history":[{"count":17,"href":"https:\/\/cfr-psy.ruhr-uni-bochum.de\/en\/wp-json\/wp\/v2\/pages\/321\/revisions"}],"predecessor-version":[{"id":1381,"href":"https:\/\/cfr-psy.ruhr-uni-bochum.de\/en\/wp-json\/wp\/v2\/pages\/321\/revisions\/1381"}],"wp:attachment":[{"href":"https:\/\/cfr-psy.ruhr-uni-bochum.de\/en\/wp-json\/wp\/v2\/media?parent=321"}],"curies":[{"name":"wp","href":"https:\/\/api.w.org\/{rel}","templated":true}]}}