{"id":334,"date":"2020-11-09T23:20:43","date_gmt":"2020-11-09T22:20:43","guid":{"rendered":"https:\/\/cfr-psy.ruhr-uni-bochum.de\/?page_id=334"},"modified":"2022-07-11T15:07:30","modified_gmt":"2022-07-11T13:07:30","slug":"sign","status":"publish","type":"page","link":"https:\/\/cfr-psy.ruhr-uni-bochum.de\/en\/sign\/","title":{"rendered":"SIGN"},"content":{"rendered":"<div data-elementor-type=\"wp-page\" data-elementor-id=\"334\" class=\"elementor elementor-334\">\n\t\t\t\t\t\t<section class=\"elementor-section elementor-top-section elementor-element elementor-element-6786d1e elementor-section-boxed elementor-section-height-default elementor-section-height-default\" data-id=\"6786d1e\" data-element_type=\"section\" data-e-type=\"section\">\n\t\t\t\t\t\t<div class=\"elementor-container elementor-column-gap-default\">\n\t\t\t\t\t<div class=\"elementor-column elementor-col-50 elementor-top-column elementor-element elementor-element-4530ec0\" data-id=\"4530ec0\" data-element_type=\"column\" data-e-type=\"column\">\n\t\t\t<div class=\"elementor-widget-wrap elementor-element-populated\">\n\t\t\t\t\t\t<div class=\"elementor-element elementor-element-2075746 elementor-widget elementor-widget-image\" data-id=\"2075746\" data-element_type=\"widget\" data-e-type=\"widget\" data-widget_type=\"image.default\">\n\t\t\t\t<div class=\"elementor-widget-container\">\n\t\t\t\t\t\t\t\t\t\t\t\t\t\t\t<img fetchpriority=\"high\" decoding=\"async\" width=\"332\" height=\"270\" src=\"https:\/\/cfr-psy.ruhr-uni-bochum.de\/wp-content\/uploads\/2020\/11\/SIGN-Logo.jpg\" class=\"attachment-large size-large wp-image-332\" alt=\"\" srcset=\"https:\/\/cfr-psy.ruhr-uni-bochum.de\/wp-content\/uploads\/2020\/11\/SIGN-Logo.jpg 332w, https:\/\/cfr-psy.ruhr-uni-bochum.de\/wp-content\/uploads\/2020\/11\/SIGN-Logo-300x244.jpg 300w\" sizes=\"(max-width: 332px) 100vw, 332px\" \/>\t\t\t\t\t\t\t\t\t\t\t\t\t\t\t<\/div>\n\t\t\t\t<\/div>\n\t\t\t\t\t<\/div>\n\t\t<\/div>\n\t\t\t\t<div class=\"elementor-column elementor-col-50 elementor-top-column elementor-element elementor-element-f0076fd\" data-id=\"f0076fd\" data-element_type=\"column\" data-e-type=\"column\">\n\t\t\t<div class=\"elementor-widget-wrap elementor-element-populated\">\n\t\t\t\t\t\t<div class=\"elementor-element elementor-element-1c58fc1 elementor-widget elementor-widget-text-editor\" data-id=\"1c58fc1\" data-element_type=\"widget\" data-e-type=\"widget\" data-widget_type=\"text-editor.default\">\n\t\t\t\t<div class=\"elementor-widget-container\">\n\t\t\t\t\t\t\t\t\t<h4><span style=\"color: #000000;\">SIGN: Schulische Integration neu zugewanderter Kinder: Eine \u00f6kologische Mehrebenenanalyse<\/span><\/h4><p><span style=\"color: #000000;\">Fr\u00fchere Forschung hat wiederholt belegen k\u00f6nnen, dass die Grundschulzeit f\u00fcr erfolgreiche Bildungsverl\u00e4ufe von Kindern sehr bedeutsam ist. Die gro\u00dfe Zahl an neuzugewanderten Familien mit jungen Kindern stellt die Grundschulen jedoch aktuell vor gro\u00dfe Herausforderungen. Ziele dieses Projekts sind Ansatzpunkte zu identifizieren, welche die schulische Integration von neuzugewanderten Kindern unterst\u00fctzen und im Verlauf zum erfolgreichen \u00dcbergang auf die weiterf\u00fchrende Schule beitragen. Die Untersuchungsschwerpunkte dieses Projekts liegen A) auf den Einfl\u00fcssen famili\u00e4rer sowie au\u00dferschulischer Kontexte der Kinder; B) auf der Qualit\u00e4t der sozialen Beziehungen, die neu zugewanderte Kinder zu Lehrkr\u00e4ften und Peers entwickeln; C) auf den Faktoren, die den \u00dcbergang auf unterschiedliche Schulformen beeinflussen. Zur Bearbeitung unserer Forschungsziele werden wird Kinder in der vierten Klassenstufe von Grundschulen im Ruhrgebiet untersuchen. Neben den Kindern werden wir dazu auch deren Eltern und die Lehrkr\u00e4fte in die Studie einbeziehen. Dabei werden wir besonders die Diversit\u00e4t der neuzugewanderten Familien im Ruhrgebiet ber\u00fccksichtigen. Sowohl Kinder mit Fluchterfahrungen aus unterschiedlichen afrikanischen und arabischen L\u00e4ndern als auch ethnische Minorit\u00e4ten aus (s\u00fcd)osteurop\u00e4ischen EU-L\u00e4ndern (z.B. Roma) sind dort in den vergangenen Jahren ans\u00e4ssig geworden.<\/span><\/p><p><span style=\"color: #000000;\">Wir streben die Etablierung einer Forschungsgruppe im Anschluss an die Projektlaufzeit an.<\/span><\/p><p><span style=\"text-decoration: underline; color: #000000;\">Co-Leitungen an weiteren Standorten:<\/span><\/p><p><span style=\"color: #000000;\">Universit\u00e4t Duisburg-Essen: Philipp Jugert und Sauro Civitillo<br \/>Technische Universit\u00e4t Dortmund: Nele McElvany und Justine Stang<\/span><\/p><p><span style=\"text-decoration: underline; color: #000000;\">Mitarbeiterinnen am Standort Bochum:<\/span><\/p><p><span style=\"color: #000000;\">Sandy Chwastek, M.Sc.<br \/>Maike Graf, B.Sc.<br \/>Pierre Schumacher, B.Sc.<br \/>B\u00fcsra Burcak Ferah, B.Sc.<br \/>Katja Berger, B.Sc.<br \/><\/span><span style=\"color: #000000;\">Stella Maria Kluw, B.Sc.<br \/>Merve Dincer, B.Sc.<\/span><\/p>\t\t\t\t\t\t\t\t<\/div>\n\t\t\t\t<\/div>\n\t\t\t\t\t<\/div>\n\t\t<\/div>\n\t\t\t\t\t<\/div>\n\t\t<\/section>\n\t\t\t\t<\/div>","protected":false},"excerpt":{"rendered":"<p>SIGN: Schulische Integration neu zugewanderter Kinder: Eine \u00f6kologische Mehrebenenanalyse Fr\u00fchere Forschung hat wiederholt belegen k\u00f6nnen, dass die Grundschulzeit f\u00fcr erfolgreiche Bildungsverl\u00e4ufe von Kindern sehr bedeutsam ist. Die gro\u00dfe Zahl an neuzugewanderten Familien mit jungen Kindern stellt die Grundschulen jedoch aktuell vor gro\u00dfe Herausforderungen. Ziele dieses Projekts sind Ansatzpunkte zu identifizieren, welche die schulische Integration von&hellip;&nbsp;<a href=\"https:\/\/cfr-psy.ruhr-uni-bochum.de\/en\/sign\/\" class=\"\" rel=\"bookmark\">Read More &raquo;<span class=\"screen-reader-text\">SIGN<\/span><\/a><\/p>","protected":false},"author":2,"featured_media":0,"parent":0,"menu_order":0,"comment_status":"closed","ping_status":"closed","template":"page-templates\/template-pagebuilder-full-width.php","meta":{"kia_subtitle":"","neve_meta_sidebar":"full-width","neve_meta_container":"","neve_meta_enable_content_width":"on","neve_meta_content_width":100,"neve_meta_title_alignment":"","neve_meta_author_avatar":"","neve_post_elements_order":"","neve_meta_disable_header":"","neve_meta_disable_footer":"","neve_meta_disable_title":"","footnotes":""},"class_list":["post-334","page","type-page","status-publish","hentry"],"yoast_head":"<!-- This site is optimized with the Yoast SEO plugin v27.3 - https:\/\/yoast.com\/product\/yoast-seo-wordpress\/ -->\n<title>SIGN - Child and Family Research<\/title>\n<meta name=\"robots\" content=\"index, follow, max-snippet:-1, max-image-preview:large, max-video-preview:-1\" \/>\n<link rel=\"canonical\" href=\"https:\/\/cfr-psy.ruhr-uni-bochum.de\/en\/sign\/\" \/>\n<meta property=\"og:locale\" content=\"en_GB\" \/>\n<meta property=\"og:type\" content=\"article\" \/>\n<meta property=\"og:title\" content=\"SIGN - Child and Family Research\" \/>\n<meta property=\"og:description\" content=\"SIGN: Schulische Integration neu zugewanderter Kinder: Eine \u00f6kologische Mehrebenenanalyse Fr\u00fchere Forschung hat wiederholt belegen k\u00f6nnen, dass die Grundschulzeit f\u00fcr erfolgreiche Bildungsverl\u00e4ufe von Kindern sehr bedeutsam ist. Die gro\u00dfe Zahl an neuzugewanderten Familien mit jungen Kindern stellt die Grundschulen jedoch aktuell vor gro\u00dfe Herausforderungen. Ziele dieses Projekts sind Ansatzpunkte zu identifizieren, welche die schulische Integration von&hellip;&nbsp;Read More &raquo;SIGN\" \/>\n<meta property=\"og:url\" content=\"https:\/\/cfr-psy.ruhr-uni-bochum.de\/en\/sign\/\" \/>\n<meta property=\"og:site_name\" content=\"Child and Family Research\" \/>\n<meta property=\"article:modified_time\" content=\"2022-07-11T13:07:30+00:00\" \/>\n<meta property=\"og:image\" content=\"https:\/\/cfr-psy.ruhr-uni-bochum.de\/wp-content\/uploads\/2020\/11\/SIGN-Logo.jpg\" \/>\n<meta name=\"twitter:card\" content=\"summary_large_image\" \/>\n<meta name=\"twitter:label1\" content=\"Estimated reading time\" \/>\n\t<meta name=\"twitter:data1\" content=\"2 minutes\" \/>\n<script type=\"application\/ld+json\" class=\"yoast-schema-graph\">{\"@context\":\"https:\\\/\\\/schema.org\",\"@graph\":[{\"@type\":\"WebPage\",\"@id\":\"https:\\\/\\\/cfr-psy.ruhr-uni-bochum.de\\\/sign\\\/\",\"url\":\"https:\\\/\\\/cfr-psy.ruhr-uni-bochum.de\\\/sign\\\/\",\"name\":\"SIGN - Child and Family Research\",\"isPartOf\":{\"@id\":\"https:\\\/\\\/cfr-psy.ruhr-uni-bochum.de\\\/#website\"},\"primaryImageOfPage\":{\"@id\":\"https:\\\/\\\/cfr-psy.ruhr-uni-bochum.de\\\/sign\\\/#primaryimage\"},\"image\":{\"@id\":\"https:\\\/\\\/cfr-psy.ruhr-uni-bochum.de\\\/sign\\\/#primaryimage\"},\"thumbnailUrl\":\"https:\\\/\\\/cfr-psy.ruhr-uni-bochum.de\\\/wp-content\\\/uploads\\\/2020\\\/11\\\/SIGN-Logo.jpg\",\"datePublished\":\"2020-11-09T22:20:43+00:00\",\"dateModified\":\"2022-07-11T13:07:30+00:00\",\"breadcrumb\":{\"@id\":\"https:\\\/\\\/cfr-psy.ruhr-uni-bochum.de\\\/sign\\\/#breadcrumb\"},\"inLanguage\":\"en-GB\",\"potentialAction\":[{\"@type\":\"ReadAction\",\"target\":[\"https:\\\/\\\/cfr-psy.ruhr-uni-bochum.de\\\/sign\\\/\"]}]},{\"@type\":\"ImageObject\",\"inLanguage\":\"en-GB\",\"@id\":\"https:\\\/\\\/cfr-psy.ruhr-uni-bochum.de\\\/sign\\\/#primaryimage\",\"url\":\"https:\\\/\\\/cfr-psy.ruhr-uni-bochum.de\\\/wp-content\\\/uploads\\\/2020\\\/11\\\/SIGN-Logo.jpg\",\"contentUrl\":\"https:\\\/\\\/cfr-psy.ruhr-uni-bochum.de\\\/wp-content\\\/uploads\\\/2020\\\/11\\\/SIGN-Logo.jpg\"},{\"@type\":\"BreadcrumbList\",\"@id\":\"https:\\\/\\\/cfr-psy.ruhr-uni-bochum.de\\\/sign\\\/#breadcrumb\",\"itemListElement\":[{\"@type\":\"ListItem\",\"position\":1,\"name\":\"Startseite\",\"item\":\"https:\\\/\\\/cfr-psy.ruhr-uni-bochum.de\\\/\"},{\"@type\":\"ListItem\",\"position\":2,\"name\":\"SIGN\"}]},{\"@type\":\"WebSite\",\"@id\":\"https:\\\/\\\/cfr-psy.ruhr-uni-bochum.de\\\/#website\",\"url\":\"https:\\\/\\\/cfr-psy.ruhr-uni-bochum.de\\\/\",\"name\":\"Child and Family Research\",\"description\":\"Arbeitsgruppe an der Fakult\u00e4t f\u00fcr Psychologie\",\"publisher\":{\"@id\":\"https:\\\/\\\/cfr-psy.ruhr-uni-bochum.de\\\/#organization\"},\"potentialAction\":[{\"@type\":\"SearchAction\",\"target\":{\"@type\":\"EntryPoint\",\"urlTemplate\":\"https:\\\/\\\/cfr-psy.ruhr-uni-bochum.de\\\/?s={search_term_string}\"},\"query-input\":{\"@type\":\"PropertyValueSpecification\",\"valueRequired\":true,\"valueName\":\"search_term_string\"}}],\"inLanguage\":\"en-GB\"},{\"@type\":\"Organization\",\"@id\":\"https:\\\/\\\/cfr-psy.ruhr-uni-bochum.de\\\/#organization\",\"name\":\"Child and Family Research\",\"url\":\"https:\\\/\\\/cfr-psy.ruhr-uni-bochum.de\\\/\",\"logo\":{\"@type\":\"ImageObject\",\"inLanguage\":\"en-GB\",\"@id\":\"https:\\\/\\\/cfr-psy.ruhr-uni-bochum.de\\\/#\\\/schema\\\/logo\\\/image\\\/\",\"url\":\"https:\\\/\\\/cfr-psy.ruhr-uni-bochum.de\\\/wp-content\\\/uploads\\\/2020\\\/10\\\/cropped-LOGO_CFR__kurz_bunt.png\",\"contentUrl\":\"https:\\\/\\\/cfr-psy.ruhr-uni-bochum.de\\\/wp-content\\\/uploads\\\/2020\\\/10\\\/cropped-LOGO_CFR__kurz_bunt.png\",\"width\":640,\"height\":257,\"caption\":\"Child and Family Research\"},\"image\":{\"@id\":\"https:\\\/\\\/cfr-psy.ruhr-uni-bochum.de\\\/#\\\/schema\\\/logo\\\/image\\\/\"}}]}<\/script>\n<!-- \/ Yoast SEO plugin. -->","yoast_head_json":{"title":"SIGN - Child and Family Research","robots":{"index":"index","follow":"follow","max-snippet":"max-snippet:-1","max-image-preview":"max-image-preview:large","max-video-preview":"max-video-preview:-1"},"canonical":"https:\/\/cfr-psy.ruhr-uni-bochum.de\/en\/sign\/","og_locale":"en_GB","og_type":"article","og_title":"SIGN - Child and Family Research","og_description":"SIGN: Schulische Integration neu zugewanderter Kinder: Eine \u00f6kologische Mehrebenenanalyse Fr\u00fchere Forschung hat wiederholt belegen k\u00f6nnen, dass die Grundschulzeit f\u00fcr erfolgreiche Bildungsverl\u00e4ufe von Kindern sehr bedeutsam ist. Die gro\u00dfe Zahl an neuzugewanderten Familien mit jungen Kindern stellt die Grundschulen jedoch aktuell vor gro\u00dfe Herausforderungen. Ziele dieses Projekts sind Ansatzpunkte zu identifizieren, welche die schulische Integration von&hellip;&nbsp;Read More &raquo;SIGN","og_url":"https:\/\/cfr-psy.ruhr-uni-bochum.de\/en\/sign\/","og_site_name":"Child and Family Research","article_modified_time":"2022-07-11T13:07:30+00:00","og_image":[{"url":"https:\/\/cfr-psy.ruhr-uni-bochum.de\/wp-content\/uploads\/2020\/11\/SIGN-Logo.jpg","type":"","width":"","height":""}],"twitter_card":"summary_large_image","twitter_misc":{"Estimated reading time":"2 minutes"},"schema":{"@context":"https:\/\/schema.org","@graph":[{"@type":"WebPage","@id":"https:\/\/cfr-psy.ruhr-uni-bochum.de\/sign\/","url":"https:\/\/cfr-psy.ruhr-uni-bochum.de\/sign\/","name":"SIGN - Child and Family Research","isPartOf":{"@id":"https:\/\/cfr-psy.ruhr-uni-bochum.de\/#website"},"primaryImageOfPage":{"@id":"https:\/\/cfr-psy.ruhr-uni-bochum.de\/sign\/#primaryimage"},"image":{"@id":"https:\/\/cfr-psy.ruhr-uni-bochum.de\/sign\/#primaryimage"},"thumbnailUrl":"https:\/\/cfr-psy.ruhr-uni-bochum.de\/wp-content\/uploads\/2020\/11\/SIGN-Logo.jpg","datePublished":"2020-11-09T22:20:43+00:00","dateModified":"2022-07-11T13:07:30+00:00","breadcrumb":{"@id":"https:\/\/cfr-psy.ruhr-uni-bochum.de\/sign\/#breadcrumb"},"inLanguage":"en-GB","potentialAction":[{"@type":"ReadAction","target":["https:\/\/cfr-psy.ruhr-uni-bochum.de\/sign\/"]}]},{"@type":"ImageObject","inLanguage":"en-GB","@id":"https:\/\/cfr-psy.ruhr-uni-bochum.de\/sign\/#primaryimage","url":"https:\/\/cfr-psy.ruhr-uni-bochum.de\/wp-content\/uploads\/2020\/11\/SIGN-Logo.jpg","contentUrl":"https:\/\/cfr-psy.ruhr-uni-bochum.de\/wp-content\/uploads\/2020\/11\/SIGN-Logo.jpg"},{"@type":"BreadcrumbList","@id":"https:\/\/cfr-psy.ruhr-uni-bochum.de\/sign\/#breadcrumb","itemListElement":[{"@type":"ListItem","position":1,"name":"Startseite","item":"https:\/\/cfr-psy.ruhr-uni-bochum.de\/"},{"@type":"ListItem","position":2,"name":"SIGN"}]},{"@type":"WebSite","@id":"https:\/\/cfr-psy.ruhr-uni-bochum.de\/#website","url":"https:\/\/cfr-psy.ruhr-uni-bochum.de\/","name":"Child and Family Research","description":"Research group within the Faculty of Psychology","publisher":{"@id":"https:\/\/cfr-psy.ruhr-uni-bochum.de\/#organization"},"potentialAction":[{"@type":"SearchAction","target":{"@type":"EntryPoint","urlTemplate":"https:\/\/cfr-psy.ruhr-uni-bochum.de\/?s={search_term_string}"},"query-input":{"@type":"PropertyValueSpecification","valueRequired":true,"valueName":"search_term_string"}}],"inLanguage":"en-GB"},{"@type":"Organization","@id":"https:\/\/cfr-psy.ruhr-uni-bochum.de\/#organization","name":"Child and Family Research","url":"https:\/\/cfr-psy.ruhr-uni-bochum.de\/","logo":{"@type":"ImageObject","inLanguage":"en-GB","@id":"https:\/\/cfr-psy.ruhr-uni-bochum.de\/#\/schema\/logo\/image\/","url":"https:\/\/cfr-psy.ruhr-uni-bochum.de\/wp-content\/uploads\/2020\/10\/cropped-LOGO_CFR__kurz_bunt.png","contentUrl":"https:\/\/cfr-psy.ruhr-uni-bochum.de\/wp-content\/uploads\/2020\/10\/cropped-LOGO_CFR__kurz_bunt.png","width":640,"height":257,"caption":"Child and Family Research"},"image":{"@id":"https:\/\/cfr-psy.ruhr-uni-bochum.de\/#\/schema\/logo\/image\/"}}]}},"_links":{"self":[{"href":"https:\/\/cfr-psy.ruhr-uni-bochum.de\/en\/wp-json\/wp\/v2\/pages\/334","targetHints":{"allow":["GET"]}}],"collection":[{"href":"https:\/\/cfr-psy.ruhr-uni-bochum.de\/en\/wp-json\/wp\/v2\/pages"}],"about":[{"href":"https:\/\/cfr-psy.ruhr-uni-bochum.de\/en\/wp-json\/wp\/v2\/types\/page"}],"author":[{"embeddable":true,"href":"https:\/\/cfr-psy.ruhr-uni-bochum.de\/en\/wp-json\/wp\/v2\/users\/2"}],"replies":[{"embeddable":true,"href":"https:\/\/cfr-psy.ruhr-uni-bochum.de\/en\/wp-json\/wp\/v2\/comments?post=334"}],"version-history":[{"count":14,"href":"https:\/\/cfr-psy.ruhr-uni-bochum.de\/en\/wp-json\/wp\/v2\/pages\/334\/revisions"}],"predecessor-version":[{"id":1528,"href":"https:\/\/cfr-psy.ruhr-uni-bochum.de\/en\/wp-json\/wp\/v2\/pages\/334\/revisions\/1528"}],"wp:attachment":[{"href":"https:\/\/cfr-psy.ruhr-uni-bochum.de\/en\/wp-json\/wp\/v2\/media?parent=334"}],"curies":[{"name":"wp","href":"https:\/\/api.w.org\/{rel}","templated":true}]}}