{"id":354,"date":"2020-11-10T13:36:41","date_gmt":"2020-11-10T12:36:41","guid":{"rendered":"https:\/\/cfr-psy.ruhr-uni-bochum.de\/?page_id=354"},"modified":"2021-02-03T17:36:57","modified_gmt":"2021-02-03T16:36:57","slug":"gender","status":"publish","type":"page","link":"https:\/\/cfr-psy.ruhr-uni-bochum.de\/en\/gender\/","title":{"rendered":"Gender"},"content":{"rendered":"<div data-elementor-type=\"wp-page\" data-elementor-id=\"354\" class=\"elementor elementor-354\">\n\t\t\t\t\t\t<section class=\"elementor-section elementor-top-section elementor-element elementor-element-d581e2f elementor-section-boxed elementor-section-height-default elementor-section-height-default\" data-id=\"d581e2f\" data-element_type=\"section\" data-e-type=\"section\">\n\t\t\t\t\t\t<div class=\"elementor-container elementor-column-gap-default\">\n\t\t\t\t\t<div class=\"elementor-column elementor-col-50 elementor-top-column elementor-element elementor-element-8f8eab4\" data-id=\"8f8eab4\" data-element_type=\"column\" data-e-type=\"column\">\n\t\t\t<div class=\"elementor-widget-wrap elementor-element-populated\">\n\t\t\t\t\t\t<div class=\"elementor-element elementor-element-bd694ae elementor-widget elementor-widget-image\" data-id=\"bd694ae\" data-element_type=\"widget\" data-e-type=\"widget\" data-widget_type=\"image.default\">\n\t\t\t\t<div class=\"elementor-widget-container\">\n\t\t\t\t\t\t\t\t\t\t\t\t\t\t\t<img fetchpriority=\"high\" decoding=\"async\" width=\"1024\" height=\"1018\" src=\"https:\/\/cfr-psy.ruhr-uni-bochum.de\/wp-content\/uploads\/2020\/11\/CMYK_Logo_gross_GENDER-LGBTIQ_transparenterHintergrund-1024x1018.png\" class=\"attachment-large size-large wp-image-351\" alt=\"\" srcset=\"https:\/\/cfr-psy.ruhr-uni-bochum.de\/wp-content\/uploads\/2020\/11\/CMYK_Logo_gross_GENDER-LGBTIQ_transparenterHintergrund-1024x1018.png 1024w, https:\/\/cfr-psy.ruhr-uni-bochum.de\/wp-content\/uploads\/2020\/11\/CMYK_Logo_gross_GENDER-LGBTIQ_transparenterHintergrund-300x298.png 300w, https:\/\/cfr-psy.ruhr-uni-bochum.de\/wp-content\/uploads\/2020\/11\/CMYK_Logo_gross_GENDER-LGBTIQ_transparenterHintergrund-150x150.png 150w, https:\/\/cfr-psy.ruhr-uni-bochum.de\/wp-content\/uploads\/2020\/11\/CMYK_Logo_gross_GENDER-LGBTIQ_transparenterHintergrund-768x764.png 768w, https:\/\/cfr-psy.ruhr-uni-bochum.de\/wp-content\/uploads\/2020\/11\/CMYK_Logo_gross_GENDER-LGBTIQ_transparenterHintergrund-1536x1527.png 1536w, https:\/\/cfr-psy.ruhr-uni-bochum.de\/wp-content\/uploads\/2020\/11\/CMYK_Logo_gross_GENDER-LGBTIQ_transparenterHintergrund-2048x2037.png 2048w\" sizes=\"(max-width: 1024px) 100vw, 1024px\" \/>\t\t\t\t\t\t\t\t\t\t\t\t\t\t\t<\/div>\n\t\t\t\t<\/div>\n\t\t\t\t\t<\/div>\n\t\t<\/div>\n\t\t\t\t<div class=\"elementor-column elementor-col-50 elementor-top-column elementor-element elementor-element-6ea9939\" data-id=\"6ea9939\" data-element_type=\"column\" data-e-type=\"column\">\n\t\t\t<div class=\"elementor-widget-wrap elementor-element-populated\">\n\t\t\t\t\t\t<div class=\"elementor-element elementor-element-7c846b7 elementor-widget elementor-widget-text-editor\" data-id=\"7c846b7\" data-element_type=\"widget\" data-e-type=\"widget\" data-widget_type=\"text-editor.default\">\n\t\t\t\t<div class=\"elementor-widget-container\">\n\t\t\t\t\t\t\t\t\t<h4><span lang=\"EN-US\" style=\"color: #000000;\">Gender, Equality, Needs \u2013 Diversity Efforts at Ruhr University for LGBTIQ*-Students<\/span><\/h4><p><span style=\"color: #000000;\">Auf Basis von Bev\u00f6lkerungssch\u00e4tzungen des Lesben- und Schwulenverband Deutschland k\u00f6nnen wir davon ausgehen, dass mehr als 3.000 Mitglieder der LSBTIQ*-Gemeinschaft (lesbisch, schwul, bisexuell, transident, intersexuell, queer) an der Ruhr-Universit\u00e4t Bochum (RUB) studieren. Im Jahr 2013 unterzeichnete die RUB die \u201eCharta der Vielfalt\u201c, die neben der Gleichstellung von biologischen Geschlechtern auch die Wertsch\u00e4tzung von Mitmenschen unabh\u00e4ngig ihrer sexuellen Orientierung und Identit\u00e4t fordert. Das Projekt GENDER \u2013 LGBTIQ* st\u00e4rkt das Bekenntnis der Ruhr Universit\u00e4t zu gesellschaftlicher Vielfalt. Im Rahmen des Lore Agnes Programms f\u00fcr Gleichstellung werden die Situation, besonderen Bedarfe und psychosoziale Belastungen von Studierenden der LSBTIQ*-Gemeinschaft an der Ruhr-Universit\u00e4t untersucht. Weiterf\u00fchrend werden allgemeine und spezifische Anlaufstellen an der Ruhr-Universit\u00e4t zum Thema befragt. Aus den erhaltenen Informationen werden Ma\u00dfnahmen abgeleitet, die zum Empowerment von LSBTIQ**-Studierenden beitragen. Das Projekt GENDER \u2013 LGBTIQ* f\u00f6rdert damit die Identifikation der LSBTIQ*-Studierenden mit der eigenen Hochschule und sendet ein Signal f\u00fcr Toleranz und Offenheit in die Gesellschaft.<\/span><\/p><p><span style=\"text-decoration: underline; color: #000000;\">Mitarbeiter*innen:<\/span><\/p><p><span style=\"color: #000000;\">Jasmine Golembe, M.Sc.<\/span><br \/><span style=\"color: #000000;\">Niklas Wessendorf, M.Sc.<\/span><br \/><span style=\"color: #000000;\">Milena Babinski, M.Sc.<\/span><\/p><p><span style=\"color: #000000;\">Publikationen sind in Vorbereitung.<\/span><\/p>\t\t\t\t\t\t\t\t<\/div>\n\t\t\t\t<\/div>\n\t\t\t\t\t<\/div>\n\t\t<\/div>\n\t\t\t\t\t<\/div>\n\t\t<\/section>\n\t\t\t\t<\/div>","protected":false},"excerpt":{"rendered":"<p>Gender, Equality, Needs \u2013 Diversity Efforts at Ruhr University for LGBTIQ*-Students Auf Basis von Bev\u00f6lkerungssch\u00e4tzungen des Lesben- und Schwulenverband Deutschland k\u00f6nnen wir davon ausgehen, dass mehr als 3.000 Mitglieder der LSBTIQ*-Gemeinschaft (lesbisch, schwul, bisexuell, transident, intersexuell, queer) an der Ruhr-Universit\u00e4t Bochum (RUB) studieren. Im Jahr 2013 unterzeichnete die RUB die \u201eCharta der Vielfalt\u201c, die neben&hellip;&nbsp;<a href=\"https:\/\/cfr-psy.ruhr-uni-bochum.de\/en\/gender\/\" class=\"\" rel=\"bookmark\">Read More &raquo;<span class=\"screen-reader-text\">Gender<\/span><\/a><\/p>","protected":false},"author":2,"featured_media":0,"parent":0,"menu_order":0,"comment_status":"closed","ping_status":"closed","template":"page-templates\/template-pagebuilder-full-width.php","meta":{"kia_subtitle":"","neve_meta_sidebar":"full-width","neve_meta_container":"","neve_meta_enable_content_width":"on","neve_meta_content_width":100,"neve_meta_title_alignment":"","neve_meta_author_avatar":"","neve_post_elements_order":"","neve_meta_disable_header":"","neve_meta_disable_footer":"","neve_meta_disable_title":"","footnotes":""},"class_list":["post-354","page","type-page","status-publish","hentry"],"yoast_head":"<!-- This site is optimized with the Yoast SEO plugin v27.3 - https:\/\/yoast.com\/product\/yoast-seo-wordpress\/ -->\n<title>Gender - Child and Family Research<\/title>\n<meta name=\"robots\" content=\"index, follow, max-snippet:-1, max-image-preview:large, max-video-preview:-1\" \/>\n<link rel=\"canonical\" href=\"https:\/\/cfr-psy.ruhr-uni-bochum.de\/en\/gender\/\" \/>\n<meta property=\"og:locale\" content=\"en_GB\" \/>\n<meta property=\"og:type\" content=\"article\" \/>\n<meta property=\"og:title\" content=\"Gender - Child and Family Research\" \/>\n<meta property=\"og:description\" content=\"Gender, Equality, Needs \u2013 Diversity Efforts at Ruhr University for LGBTIQ*-Students Auf Basis von Bev\u00f6lkerungssch\u00e4tzungen des Lesben- und Schwulenverband Deutschland k\u00f6nnen wir davon ausgehen, dass mehr als 3.000 Mitglieder der LSBTIQ*-Gemeinschaft (lesbisch, schwul, bisexuell, transident, intersexuell, queer) an der Ruhr-Universit\u00e4t Bochum (RUB) studieren. Im Jahr 2013 unterzeichnete die RUB die \u201eCharta der Vielfalt\u201c, die neben&hellip;&nbsp;Read More &raquo;Gender\" \/>\n<meta property=\"og:url\" content=\"https:\/\/cfr-psy.ruhr-uni-bochum.de\/en\/gender\/\" \/>\n<meta property=\"og:site_name\" content=\"Child and Family Research\" \/>\n<meta property=\"article:modified_time\" content=\"2021-02-03T16:36:57+00:00\" \/>\n<meta property=\"og:image\" content=\"https:\/\/cfr-psy.ruhr-uni-bochum.de\/wp-content\/uploads\/2020\/11\/CMYK_Logo_gross_GENDER-LGBTIQ_transparenterHintergrund-1024x1018.png\" \/>\n<meta name=\"twitter:card\" content=\"summary_large_image\" \/>\n<meta name=\"twitter:label1\" content=\"Estimated reading time\" \/>\n\t<meta name=\"twitter:data1\" content=\"1 minute\" \/>\n<script type=\"application\/ld+json\" class=\"yoast-schema-graph\">{\"@context\":\"https:\\\/\\\/schema.org\",\"@graph\":[{\"@type\":\"WebPage\",\"@id\":\"https:\\\/\\\/cfr-psy.ruhr-uni-bochum.de\\\/gender\\\/\",\"url\":\"https:\\\/\\\/cfr-psy.ruhr-uni-bochum.de\\\/gender\\\/\",\"name\":\"Gender - Child and Family Research\",\"isPartOf\":{\"@id\":\"https:\\\/\\\/cfr-psy.ruhr-uni-bochum.de\\\/#website\"},\"primaryImageOfPage\":{\"@id\":\"https:\\\/\\\/cfr-psy.ruhr-uni-bochum.de\\\/gender\\\/#primaryimage\"},\"image\":{\"@id\":\"https:\\\/\\\/cfr-psy.ruhr-uni-bochum.de\\\/gender\\\/#primaryimage\"},\"thumbnailUrl\":\"https:\\\/\\\/cfr-psy.ruhr-uni-bochum.de\\\/wp-content\\\/uploads\\\/2020\\\/11\\\/CMYK_Logo_gross_GENDER-LGBTIQ_transparenterHintergrund-1024x1018.png\",\"datePublished\":\"2020-11-10T12:36:41+00:00\",\"dateModified\":\"2021-02-03T16:36:57+00:00\",\"breadcrumb\":{\"@id\":\"https:\\\/\\\/cfr-psy.ruhr-uni-bochum.de\\\/gender\\\/#breadcrumb\"},\"inLanguage\":\"en-GB\",\"potentialAction\":[{\"@type\":\"ReadAction\",\"target\":[\"https:\\\/\\\/cfr-psy.ruhr-uni-bochum.de\\\/gender\\\/\"]}]},{\"@type\":\"ImageObject\",\"inLanguage\":\"en-GB\",\"@id\":\"https:\\\/\\\/cfr-psy.ruhr-uni-bochum.de\\\/gender\\\/#primaryimage\",\"url\":\"https:\\\/\\\/cfr-psy.ruhr-uni-bochum.de\\\/wp-content\\\/uploads\\\/2020\\\/11\\\/CMYK_Logo_gross_GENDER-LGBTIQ_transparenterHintergrund-1024x1018.png\",\"contentUrl\":\"https:\\\/\\\/cfr-psy.ruhr-uni-bochum.de\\\/wp-content\\\/uploads\\\/2020\\\/11\\\/CMYK_Logo_gross_GENDER-LGBTIQ_transparenterHintergrund-1024x1018.png\"},{\"@type\":\"BreadcrumbList\",\"@id\":\"https:\\\/\\\/cfr-psy.ruhr-uni-bochum.de\\\/gender\\\/#breadcrumb\",\"itemListElement\":[{\"@type\":\"ListItem\",\"position\":1,\"name\":\"Startseite\",\"item\":\"https:\\\/\\\/cfr-psy.ruhr-uni-bochum.de\\\/\"},{\"@type\":\"ListItem\",\"position\":2,\"name\":\"Gender\"}]},{\"@type\":\"WebSite\",\"@id\":\"https:\\\/\\\/cfr-psy.ruhr-uni-bochum.de\\\/#website\",\"url\":\"https:\\\/\\\/cfr-psy.ruhr-uni-bochum.de\\\/\",\"name\":\"Child and Family Research\",\"description\":\"Arbeitsgruppe an der Fakult\u00e4t f\u00fcr Psychologie\",\"publisher\":{\"@id\":\"https:\\\/\\\/cfr-psy.ruhr-uni-bochum.de\\\/#organization\"},\"potentialAction\":[{\"@type\":\"SearchAction\",\"target\":{\"@type\":\"EntryPoint\",\"urlTemplate\":\"https:\\\/\\\/cfr-psy.ruhr-uni-bochum.de\\\/?s={search_term_string}\"},\"query-input\":{\"@type\":\"PropertyValueSpecification\",\"valueRequired\":true,\"valueName\":\"search_term_string\"}}],\"inLanguage\":\"en-GB\"},{\"@type\":\"Organization\",\"@id\":\"https:\\\/\\\/cfr-psy.ruhr-uni-bochum.de\\\/#organization\",\"name\":\"Child and Family Research\",\"url\":\"https:\\\/\\\/cfr-psy.ruhr-uni-bochum.de\\\/\",\"logo\":{\"@type\":\"ImageObject\",\"inLanguage\":\"en-GB\",\"@id\":\"https:\\\/\\\/cfr-psy.ruhr-uni-bochum.de\\\/#\\\/schema\\\/logo\\\/image\\\/\",\"url\":\"https:\\\/\\\/cfr-psy.ruhr-uni-bochum.de\\\/wp-content\\\/uploads\\\/2020\\\/10\\\/cropped-LOGO_CFR__kurz_bunt.png\",\"contentUrl\":\"https:\\\/\\\/cfr-psy.ruhr-uni-bochum.de\\\/wp-content\\\/uploads\\\/2020\\\/10\\\/cropped-LOGO_CFR__kurz_bunt.png\",\"width\":640,\"height\":257,\"caption\":\"Child and Family Research\"},\"image\":{\"@id\":\"https:\\\/\\\/cfr-psy.ruhr-uni-bochum.de\\\/#\\\/schema\\\/logo\\\/image\\\/\"}}]}<\/script>\n<!-- \/ Yoast SEO plugin. -->","yoast_head_json":{"title":"Gender - Child and Family Research","robots":{"index":"index","follow":"follow","max-snippet":"max-snippet:-1","max-image-preview":"max-image-preview:large","max-video-preview":"max-video-preview:-1"},"canonical":"https:\/\/cfr-psy.ruhr-uni-bochum.de\/en\/gender\/","og_locale":"en_GB","og_type":"article","og_title":"Gender - Child and Family Research","og_description":"Gender, Equality, Needs \u2013 Diversity Efforts at Ruhr University for LGBTIQ*-Students Auf Basis von Bev\u00f6lkerungssch\u00e4tzungen des Lesben- und Schwulenverband Deutschland k\u00f6nnen wir davon ausgehen, dass mehr als 3.000 Mitglieder der LSBTIQ*-Gemeinschaft (lesbisch, schwul, bisexuell, transident, intersexuell, queer) an der Ruhr-Universit\u00e4t Bochum (RUB) studieren. Im Jahr 2013 unterzeichnete die RUB die \u201eCharta der Vielfalt\u201c, die neben&hellip;&nbsp;Read More &raquo;Gender","og_url":"https:\/\/cfr-psy.ruhr-uni-bochum.de\/en\/gender\/","og_site_name":"Child and Family Research","article_modified_time":"2021-02-03T16:36:57+00:00","og_image":[{"url":"https:\/\/cfr-psy.ruhr-uni-bochum.de\/wp-content\/uploads\/2020\/11\/CMYK_Logo_gross_GENDER-LGBTIQ_transparenterHintergrund-1024x1018.png","type":"","width":"","height":""}],"twitter_card":"summary_large_image","twitter_misc":{"Estimated reading time":"1 minute"},"schema":{"@context":"https:\/\/schema.org","@graph":[{"@type":"WebPage","@id":"https:\/\/cfr-psy.ruhr-uni-bochum.de\/gender\/","url":"https:\/\/cfr-psy.ruhr-uni-bochum.de\/gender\/","name":"Gender - Child and Family Research","isPartOf":{"@id":"https:\/\/cfr-psy.ruhr-uni-bochum.de\/#website"},"primaryImageOfPage":{"@id":"https:\/\/cfr-psy.ruhr-uni-bochum.de\/gender\/#primaryimage"},"image":{"@id":"https:\/\/cfr-psy.ruhr-uni-bochum.de\/gender\/#primaryimage"},"thumbnailUrl":"https:\/\/cfr-psy.ruhr-uni-bochum.de\/wp-content\/uploads\/2020\/11\/CMYK_Logo_gross_GENDER-LGBTIQ_transparenterHintergrund-1024x1018.png","datePublished":"2020-11-10T12:36:41+00:00","dateModified":"2021-02-03T16:36:57+00:00","breadcrumb":{"@id":"https:\/\/cfr-psy.ruhr-uni-bochum.de\/gender\/#breadcrumb"},"inLanguage":"en-GB","potentialAction":[{"@type":"ReadAction","target":["https:\/\/cfr-psy.ruhr-uni-bochum.de\/gender\/"]}]},{"@type":"ImageObject","inLanguage":"en-GB","@id":"https:\/\/cfr-psy.ruhr-uni-bochum.de\/gender\/#primaryimage","url":"https:\/\/cfr-psy.ruhr-uni-bochum.de\/wp-content\/uploads\/2020\/11\/CMYK_Logo_gross_GENDER-LGBTIQ_transparenterHintergrund-1024x1018.png","contentUrl":"https:\/\/cfr-psy.ruhr-uni-bochum.de\/wp-content\/uploads\/2020\/11\/CMYK_Logo_gross_GENDER-LGBTIQ_transparenterHintergrund-1024x1018.png"},{"@type":"BreadcrumbList","@id":"https:\/\/cfr-psy.ruhr-uni-bochum.de\/gender\/#breadcrumb","itemListElement":[{"@type":"ListItem","position":1,"name":"Startseite","item":"https:\/\/cfr-psy.ruhr-uni-bochum.de\/"},{"@type":"ListItem","position":2,"name":"Gender"}]},{"@type":"WebSite","@id":"https:\/\/cfr-psy.ruhr-uni-bochum.de\/#website","url":"https:\/\/cfr-psy.ruhr-uni-bochum.de\/","name":"Child and Family Research","description":"Research group within the Faculty of Psychology","publisher":{"@id":"https:\/\/cfr-psy.ruhr-uni-bochum.de\/#organization"},"potentialAction":[{"@type":"SearchAction","target":{"@type":"EntryPoint","urlTemplate":"https:\/\/cfr-psy.ruhr-uni-bochum.de\/?s={search_term_string}"},"query-input":{"@type":"PropertyValueSpecification","valueRequired":true,"valueName":"search_term_string"}}],"inLanguage":"en-GB"},{"@type":"Organization","@id":"https:\/\/cfr-psy.ruhr-uni-bochum.de\/#organization","name":"Child and Family Research","url":"https:\/\/cfr-psy.ruhr-uni-bochum.de\/","logo":{"@type":"ImageObject","inLanguage":"en-GB","@id":"https:\/\/cfr-psy.ruhr-uni-bochum.de\/#\/schema\/logo\/image\/","url":"https:\/\/cfr-psy.ruhr-uni-bochum.de\/wp-content\/uploads\/2020\/10\/cropped-LOGO_CFR__kurz_bunt.png","contentUrl":"https:\/\/cfr-psy.ruhr-uni-bochum.de\/wp-content\/uploads\/2020\/10\/cropped-LOGO_CFR__kurz_bunt.png","width":640,"height":257,"caption":"Child and Family Research"},"image":{"@id":"https:\/\/cfr-psy.ruhr-uni-bochum.de\/#\/schema\/logo\/image\/"}}]}},"_links":{"self":[{"href":"https:\/\/cfr-psy.ruhr-uni-bochum.de\/en\/wp-json\/wp\/v2\/pages\/354","targetHints":{"allow":["GET"]}}],"collection":[{"href":"https:\/\/cfr-psy.ruhr-uni-bochum.de\/en\/wp-json\/wp\/v2\/pages"}],"about":[{"href":"https:\/\/cfr-psy.ruhr-uni-bochum.de\/en\/wp-json\/wp\/v2\/types\/page"}],"author":[{"embeddable":true,"href":"https:\/\/cfr-psy.ruhr-uni-bochum.de\/en\/wp-json\/wp\/v2\/users\/2"}],"replies":[{"embeddable":true,"href":"https:\/\/cfr-psy.ruhr-uni-bochum.de\/en\/wp-json\/wp\/v2\/comments?post=354"}],"version-history":[{"count":8,"href":"https:\/\/cfr-psy.ruhr-uni-bochum.de\/en\/wp-json\/wp\/v2\/pages\/354\/revisions"}],"predecessor-version":[{"id":919,"href":"https:\/\/cfr-psy.ruhr-uni-bochum.de\/en\/wp-json\/wp\/v2\/pages\/354\/revisions\/919"}],"wp:attachment":[{"href":"https:\/\/cfr-psy.ruhr-uni-bochum.de\/en\/wp-json\/wp\/v2\/media?parent=354"}],"curies":[{"name":"wp","href":"https:\/\/api.w.org\/{rel}","templated":true}]}}